{"id":10636,"date":"2022-08-21T16:44:04","date_gmt":"2022-08-21T14:44:04","guid":{"rendered":"https:\/\/www.poesiegalerie.at\/wordpress\/?page_id=10636"},"modified":"2022-11-29T10:28:58","modified_gmt":"2022-11-29T09:28:58","slug":"oppitz-ines","status":"publish","type":"page","link":"https:\/\/www.poesiegalerie.at\/wordpress\/autor%e2%80%91innen\/oppitz-ines\/","title":{"rendered":"Oppitz Ines"},"content":{"rendered":"<section class=\"wpb-content-wrapper\">[vc_row][vc_column width=&#8220;2\/3&#8243;][vc_column_text css=&#8220;.vc_custom_1591810821563{margin-bottom: 10px !important;}&#8220;]\n<h4>Biografie<\/h4>\n[\/vc_column_text][vc_column_text]Ausbildung zur Pflichtschullehrerin an der P\u00c4DAK Linz. Studium der Neueren Deutschen Literaturwissenschaft, Philosophie und Psychologie an der Fernuni Hagen\/Westfalen (1993 bis 1996), 1996 bis 2000 Ausbildung zur Literaturp\u00e4dagogin in Wien. Arbeit in der Literaturvermittlung, Seminare f\u00fcr Kreatives Schreiben und Biographiearbeit, Leitung des Literarischen Caf\u00e9s im Bildungshaus Puchberg \/ Wels von 1980 bis 2005. Zahlreiche Ver\u00f6ffentlichungen in Anthologien, Literatur- und Kunstzeitschriften im In- und Ausland ab 1980 bis zur Gegenwart. Mitglied der Grazer Autorinnen Autorenversammlung, der IG\u00d6 Autorinnen Autoren und der Galerie DIE FORUM Wels.[\/vc_column_text][vc_column_text css=&#8220;.vc_custom_1592073008510{margin-bottom: 10px !important;}&#8220;]\n<h4>Ver\u00f6ffentlichungen<\/h4>\n[\/vc_column_text][vc_column_text]\n<ul>\n<li><em>kartenhausleben<\/em>. Lyrik. edition nikra, Obermallebarn 2022<\/li>\n<li><em>ein schwebendes verfahren<\/em>. Lyrik. arovell verlag gosau \/ salzburg \/ wien 2013<\/li>\n<li><em>PATCHWORK<\/em>. Prosa. Resistenz Verlag, Linz \/ Wien 2000<\/li>\n<li><em>Nach innen au\u00dfen nach.<\/em> Lyrik und Prosa. Verlag AROVELL, Gosau 1994<\/li>\n<li><em>Landsuche. <\/em>Lyrik. EDITION PANGLOSS, Wels 1991<\/li>\n<li><em>Nachtfenster<\/em>. Lyrik. Verlag Kellner und Plieseis, Wels 1979<\/li>\n<\/ul>\n[\/vc_column_text][\/vc_column][vc_column width=&#8220;1\/3&#8243;][vc_single_image image=&#8220;10676&#8243; img_size=&#8220;full&#8220; alignment=&#8220;center&#8220; css_animation=&#8220;fadeIn&#8220;][vc_column_text]\n<p style=\"text-align: right; margin-top: -35px;\"><strong>\u00a9 Monika Primenz[\/vc_column_text][vc_separator css=&#8220;.vc_custom_1591809399522{margin-bottom: 35px !important;}&#8220;][vc_column_text]\n<p style=\"text-align: center;\">* 1946 \u2022 Wels (O\u00d6)<\/p>\n[\/vc_column_text][\/vc_column][\/vc_row][vc_section disable_element=&#8220;yes&#8220; css=&#8220;.vc_custom_1660719750345{margin-top: 35px !important;}&#8220;][\/vc_section][vc_row][vc_column]\t<div class=\"thb_title  style1  \" id=\"thb-title-69f8dc883041b\">\n\t<div class=\"thb_title_inner\">\n\t\t\t\t<svg version=\"1.1\" class=\"left_brackets\" xmlns=\"http:\/\/www.w3.org\/2000\/svg\" xmlns:xlink=\"http:\/\/www.w3.org\/1999\/xlink\" x=\"0px\" y=\"0px\"\r\n\t width=\"9px\" height=\"41px\" viewBox=\"0 0 9 41.5\" enable-background=\"new 0 0 9 41\" xml:space=\"preserve\">\r\n\t<path fill-rule=\"evenodd\" clip-rule=\"evenodd\" d=\"M8.932,2.101C8.35,1.803,7.755,1.377,7.093,1.185\r\n\t\tC4.735,0.501,3.077,2.059,2.557,4.512c-0.409,1.926,0.018,3.794,0.431,5.662c0.329,1.484,0.669,2.966,0.966,4.458\r\n\t\tc0.102,0.511,0.12,1.046,0.114,1.569c-0.018,1.876-0.77,3.303-2.681,4.073c2.614,1.149,2.975,3.284,2.56,5.675\r\n\t\tc-0.417,2.395-1.016,4.758-1.431,7.153C2.362,33.982,2.4,34.93,2.53,35.821c0.444,3.047,3.293,5.085,6.148,2.723\r\n\t\tC8.756,38.479,8.848,38.431,9,38.331c-1.102,1.964-3.579,2.703-5.296,1.951c-2.036-0.892-3.179-2.438-3.271-4.678\r\n\t\tc-0.087-2.105,0.488-4.104,1.052-6.104c0.429-1.515,0.866-3.033,1.155-4.576c0.423-2.255-0.472-3.747-2.64-4.6\r\n\t\tc0.478-0.263,0.963-0.449,1.351-0.758c1.226-0.979,1.607-2.327,1.307-3.797c-0.358-1.756-0.939-3.467-1.302-5.223\r\n\t\tC0.972,8.688,0.554,6.808,0.475,4.923C0.388,2.834,1.58,1.315,3.445,0.405C5.412-0.554,7.894,0.26,8.932,2.101z\"\/>\r\n<\/svg>\r\n\t\t<h2>Beitr\u00e4ge<\/h2>\n\t\t<svg version=\"1.1\" class=\"right_brackets\" xmlns=\"http:\/\/www.w3.org\/2000\/svg\" xmlns:xlink=\"http:\/\/www.w3.org\/1999\/xlink\" x=\"0px\" y=\"0px\"\r\n\t width=\"9px\" height=\"41px\" viewBox=\"0 0 9 41.5\" enable-background=\"new 0 0 9 41\" xml:space=\"preserve\">\r\n\t<path fill-rule=\"evenodd\" clip-rule=\"evenodd\" d=\"M0.068,2.101C0.65,1.803,1.245,1.377,1.907,1.185\r\n\t\tc2.357-0.683,4.016,0.874,4.536,3.328c0.409,1.926-0.018,3.794-0.431,5.662c-0.329,1.484-0.669,2.966-0.966,4.458\r\n\t\tc-0.102,0.511-0.12,1.046-0.114,1.569c0.018,1.876,0.77,3.303,2.681,4.073c-2.614,1.149-2.975,3.284-2.56,5.675\r\n\t\tc0.417,2.395,1.016,4.758,1.431,7.153c0.153,0.881,0.115,1.828-0.015,2.72c-0.444,3.047-3.293,5.085-6.148,2.723\r\n\t\tC0.244,38.479,0.152,38.431,0,38.331c1.102,1.964,3.579,2.703,5.296,1.951c2.036-0.892,3.179-2.438,3.271-4.678\r\n\t\tc0.087-2.105-0.488-4.104-1.052-6.104c-0.429-1.515-0.866-3.033-1.155-4.576c-0.423-2.255,0.472-3.747,2.64-4.6\r\n\t\tc-0.478-0.263-0.963-0.449-1.351-0.758c-1.226-0.979-1.607-2.327-1.307-3.797c0.358-1.756,0.939-3.467,1.302-5.223\r\n\t\tc0.384-1.859,0.802-3.739,0.881-5.624C8.612,2.834,7.42,1.315,5.555,0.405C3.588-0.554,1.106,0.26,0.068,2.101z\"\/>\r\n<\/svg>\r\n\t\t\t<\/div>\n\t\t\t<\/div>\n\t\t\t<div class=\"thb-carousel thb-post-carousel thb-post-carousel-style5     center-arrows no-padding large-arrows   \" data-columns=\"3\" data-pagination=\"false\" data-navigation=\"false\" data-autoplay=\"true\" data-autoplay-speed=\"4000\" data-infinite=\"false\">\n\t\t\t\t\t\t\t<div class=\"columns\">\n\t\t\t\t\t\t\t\t\t\t\t\t\t\t\t\t\t\t\t\t\t\t\t\t\t\t\t\t\t\t\t<div class=\"post style12 featured-style featured-overflow center-contents post-11186 type-post status-publish format-standard has-post-thumbnail hentry category-besprechung tag-ines-oppitz tag-nicole-streitler-kastberger\">\n  <figure class=\"post-gallery thb-parallax\" data-video=\"mp4:\">\n    <img width=\"552\" height=\"580\" src=\"https:\/\/www.poesiegalerie.at\/wordpress\/wp-content\/uploads\/2022\/10\/Cover-Oppitz-Kartenhausleben-kl-20x19.jpg\" class=\"attachment-theissue-square-x2 size-theissue-square-x2 thb-lazyload lazyload wp-post-image\" alt=\"Cover Oppitz Kartenhausleben kl\" decoding=\"async\" loading=\"lazy\" sizes=\"(max-width: 552px) 100vw, 552px\" data-src=\"https:\/\/www.poesiegalerie.at\/wordpress\/wp-content\/uploads\/2022\/10\/Cover-Oppitz-Kartenhausleben-kl.jpg\" data-sizes=\"auto\" data-srcset=\"https:\/\/www.poesiegalerie.at\/wordpress\/wp-content\/uploads\/2022\/10\/Cover-Oppitz-Kartenhausleben-kl.jpg 552w, https:\/\/www.poesiegalerie.at\/wordpress\/wp-content\/uploads\/2022\/10\/Cover-Oppitz-Kartenhausleben-kl-286x300.jpg 286w, https:\/\/www.poesiegalerie.at\/wordpress\/wp-content\/uploads\/2022\/10\/Cover-Oppitz-Kartenhausleben-kl-143x150.jpg 143w, https:\/\/www.poesiegalerie.at\/wordpress\/wp-content\/uploads\/2022\/10\/Cover-Oppitz-Kartenhausleben-kl-370x389.jpg 370w, https:\/\/www.poesiegalerie.at\/wordpress\/wp-content\/uploads\/2022\/10\/Cover-Oppitz-Kartenhausleben-kl-20x21.jpg 20w, https:\/\/www.poesiegalerie.at\/wordpress\/wp-content\/uploads\/2022\/10\/Cover-Oppitz-Kartenhausleben-kl-185x194.jpg 185w, https:\/\/www.poesiegalerie.at\/wordpress\/wp-content\/uploads\/2022\/10\/Cover-Oppitz-Kartenhausleben-kl-400x420.jpg 400w, https:\/\/www.poesiegalerie.at\/wordpress\/wp-content\/uploads\/2022\/10\/Cover-Oppitz-Kartenhausleben-kl-46x48.jpg 46w\" \/>  <\/figure>\n  <div class=\"post-inner-content\">\n    <div class=\"post-overflow-content\">\n      \t\t<aside class=\"post-category \">\n\t\t\t\t\t<a href=\"https:\/\/www.poesiegalerie.at\/wordpress\/category\/besprechung\/\" rel=\"category tag\">BESPRECHUNGEN<\/a>\n\t\t\t<\/aside>\n\t\t      <div class=\"post-title\"><h4><a href=\"https:\/\/www.poesiegalerie.at\/wordpress\/2022\/10\/08\/rezension-streitler-kastberger-laufrad-im-ohr\/\" title=\"Laufrad im Ohr\"><span>Laufrad im Ohr<\/span><\/a><\/h4><\/div>      \t\t\t\t<aside class=\"thb-post-bottom\">\n\t\t\t\t\t\t<ul>\n\t\t\t\t\t\t\t\t<li class=\"post-date\">8. Oktober 2022<\/li>\n\t\t\t\t\t\t\t\t\t\t\t\t<li class=\"post-read\">3 mins Read<\/li>\n\t\t\t\t\t\t\t\t\t\t\t<\/ul>\n\t\t<\/aside>\n\t\t      <a href=\"https:\/\/www.poesiegalerie.at\/wordpress\/2022\/10\/08\/rezension-streitler-kastberger-laufrad-im-ohr\/\" class=\"featured-read-more\">Read More<\/a>\n    <\/div>\n  <\/div>\n<\/div>\t\t\t\t\t\t\t\t\t\t\t\t\t\t\t\t\t\t\t<\/div>\n\t\t\t\t\t\t\t<div class=\"columns\">\n\t\t\t\t\t\t\t\t\t\t\t\t\t\t\t\t\t\t\t\t\t\t\t\t\t\t\t\t\t\t\t<div class=\"post style12 featured-style featured-overflow center-contents post-10640 type-post status-publish format-standard has-post-thumbnail hentry category-ausgestellt category-gedicht-von-heute tag-ines-oppitz\">\n  <figure class=\"post-gallery thb-parallax\" data-video=\"mp4:\">\n    <img width=\"210\" height=\"193\" src=\"https:\/\/www.poesiegalerie.at\/wordpress\/wp-content\/uploads\/2022\/08\/Oppitz-Ines-Portra\u0308t-c-Monika-Primenz-20x19.jpeg\" class=\"attachment-theissue-square-x2 size-theissue-square-x2 thb-lazyload lazyload wp-post-image\" alt=\"\" decoding=\"async\" loading=\"lazy\" sizes=\"(max-width: 210px) 100vw, 210px\" data-src=\"https:\/\/www.poesiegalerie.at\/wordpress\/wp-content\/uploads\/2022\/08\/Oppitz-Ines-Portra\u0308t-c-Monika-Primenz.jpeg\" data-sizes=\"auto\" data-srcset=\"https:\/\/www.poesiegalerie.at\/wordpress\/wp-content\/uploads\/2022\/08\/Oppitz-Ines-Portra\u0308t-c-Monika-Primenz.jpeg 210w, https:\/\/www.poesiegalerie.at\/wordpress\/wp-content\/uploads\/2022\/08\/Oppitz-Ines-Portra\u0308t-c-Monika-Primenz-150x138.jpeg 150w, https:\/\/www.poesiegalerie.at\/wordpress\/wp-content\/uploads\/2022\/08\/Oppitz-Ines-Portra\u0308t-c-Monika-Primenz-20x18.jpeg 20w, https:\/\/www.poesiegalerie.at\/wordpress\/wp-content\/uploads\/2022\/08\/Oppitz-Ines-Portra\u0308t-c-Monika-Primenz-185x170.jpeg 185w, https:\/\/www.poesiegalerie.at\/wordpress\/wp-content\/uploads\/2022\/08\/Oppitz-Ines-Portra\u0308t-c-Monika-Primenz-52x48.jpeg 52w\" \/>  <\/figure>\n  <div class=\"post-inner-content\">\n    <div class=\"post-overflow-content\">\n      \t\t<aside class=\"post-category \">\n\t\t\t\t\t<a href=\"https:\/\/www.poesiegalerie.at\/wordpress\/category\/ausgestellt\/\" rel=\"category tag\">AUSGESTELLT<\/a>\n\t\t\t<\/aside>\n\t\t      <div class=\"post-title\"><h4><a href=\"https:\/\/www.poesiegalerie.at\/wordpress\/2022\/08\/24\/wir\/\" title=\"wir\"><span>wir<\/span><\/a><\/h4><\/div>      \t\t\t\t<aside class=\"thb-post-bottom\">\n\t\t\t\t\t\t<ul>\n\t\t\t\t\t\t\t\t<li class=\"post-date\">24. August 2022<\/li>\n\t\t\t\t\t\t\t\t\t\t\t\t<li class=\"post-read\">1 min Read<\/li>\n\t\t\t\t\t\t\t\t\t\t\t<\/ul>\n\t\t<\/aside>\n\t\t      <a href=\"https:\/\/www.poesiegalerie.at\/wordpress\/2022\/08\/24\/wir\/\" class=\"featured-read-more\">Read More<\/a>\n    <\/div>\n  <\/div>\n<\/div>\t\t\t\t\t\t\t\t\t\t\t\t\t\t\t\t\t\t\t<\/div>\n\t\t\t\t\t\t\t<div class=\"columns\">\n\t\t\t\t\t\t\t\t\t\t\t\t\t\t\t\t\t\t\t\t\t\t\t\t\t\t\t\t\t\t\t<div class=\"post style12 featured-style featured-overflow center-contents post-1476 type-post status-publish format-standard has-post-thumbnail hentry category-besprechung tag-alice-harmer tag-andrea-knabl tag-ann-cotten tag-astrid-nischkauer tag-bass-dreyer tag-besprechungen tag-birgit-schwaner tag-christine-huber tag-eleonore-weber tag-erika-kronabitter tag-fritz-widhalm tag-guenter-vallaster tag-ilse-kilic tag-ines-oppitz tag-jopa-jotakin tag-karin-spielhofer tag-lisa-jakob tag-magdalena-knapp-menzel tag-margret-kreidl tag-martina-sinowatz tag-michaela-hinterleitner tag-nikolaus-scheibner tag-patricia-brooks tag-petra-ganglbauer tag-rica-fuentes tag-rudolf-stueger tag-sabine-dengscherz tag-sophie-reyer tag-stefan-schmitzer tag-tizian-rupp tag-udo-kawasser\">\n  <figure class=\"post-gallery thb-parallax\" data-video=\"mp4:\">\n    <img width=\"374\" height=\"301\" src=\"https:\/\/www.poesiegalerie.at\/wordpress\/wp-content\/uploads\/2020\/07\/Cover-Kleine-Korrespondenzen-kl-20x19.jpeg\" class=\"attachment-theissue-square-x2 size-theissue-square-x2 thb-lazyload lazyload wp-post-image\" alt=\"\" decoding=\"async\" loading=\"lazy\" sizes=\"(max-width: 374px) 100vw, 374px\" data-src=\"https:\/\/www.poesiegalerie.at\/wordpress\/wp-content\/uploads\/2020\/07\/Cover-Kleine-Korrespondenzen-kl.jpeg\" data-sizes=\"auto\" data-srcset=\"https:\/\/www.poesiegalerie.at\/wordpress\/wp-content\/uploads\/2020\/07\/Cover-Kleine-Korrespondenzen-kl.jpeg 374w, https:\/\/www.poesiegalerie.at\/wordpress\/wp-content\/uploads\/2020\/07\/Cover-Kleine-Korrespondenzen-kl-300x241.jpeg 300w, https:\/\/www.poesiegalerie.at\/wordpress\/wp-content\/uploads\/2020\/07\/Cover-Kleine-Korrespondenzen-kl-150x121.jpeg 150w, https:\/\/www.poesiegalerie.at\/wordpress\/wp-content\/uploads\/2020\/07\/Cover-Kleine-Korrespondenzen-kl-370x298.jpeg 370w, https:\/\/www.poesiegalerie.at\/wordpress\/wp-content\/uploads\/2020\/07\/Cover-Kleine-Korrespondenzen-kl-20x16.jpeg 20w, https:\/\/www.poesiegalerie.at\/wordpress\/wp-content\/uploads\/2020\/07\/Cover-Kleine-Korrespondenzen-kl-185x149.jpeg 185w, https:\/\/www.poesiegalerie.at\/wordpress\/wp-content\/uploads\/2020\/07\/Cover-Kleine-Korrespondenzen-kl-60x48.jpeg 60w\" \/>  <\/figure>\n  <div class=\"post-inner-content\">\n    <div class=\"post-overflow-content\">\n      \t\t<aside class=\"post-category \">\n\t\t\t\t\t<a href=\"https:\/\/www.poesiegalerie.at\/wordpress\/category\/besprechung\/\" rel=\"category tag\">BESPRECHUNGEN<\/a>\n\t\t\t<\/aside>\n\t\t      <div class=\"post-title\"><h4><a href=\"https:\/\/www.poesiegalerie.at\/wordpress\/2020\/07\/18\/kosmisches-leuchten-aus-katzenfell-kotzball-2\/\" title=\"Kosmisches Leuchten aus Katzenfell-Kotzball\"><span>Kosmisches Leuchten aus Katzenfell-Kotzball<\/span><\/a><\/h4><\/div>      \t\t\t\t<aside class=\"thb-post-bottom\">\n\t\t\t\t\t\t<ul>\n\t\t\t\t\t\t\t\t<li class=\"post-date\">18. Juli 2020<\/li>\n\t\t\t\t\t\t\t\t\t\t\t\t<li class=\"post-read\">3 mins Read<\/li>\n\t\t\t\t\t\t\t\t\t\t\t<\/ul>\n\t\t<\/aside>\n\t\t      <a href=\"https:\/\/www.poesiegalerie.at\/wordpress\/2020\/07\/18\/kosmisches-leuchten-aus-katzenfell-kotzball-2\/\" class=\"featured-read-more\">Read More<\/a>\n    <\/div>\n  <\/div>\n<\/div>\t\t\t\t\t\t\t\t\t\t\t\t\t\t\t\t\t\t\t<\/div>\n\t\t\t\t\t\t\t\t<\/div>\n\t\t[\/vc_column][\/vc_row]\n<\/section>","protected":false},"excerpt":{"rendered":"<p>[vc_row][vc_column width=&#8220;2\/3&#8243;][vc_column_text css=&#8220;.vc_custom_1591810821563{margin-bottom: 10px !important;}&#8220;] Biografie [\/vc_column_text][vc_column_text]Ausbildung zur Pflichtschullehrerin an der P\u00c4DAK Linz. Studium der Neueren Deutschen Literaturwissenschaft, Philosophie und Psychologie an der Fernuni Hagen\/Westfalen (1993 bis 1996), 1996 bis 2000 Ausbildung zur Literaturp\u00e4dagogin in Wien. Arbeit in der Literaturvermittlung, Seminare f\u00fcr Kreatives Schreiben und Biographiearbeit, Leitung des Literarischen Caf\u00e9s im Bildungshaus Puchberg \/ Wels&hellip;<\/p>\n","protected":false},"author":8,"featured_media":10676,"parent":8903,"menu_order":0,"comment_status":"closed","ping_status":"closed","template":"","meta":[],"categories":[103],"tags":[134],"yoast_head":"<!-- This site is optimized with the Yoast SEO plugin v20.6 - https:\/\/yoast.com\/wordpress\/plugins\/seo\/ -->\n<title>Oppitz Ines - Poesiegalerie<\/title>\n<meta name=\"robots\" content=\"index, follow, max-snippet:-1, max-image-preview:large, max-video-preview:-1\" \/>\n<link rel=\"canonical\" href=\"https:\/\/www.poesiegalerie.at\/wordpress\/autor\u2011innen\/oppitz-ines\/\" \/>\n<meta property=\"og:locale\" content=\"de_DE\" \/>\n<meta property=\"og:type\" content=\"article\" \/>\n<meta property=\"og:title\" content=\"Oppitz Ines - Poesiegalerie\" \/>\n<meta property=\"og:description\" content=\"[vc_row][vc_column width=&#8220;2\/3&#8243;][vc_column_text css=&#8220;.vc_custom_1591810821563{margin-bottom: 10px !important;}&#8220;] Biografie [\/vc_column_text][vc_column_text]Ausbildung zur Pflichtschullehrerin an der P\u00c4DAK Linz. Studium der Neueren Deutschen Literaturwissenschaft, Philosophie und Psychologie an der Fernuni Hagen\/Westfalen (1993 bis 1996), 1996 bis 2000 Ausbildung zur Literaturp\u00e4dagogin in Wien. Arbeit in der Literaturvermittlung, Seminare f\u00fcr Kreatives Schreiben und Biographiearbeit, Leitung des Literarischen Caf\u00e9s im Bildungshaus Puchberg \/ Wels&hellip;\" \/>\n<meta property=\"og:url\" content=\"https:\/\/www.poesiegalerie.at\/wordpress\/autor\u2011innen\/oppitz-ines\/\" \/>\n<meta property=\"og:site_name\" content=\"Poesiegalerie\" \/>\n<meta property=\"article:publisher\" content=\"https:\/\/facebook.com\/poesiegalerie\" \/>\n<meta property=\"article:modified_time\" content=\"2022-11-29T09:28:58+00:00\" \/>\n<meta property=\"og:image\" content=\"https:\/\/www.poesiegalerie.at\/wordpress\/wp-content\/uploads\/2022\/08\/Oppitz-Ines-Portra\u0308t-c-Monika-Primenz.jpeg\" \/>\n\t<meta property=\"og:image:width\" content=\"210\" \/>\n\t<meta property=\"og:image:height\" content=\"193\" \/>\n\t<meta property=\"og:image:type\" content=\"image\/jpeg\" \/>\n<meta name=\"twitter:card\" content=\"summary_large_image\" \/>\n<meta name=\"twitter:site\" content=\"@poesiegalerie\" \/>\n<meta name=\"twitter:label1\" content=\"Gesch\u00e4tzte Lesezeit\" \/>\n\t<meta name=\"twitter:data1\" content=\"1 Minute\" \/>\n<script type=\"application\/ld+json\" class=\"yoast-schema-graph\">{\"@context\":\"https:\/\/schema.org\",\"@graph\":[{\"@type\":\"WebPage\",\"@id\":\"https:\/\/www.poesiegalerie.at\/wordpress\/autor%e2%80%91innen\/oppitz-ines\/\",\"url\":\"https:\/\/www.poesiegalerie.at\/wordpress\/autor%e2%80%91innen\/oppitz-ines\/\",\"name\":\"Oppitz Ines - Poesiegalerie\",\"isPartOf\":{\"@id\":\"https:\/\/www.poesiegalerie.at\/wordpress\/#website\"},\"datePublished\":\"2022-08-21T14:44:04+00:00\",\"dateModified\":\"2022-11-29T09:28:58+00:00\",\"breadcrumb\":{\"@id\":\"https:\/\/www.poesiegalerie.at\/wordpress\/autor%e2%80%91innen\/oppitz-ines\/#breadcrumb\"},\"inLanguage\":\"de-DE\",\"potentialAction\":[{\"@type\":\"ReadAction\",\"target\":[\"https:\/\/www.poesiegalerie.at\/wordpress\/autor%e2%80%91innen\/oppitz-ines\/\"]}]},{\"@type\":\"BreadcrumbList\",\"@id\":\"https:\/\/www.poesiegalerie.at\/wordpress\/autor%e2%80%91innen\/oppitz-ines\/#breadcrumb\",\"itemListElement\":[{\"@type\":\"ListItem\",\"position\":1,\"name\":\"Startseite\",\"item\":\"https:\/\/www.poesiegalerie.at\/wordpress\/\"},{\"@type\":\"ListItem\",\"position\":2,\"name\":\"Autor*innen\",\"item\":\"https:\/\/www.poesiegalerie.at\/wordpress\/autor%e2%80%91innen\/\"},{\"@type\":\"ListItem\",\"position\":3,\"name\":\"Oppitz Ines\"}]},{\"@type\":\"WebSite\",\"@id\":\"https:\/\/www.poesiegalerie.at\/wordpress\/#website\",\"url\":\"https:\/\/www.poesiegalerie.at\/wordpress\/\",\"name\":\"Poesiegalerie\",\"description\":\"\",\"publisher\":{\"@id\":\"https:\/\/www.poesiegalerie.at\/wordpress\/#organization\"},\"potentialAction\":[{\"@type\":\"SearchAction\",\"target\":{\"@type\":\"EntryPoint\",\"urlTemplate\":\"https:\/\/www.poesiegalerie.at\/wordpress\/?s={search_term_string}\"},\"query-input\":\"required name=search_term_string\"}],\"inLanguage\":\"de-DE\"},{\"@type\":\"Organization\",\"@id\":\"https:\/\/www.poesiegalerie.at\/wordpress\/#organization\",\"name\":\"Poesiegalerie\",\"url\":\"https:\/\/www.poesiegalerie.at\/wordpress\/\",\"logo\":{\"@type\":\"ImageObject\",\"inLanguage\":\"de-DE\",\"@id\":\"https:\/\/www.poesiegalerie.at\/wordpress\/#\/schema\/logo\/image\/\",\"url\":\"https:\/\/www.poesiegalerie.at\/wordpress\/wp-content\/uploads\/2021\/01\/Logoquadrat-PG-1.png\",\"contentUrl\":\"https:\/\/www.poesiegalerie.at\/wordpress\/wp-content\/uploads\/2021\/01\/Logoquadrat-PG-1.png\",\"width\":512,\"height\":512,\"caption\":\"Poesiegalerie\"},\"image\":{\"@id\":\"https:\/\/www.poesiegalerie.at\/wordpress\/#\/schema\/logo\/image\/\"},\"sameAs\":[\"https:\/\/facebook.com\/poesiegalerie\",\"https:\/\/twitter.com\/poesiegalerie\",\"https:\/\/instagram.com\/poesiegalerie\",\"https:\/\/youtube.com\/channel\/UChHTsNTzMPzZpU8TfKP3dNQ\"]}]}<\/script>\n<!-- \/ Yoast SEO plugin. -->","yoast_head_json":{"title":"Oppitz Ines - Poesiegalerie","robots":{"index":"index","follow":"follow","max-snippet":"max-snippet:-1","max-image-preview":"max-image-preview:large","max-video-preview":"max-video-preview:-1"},"canonical":"https:\/\/www.poesiegalerie.at\/wordpress\/autor\u2011innen\/oppitz-ines\/","og_locale":"de_DE","og_type":"article","og_title":"Oppitz Ines - Poesiegalerie","og_description":"[vc_row][vc_column width=&#8220;2\/3&#8243;][vc_column_text css=&#8220;.vc_custom_1591810821563{margin-bottom: 10px !important;}&#8220;] Biografie [\/vc_column_text][vc_column_text]Ausbildung zur Pflichtschullehrerin an der P\u00c4DAK Linz. Studium der Neueren Deutschen Literaturwissenschaft, Philosophie und Psychologie an der Fernuni Hagen\/Westfalen (1993 bis 1996), 1996 bis 2000 Ausbildung zur Literaturp\u00e4dagogin in Wien. Arbeit in der Literaturvermittlung, Seminare f\u00fcr Kreatives Schreiben und Biographiearbeit, Leitung des Literarischen Caf\u00e9s im Bildungshaus Puchberg \/ Wels&hellip;","og_url":"https:\/\/www.poesiegalerie.at\/wordpress\/autor\u2011innen\/oppitz-ines\/","og_site_name":"Poesiegalerie","article_publisher":"https:\/\/facebook.com\/poesiegalerie","article_modified_time":"2022-11-29T09:28:58+00:00","og_image":[{"width":210,"height":193,"url":"https:\/\/www.poesiegalerie.at\/wordpress\/wp-content\/uploads\/2022\/08\/Oppitz-Ines-Portra\u0308t-c-Monika-Primenz.jpeg","type":"image\/jpeg"}],"twitter_card":"summary_large_image","twitter_site":"@poesiegalerie","twitter_misc":{"Gesch\u00e4tzte Lesezeit":"1 Minute"},"schema":{"@context":"https:\/\/schema.org","@graph":[{"@type":"WebPage","@id":"https:\/\/www.poesiegalerie.at\/wordpress\/autor%e2%80%91innen\/oppitz-ines\/","url":"https:\/\/www.poesiegalerie.at\/wordpress\/autor%e2%80%91innen\/oppitz-ines\/","name":"Oppitz Ines - Poesiegalerie","isPartOf":{"@id":"https:\/\/www.poesiegalerie.at\/wordpress\/#website"},"datePublished":"2022-08-21T14:44:04+00:00","dateModified":"2022-11-29T09:28:58+00:00","breadcrumb":{"@id":"https:\/\/www.poesiegalerie.at\/wordpress\/autor%e2%80%91innen\/oppitz-ines\/#breadcrumb"},"inLanguage":"de-DE","potentialAction":[{"@type":"ReadAction","target":["https:\/\/www.poesiegalerie.at\/wordpress\/autor%e2%80%91innen\/oppitz-ines\/"]}]},{"@type":"BreadcrumbList","@id":"https:\/\/www.poesiegalerie.at\/wordpress\/autor%e2%80%91innen\/oppitz-ines\/#breadcrumb","itemListElement":[{"@type":"ListItem","position":1,"name":"Startseite","item":"https:\/\/www.poesiegalerie.at\/wordpress\/"},{"@type":"ListItem","position":2,"name":"Autor*innen","item":"https:\/\/www.poesiegalerie.at\/wordpress\/autor%e2%80%91innen\/"},{"@type":"ListItem","position":3,"name":"Oppitz Ines"}]},{"@type":"WebSite","@id":"https:\/\/www.poesiegalerie.at\/wordpress\/#website","url":"https:\/\/www.poesiegalerie.at\/wordpress\/","name":"Poesiegalerie","description":"","publisher":{"@id":"https:\/\/www.poesiegalerie.at\/wordpress\/#organization"},"potentialAction":[{"@type":"SearchAction","target":{"@type":"EntryPoint","urlTemplate":"https:\/\/www.poesiegalerie.at\/wordpress\/?s={search_term_string}"},"query-input":"required name=search_term_string"}],"inLanguage":"de-DE"},{"@type":"Organization","@id":"https:\/\/www.poesiegalerie.at\/wordpress\/#organization","name":"Poesiegalerie","url":"https:\/\/www.poesiegalerie.at\/wordpress\/","logo":{"@type":"ImageObject","inLanguage":"de-DE","@id":"https:\/\/www.poesiegalerie.at\/wordpress\/#\/schema\/logo\/image\/","url":"https:\/\/www.poesiegalerie.at\/wordpress\/wp-content\/uploads\/2021\/01\/Logoquadrat-PG-1.png","contentUrl":"https:\/\/www.poesiegalerie.at\/wordpress\/wp-content\/uploads\/2021\/01\/Logoquadrat-PG-1.png","width":512,"height":512,"caption":"Poesiegalerie"},"image":{"@id":"https:\/\/www.poesiegalerie.at\/wordpress\/#\/schema\/logo\/image\/"},"sameAs":["https:\/\/facebook.com\/poesiegalerie","https:\/\/twitter.com\/poesiegalerie","https:\/\/instagram.com\/poesiegalerie","https:\/\/youtube.com\/channel\/UChHTsNTzMPzZpU8TfKP3dNQ"]}]}},"_links":{"self":[{"href":"https:\/\/www.poesiegalerie.at\/wordpress\/wp-json\/wp\/v2\/pages\/10636"}],"collection":[{"href":"https:\/\/www.poesiegalerie.at\/wordpress\/wp-json\/wp\/v2\/pages"}],"about":[{"href":"https:\/\/www.poesiegalerie.at\/wordpress\/wp-json\/wp\/v2\/types\/page"}],"author":[{"embeddable":true,"href":"https:\/\/www.poesiegalerie.at\/wordpress\/wp-json\/wp\/v2\/users\/8"}],"replies":[{"embeddable":true,"href":"https:\/\/www.poesiegalerie.at\/wordpress\/wp-json\/wp\/v2\/comments?post=10636"}],"version-history":[{"count":9,"href":"https:\/\/www.poesiegalerie.at\/wordpress\/wp-json\/wp\/v2\/pages\/10636\/revisions"}],"predecessor-version":[{"id":10726,"href":"https:\/\/www.poesiegalerie.at\/wordpress\/wp-json\/wp\/v2\/pages\/10636\/revisions\/10726"}],"up":[{"embeddable":true,"href":"https:\/\/www.poesiegalerie.at\/wordpress\/wp-json\/wp\/v2\/pages\/8903"}],"wp:featuredmedia":[{"embeddable":true,"href":"https:\/\/www.poesiegalerie.at\/wordpress\/wp-json\/wp\/v2\/media\/10676"}],"wp:attachment":[{"href":"https:\/\/www.poesiegalerie.at\/wordpress\/wp-json\/wp\/v2\/media?parent=10636"}],"wp:term":[{"taxonomy":"category","embeddable":true,"href":"https:\/\/www.poesiegalerie.at\/wordpress\/wp-json\/wp\/v2\/categories?post=10636"},{"taxonomy":"post_tag","embeddable":true,"href":"https:\/\/www.poesiegalerie.at\/wordpress\/wp-json\/wp\/v2\/tags?post=10636"}],"curies":[{"name":"wp","href":"https:\/\/api.w.org\/{rel}","templated":true}]}}