{"id":20131,"date":"2024-12-18T10:51:38","date_gmt":"2024-12-18T09:51:38","guid":{"rendered":"https:\/\/www.poesiegalerie.at\/wordpress\/?page_id=20131"},"modified":"2024-12-18T12:38:30","modified_gmt":"2024-12-18T11:38:30","slug":"jenamani-sarita","status":"publish","type":"page","link":"https:\/\/www.poesiegalerie.at\/wordpress\/autor%e2%80%91innen\/jenamani-sarita\/","title":{"rendered":"Jenamani Sarita"},"content":{"rendered":"<section class=\"wpb-content-wrapper\">[vc_row][vc_column width=&#8220;2\/3&#8243;][vc_column_text css=&#8220;.vc_custom_1591810821563{margin-bottom: 10px !important;}&#8220;]\n<h4>Biografie<\/h4>\n[\/vc_column_text][vc_column_text]\n<p style=\"font-weight: 400;\">Schriftstellerin, \u00dcbersetzerin, Menschenrechtsaktivistin und Herausgeberin der zweisprachigen Zeitschrift f\u00fcr Migrationsliteratur \u201eWords &amp; Worlds\u201c. Sie ist Generalsekret\u00e4rin des \u00f6sterreichischen PEN-Clubs. Jenamani studierte Wirtschaftswissenschaften und Management in Indien und \u00d6sterreich. Sie schreibt Gedichte und Kurzprosa auf Englisch, Deutsch sowie Oriya, ihrer Muttersprache. Bisher hat sie drei Gedichtb\u00e4nde ver\u00f6ffentlicht, und ihre Gedichte wurden in Urdu, Farsi, Franz\u00f6sisch und Hebr\u00e4isch \u00fcbersetzt. Ihre Werke erscheinen regelm\u00e4\u00dfig in Anthologien, Zeitschriften und Ver\u00f6ffentlichungen (Auswahl):<\/p>\n[\/vc_column_text][vc_column_text css=&#8220;.vc_custom_1592073008510{margin-bottom: 10px !important;}&#8220;]\n<h4>Ver\u00f6ffentlichungen<\/h4>\n[\/vc_column_text][vc_column_text]\n<ul>\n<li style=\"font-weight: 400;\"><em>Silent Conversations (Unterhaltungen in Stille),<\/em> Gedichte, Verlag der Theodor Kramer Gesellschaft, 2024<\/li>\n<li style=\"font-weight: 400;\"><em>Sabu Bhasa re thae kichhi akuha katha. (In jeder Sprache gibt es etwas Ungesagtes), <\/em>\u00dcbersetzung von Rainer Maria Rilkes Gedichten ins Odia, Dhauli Books, Indien, 2021<\/li>\n<li style=\"font-weight: 400;\">Herausgabe: <em>Still we Sing,<\/em> Gedichte \u00fcber Gewalt gegen Frauen, in Englisch, Dhauli Books, Indien, 2021<\/li>\n<li style=\"font-weight: 400;\">Mitherausgabe: <em>Allah\u2019s gefangene Sch\u00fcler: Kerkerpoesie aus islamischen L\u00e4ndern,<\/em> L\u00f6cker Verlag, Wien, 2019<\/li>\n<li style=\"font-weight: 400;\">Mitherausgabe, <em>Is it the Sea you hear in me (Ist es das Meer, das du in mir h\u00f6rst<\/em>), Gedichte in Englisch, Dhauli Books, Indien, 2019<\/li>\n<li style=\"font-weight: 400;\">Mitherausgabe: Silence Between the Notes, Gedichte in Englisch, Dhauli Books, Indien, 2019<\/li>\n<li style=\"font-weight: 400;\">Till the Next Wave Comes, Gedichte in Englisch, Dhauli Books, Indien, 2018<\/li>\n<li style=\"font-weight: 400;\">Au mu udi jaae shabda pakshi hei (Als ein Vogel fliege ich davon), \u00dcbersetzung \u00f6sterreichischer Lyrik ins Odia, Dhauli Books, Indien, 2018<\/li>\n<li style=\"font-weight: 400;\">Splitter des Himmels, Gedichte, Verlag Autorensolidarit\u00e4t, Wien, 2006<\/li>\n<\/ul>\n[\/vc_column_text][\/vc_column][vc_column width=&#8220;1\/3&#8243;][vc_single_image image=&#8220;20134&#8243; img_size=&#8220;full&#8220; alignment=&#8220;center&#8220; css_animation=&#8220;fadeIn&#8220;][vc_column_text]\n<p style=\"text-align: right; margin-top: -35px;\"><strong>\u00a9 Autorin[\/vc_column_text][vc_separator css=&#8220;.vc_custom_1591809399522{margin-bottom: 35px !important;}&#8220;][vc_column_text]<\/strong><\/p>\n<div style=\"text-align: center;\"><strong><span lang=\"DE\">*1973 in Cuttack (Indien) <\/span><\/strong><\/div>\n[\/vc_column_text][vc_column_text][\/vc_column_text][\/vc_column][\/vc_row][vc_row][vc_column]\t<div class=\"thb_title  style1  \" id=\"thb-title-69f8e9c81bad0\">\n\t<div class=\"thb_title_inner\">\n\t\t\t\t<svg version=\"1.1\" class=\"left_brackets\" xmlns=\"http:\/\/www.w3.org\/2000\/svg\" xmlns:xlink=\"http:\/\/www.w3.org\/1999\/xlink\" x=\"0px\" y=\"0px\"\r\n\t width=\"9px\" height=\"41px\" viewBox=\"0 0 9 41.5\" enable-background=\"new 0 0 9 41\" xml:space=\"preserve\">\r\n\t<path fill-rule=\"evenodd\" clip-rule=\"evenodd\" d=\"M8.932,2.101C8.35,1.803,7.755,1.377,7.093,1.185\r\n\t\tC4.735,0.501,3.077,2.059,2.557,4.512c-0.409,1.926,0.018,3.794,0.431,5.662c0.329,1.484,0.669,2.966,0.966,4.458\r\n\t\tc0.102,0.511,0.12,1.046,0.114,1.569c-0.018,1.876-0.77,3.303-2.681,4.073c2.614,1.149,2.975,3.284,2.56,5.675\r\n\t\tc-0.417,2.395-1.016,4.758-1.431,7.153C2.362,33.982,2.4,34.93,2.53,35.821c0.444,3.047,3.293,5.085,6.148,2.723\r\n\t\tC8.756,38.479,8.848,38.431,9,38.331c-1.102,1.964-3.579,2.703-5.296,1.951c-2.036-0.892-3.179-2.438-3.271-4.678\r\n\t\tc-0.087-2.105,0.488-4.104,1.052-6.104c0.429-1.515,0.866-3.033,1.155-4.576c0.423-2.255-0.472-3.747-2.64-4.6\r\n\t\tc0.478-0.263,0.963-0.449,1.351-0.758c1.226-0.979,1.607-2.327,1.307-3.797c-0.358-1.756-0.939-3.467-1.302-5.223\r\n\t\tC0.972,8.688,0.554,6.808,0.475,4.923C0.388,2.834,1.58,1.315,3.445,0.405C5.412-0.554,7.894,0.26,8.932,2.101z\"\/>\r\n<\/svg>\r\n\t\t<h2>Beitr\u00e4ge<\/h2>\n\t\t<svg version=\"1.1\" class=\"right_brackets\" xmlns=\"http:\/\/www.w3.org\/2000\/svg\" xmlns:xlink=\"http:\/\/www.w3.org\/1999\/xlink\" x=\"0px\" y=\"0px\"\r\n\t width=\"9px\" height=\"41px\" viewBox=\"0 0 9 41.5\" enable-background=\"new 0 0 9 41\" xml:space=\"preserve\">\r\n\t<path fill-rule=\"evenodd\" clip-rule=\"evenodd\" d=\"M0.068,2.101C0.65,1.803,1.245,1.377,1.907,1.185\r\n\t\tc2.357-0.683,4.016,0.874,4.536,3.328c0.409,1.926-0.018,3.794-0.431,5.662c-0.329,1.484-0.669,2.966-0.966,4.458\r\n\t\tc-0.102,0.511-0.12,1.046-0.114,1.569c0.018,1.876,0.77,3.303,2.681,4.073c-2.614,1.149-2.975,3.284-2.56,5.675\r\n\t\tc0.417,2.395,1.016,4.758,1.431,7.153c0.153,0.881,0.115,1.828-0.015,2.72c-0.444,3.047-3.293,5.085-6.148,2.723\r\n\t\tC0.244,38.479,0.152,38.431,0,38.331c1.102,1.964,3.579,2.703,5.296,1.951c2.036-0.892,3.179-2.438,3.271-4.678\r\n\t\tc0.087-2.105-0.488-4.104-1.052-6.104c-0.429-1.515-0.866-3.033-1.155-4.576c-0.423-2.255,0.472-3.747,2.64-4.6\r\n\t\tc-0.478-0.263-0.963-0.449-1.351-0.758c-1.226-0.979-1.607-2.327-1.307-3.797c0.358-1.756,0.939-3.467,1.302-5.223\r\n\t\tc0.384-1.859,0.802-3.739,0.881-5.624C8.612,2.834,7.42,1.315,5.555,0.405C3.588-0.554,1.106,0.26,0.068,2.101z\"\/>\r\n<\/svg>\r\n\t\t\t<\/div>\n\t\t\t<\/div>\n\t[\/vc_column][\/vc_row][vc_row][vc_column]\t\t<div class=\"thb-carousel thb-post-carousel thb-post-carousel-style5     center-arrows no-padding large-arrows   \" data-columns=\"3\" data-pagination=\"false\" data-navigation=\"false\" data-autoplay=\"true\" data-autoplay-speed=\"4000\" data-infinite=\"false\">\n\t\t\t\t\t\t\t<div class=\"columns\">\n\t\t\t\t\t\t\t\t\t\t\t\t\t\t\t\t\t\t\t\t\t\t\t\t\t\t\t\t\t\t\t<div class=\"post style12 featured-style featured-overflow center-contents post-21256 type-post status-publish format-standard has-post-thumbnail hentry category-besprechung tag-andreas-pavlic tag-sarita-jenamani\">\n  <figure class=\"post-gallery thb-parallax\" data-video=\"mp4:\">\n    <img width=\"304\" height=\"500\" src=\"https:\/\/www.poesiegalerie.at\/wordpress\/wp-content\/uploads\/2025\/04\/Buchcover-22Silent-Conversations22-von-Sarita-Jenamanis-20x19.jpeg\" class=\"attachment-theissue-square-x2 size-theissue-square-x2 thb-lazyload lazyload wp-post-image\" alt=\"\" decoding=\"async\" loading=\"lazy\" sizes=\"(max-width: 304px) 100vw, 304px\" data-src=\"https:\/\/www.poesiegalerie.at\/wordpress\/wp-content\/uploads\/2025\/04\/Buchcover-22Silent-Conversations22-von-Sarita-Jenamanis.jpeg\" data-sizes=\"auto\" data-srcset=\"https:\/\/www.poesiegalerie.at\/wordpress\/wp-content\/uploads\/2025\/04\/Buchcover-22Silent-Conversations22-von-Sarita-Jenamanis.jpeg 304w, https:\/\/www.poesiegalerie.at\/wordpress\/wp-content\/uploads\/2025\/04\/Buchcover-22Silent-Conversations22-von-Sarita-Jenamanis-182x300.jpeg 182w, https:\/\/www.poesiegalerie.at\/wordpress\/wp-content\/uploads\/2025\/04\/Buchcover-22Silent-Conversations22-von-Sarita-Jenamanis-91x150.jpeg 91w, https:\/\/www.poesiegalerie.at\/wordpress\/wp-content\/uploads\/2025\/04\/Buchcover-22Silent-Conversations22-von-Sarita-Jenamanis-20x33.jpeg 20w, https:\/\/www.poesiegalerie.at\/wordpress\/wp-content\/uploads\/2025\/04\/Buchcover-22Silent-Conversations22-von-Sarita-Jenamanis-29x48.jpeg 29w\" \/>  <\/figure>\n  <div class=\"post-inner-content\">\n    <div class=\"post-overflow-content\">\n      \t\t<aside class=\"post-category \">\n\t\t\t\t\t<a href=\"https:\/\/www.poesiegalerie.at\/wordpress\/category\/besprechung\/\" rel=\"category tag\">BESPRECHUNGEN<\/a>\n\t\t\t<\/aside>\n\t\t      <div class=\"post-title\"><h4><a href=\"https:\/\/www.poesiegalerie.at\/wordpress\/2025\/04\/13\/pavlic-besprechung-poesie-und-klarheit\/\" title=\"Poesie und Klarheit\"><span>Poesie und Klarheit<\/span><\/a><\/h4><\/div>      \t\t\t\t<aside class=\"thb-post-bottom\">\n\t\t\t\t\t\t<ul>\n\t\t\t\t\t\t\t\t<li class=\"post-date\">13. April 2025<\/li>\n\t\t\t\t\t\t\t\t\t\t\t\t<li class=\"post-read\">4 mins Read<\/li>\n\t\t\t\t\t\t\t\t\t\t\t<\/ul>\n\t\t<\/aside>\n\t\t      <a href=\"https:\/\/www.poesiegalerie.at\/wordpress\/2025\/04\/13\/pavlic-besprechung-poesie-und-klarheit\/\" class=\"featured-read-more\">Read More<\/a>\n    <\/div>\n  <\/div>\n<\/div>\t\t\t\t\t\t\t\t\t\t\t\t\t\t\t\t\t\t\t<\/div>\n\t\t\t\t\t\t\t<div class=\"columns\">\n\t\t\t\t\t\t\t\t\t\t\t\t\t\t\t\t\t\t\t\t\t\t\t\t\t\t\t\t\t\t\t<div class=\"post style12 featured-style featured-overflow center-contents post-19874 type-post status-publish format-standard has-post-thumbnail hentry category-aktuelles category-poesiegalerie category-poesiegalerie-2024 tag-alexander-micheuz tag-astrid-nischkauer tag-bodo-hell tag-christl-mth tag-clemens-setz tag-elke-laznia tag-fedor-pellmann tag-georg-bydlinski tag-gerhard-ruiss tag-judith-nika-pfeifer tag-katalin-jesch tag-katharina-klein tag-kirstin-breitenfellner tag-linda-achberger tag-linde-waber tag-lukas-meschik tag-manon-bauer tag-mario-huber tag-philipp-hager tag-rebekka-zeinzinger tag-rhea-krcmarova tag-sarah-braid tag-sarita-jenamani tag-udo-kawasser\">\n  <figure class=\"post-gallery thb-parallax\" data-video=\"mp4:\">\n    <img width=\"740\" height=\"710\" src=\"https:\/\/www.poesiegalerie.at\/wordpress\/wp-content\/uploads\/2024\/11\/Untitled-3-20x19.png\" class=\"attachment-theissue-square-x2 size-theissue-square-x2 thb-lazyload lazyload wp-post-image\" alt=\"\" decoding=\"async\" loading=\"lazy\" sizes=\"(max-width: 740px) 100vw, 740px\" data-src=\"https:\/\/www.poesiegalerie.at\/wordpress\/wp-content\/uploads\/2024\/11\/Untitled-3-740x710.png\" data-sizes=\"auto\" data-srcset=\"https:\/\/www.poesiegalerie.at\/wordpress\/wp-content\/uploads\/2024\/11\/Untitled-3-740x710.png 740w, https:\/\/www.poesiegalerie.at\/wordpress\/wp-content\/uploads\/2024\/11\/Untitled-3-370x355.png 370w, https:\/\/www.poesiegalerie.at\/wordpress\/wp-content\/uploads\/2024\/11\/Untitled-3-20x19.png 20w\" \/>  <\/figure>\n  <div class=\"post-inner-content\">\n    <div class=\"post-overflow-content\">\n      \t\t<aside class=\"post-category \">\n\t\t\t\t\t<a href=\"https:\/\/www.poesiegalerie.at\/wordpress\/category\/aktuelles\/\" rel=\"category tag\">AKTUELLES<\/a>\n\t\t\t<\/aside>\n\t\t      <div class=\"post-title\"><h4><a href=\"https:\/\/www.poesiegalerie.at\/wordpress\/2024\/11\/24\/der-siebten-poesiegalerie-dritter-tag\/\" title=\"Der siebten Poesiegalerie dritter Tag\"><span>Der siebten Poesiegalerie dritter Tag<\/span><\/a><\/h4><\/div>      \t\t\t\t<aside class=\"thb-post-bottom\">\n\t\t\t\t\t\t<ul>\n\t\t\t\t\t\t\t\t<li class=\"post-date\">24. November 2024<\/li>\n\t\t\t\t\t\t\t\t\t\t\t\t<li class=\"post-read\">13 mins Read<\/li>\n\t\t\t\t\t\t\t\t\t\t\t<\/ul>\n\t\t<\/aside>\n\t\t      <a href=\"https:\/\/www.poesiegalerie.at\/wordpress\/2024\/11\/24\/der-siebten-poesiegalerie-dritter-tag\/\" class=\"featured-read-more\">Read More<\/a>\n    <\/div>\n  <\/div>\n<\/div>\t\t\t\t\t\t\t\t\t\t\t\t\t\t\t\t\t\t\t<\/div>\n\t\t\t\t\t\t\t\t<\/div>\n\t\t[\/vc_column][\/vc_row]\n<\/section>","protected":false},"excerpt":{"rendered":"<p>[vc_row][vc_column width=&#8220;2\/3&#8243;][vc_column_text css=&#8220;.vc_custom_1591810821563{margin-bottom: 10px !important;}&#8220;] Biografie [\/vc_column_text][vc_column_text] Schriftstellerin, \u00dcbersetzerin, Menschenrechtsaktivistin und Herausgeberin der zweisprachigen Zeitschrift f\u00fcr Migrationsliteratur \u201eWords &amp; Worlds\u201c. Sie ist Generalsekret\u00e4rin des \u00f6sterreichischen PEN-Clubs. Jenamani studierte Wirtschaftswissenschaften und Management in Indien und \u00d6sterreich. Sie schreibt Gedichte und Kurzprosa auf Englisch, Deutsch sowie Oriya, ihrer Muttersprache. Bisher hat sie drei Gedichtb\u00e4nde ver\u00f6ffentlicht, und ihre&hellip;<\/p>\n","protected":false},"author":13,"featured_media":20134,"parent":8903,"menu_order":0,"comment_status":"closed","ping_status":"closed","template":"","meta":[],"categories":[103],"tags":[134,621],"yoast_head":"<!-- This site is optimized with the Yoast SEO plugin v20.6 - https:\/\/yoast.com\/wordpress\/plugins\/seo\/ -->\n<title>Jenamani Sarita - Poesiegalerie<\/title>\n<meta name=\"robots\" content=\"index, follow, max-snippet:-1, max-image-preview:large, max-video-preview:-1\" \/>\n<link rel=\"canonical\" href=\"https:\/\/www.poesiegalerie.at\/wordpress\/autor\u2011innen\/jenamani-sarita\/\" \/>\n<meta property=\"og:locale\" content=\"de_DE\" \/>\n<meta property=\"og:type\" content=\"article\" \/>\n<meta property=\"og:title\" content=\"Jenamani Sarita - Poesiegalerie\" \/>\n<meta property=\"og:description\" content=\"[vc_row][vc_column width=&#8220;2\/3&#8243;][vc_column_text css=&#8220;.vc_custom_1591810821563{margin-bottom: 10px !important;}&#8220;] Biografie [\/vc_column_text][vc_column_text] Schriftstellerin, \u00dcbersetzerin, Menschenrechtsaktivistin und Herausgeberin der zweisprachigen Zeitschrift f\u00fcr Migrationsliteratur \u201eWords &amp; Worlds\u201c. Sie ist Generalsekret\u00e4rin des \u00f6sterreichischen PEN-Clubs. Jenamani studierte Wirtschaftswissenschaften und Management in Indien und \u00d6sterreich. Sie schreibt Gedichte und Kurzprosa auf Englisch, Deutsch sowie Oriya, ihrer Muttersprache. Bisher hat sie drei Gedichtb\u00e4nde ver\u00f6ffentlicht, und ihre&hellip;\" \/>\n<meta property=\"og:url\" content=\"https:\/\/www.poesiegalerie.at\/wordpress\/autor\u2011innen\/jenamani-sarita\/\" \/>\n<meta property=\"og:site_name\" content=\"Poesiegalerie\" \/>\n<meta property=\"article:publisher\" content=\"https:\/\/facebook.com\/poesiegalerie\" \/>\n<meta property=\"article:modified_time\" content=\"2024-12-18T11:38:30+00:00\" \/>\n<meta property=\"og:image\" content=\"https:\/\/www.poesiegalerie.at\/wordpress\/wp-content\/uploads\/2024\/12\/Sarita-Jenamani.jpg\" \/>\n\t<meta property=\"og:image:width\" content=\"1756\" \/>\n\t<meta property=\"og:image:height\" content=\"2020\" \/>\n\t<meta property=\"og:image:type\" content=\"image\/jpeg\" \/>\n<meta name=\"twitter:card\" content=\"summary_large_image\" \/>\n<meta name=\"twitter:site\" content=\"@poesiegalerie\" \/>\n<meta name=\"twitter:label1\" content=\"Gesch\u00e4tzte Lesezeit\" \/>\n\t<meta name=\"twitter:data1\" content=\"2 Minuten\" \/>\n<script type=\"application\/ld+json\" class=\"yoast-schema-graph\">{\"@context\":\"https:\/\/schema.org\",\"@graph\":[{\"@type\":\"WebPage\",\"@id\":\"https:\/\/www.poesiegalerie.at\/wordpress\/autor%e2%80%91innen\/jenamani-sarita\/\",\"url\":\"https:\/\/www.poesiegalerie.at\/wordpress\/autor%e2%80%91innen\/jenamani-sarita\/\",\"name\":\"Jenamani Sarita - Poesiegalerie\",\"isPartOf\":{\"@id\":\"https:\/\/www.poesiegalerie.at\/wordpress\/#website\"},\"datePublished\":\"2024-12-18T09:51:38+00:00\",\"dateModified\":\"2024-12-18T11:38:30+00:00\",\"breadcrumb\":{\"@id\":\"https:\/\/www.poesiegalerie.at\/wordpress\/autor%e2%80%91innen\/jenamani-sarita\/#breadcrumb\"},\"inLanguage\":\"de-DE\",\"potentialAction\":[{\"@type\":\"ReadAction\",\"target\":[\"https:\/\/www.poesiegalerie.at\/wordpress\/autor%e2%80%91innen\/jenamani-sarita\/\"]}]},{\"@type\":\"BreadcrumbList\",\"@id\":\"https:\/\/www.poesiegalerie.at\/wordpress\/autor%e2%80%91innen\/jenamani-sarita\/#breadcrumb\",\"itemListElement\":[{\"@type\":\"ListItem\",\"position\":1,\"name\":\"Startseite\",\"item\":\"https:\/\/www.poesiegalerie.at\/wordpress\/\"},{\"@type\":\"ListItem\",\"position\":2,\"name\":\"Autor*innen\",\"item\":\"https:\/\/www.poesiegalerie.at\/wordpress\/autor%e2%80%91innen\/\"},{\"@type\":\"ListItem\",\"position\":3,\"name\":\"Jenamani Sarita\"}]},{\"@type\":\"WebSite\",\"@id\":\"https:\/\/www.poesiegalerie.at\/wordpress\/#website\",\"url\":\"https:\/\/www.poesiegalerie.at\/wordpress\/\",\"name\":\"Poesiegalerie\",\"description\":\"\",\"publisher\":{\"@id\":\"https:\/\/www.poesiegalerie.at\/wordpress\/#organization\"},\"potentialAction\":[{\"@type\":\"SearchAction\",\"target\":{\"@type\":\"EntryPoint\",\"urlTemplate\":\"https:\/\/www.poesiegalerie.at\/wordpress\/?s={search_term_string}\"},\"query-input\":\"required name=search_term_string\"}],\"inLanguage\":\"de-DE\"},{\"@type\":\"Organization\",\"@id\":\"https:\/\/www.poesiegalerie.at\/wordpress\/#organization\",\"name\":\"Poesiegalerie\",\"url\":\"https:\/\/www.poesiegalerie.at\/wordpress\/\",\"logo\":{\"@type\":\"ImageObject\",\"inLanguage\":\"de-DE\",\"@id\":\"https:\/\/www.poesiegalerie.at\/wordpress\/#\/schema\/logo\/image\/\",\"url\":\"https:\/\/www.poesiegalerie.at\/wordpress\/wp-content\/uploads\/2021\/01\/Logoquadrat-PG-1.png\",\"contentUrl\":\"https:\/\/www.poesiegalerie.at\/wordpress\/wp-content\/uploads\/2021\/01\/Logoquadrat-PG-1.png\",\"width\":512,\"height\":512,\"caption\":\"Poesiegalerie\"},\"image\":{\"@id\":\"https:\/\/www.poesiegalerie.at\/wordpress\/#\/schema\/logo\/image\/\"},\"sameAs\":[\"https:\/\/facebook.com\/poesiegalerie\",\"https:\/\/twitter.com\/poesiegalerie\",\"https:\/\/instagram.com\/poesiegalerie\",\"https:\/\/youtube.com\/channel\/UChHTsNTzMPzZpU8TfKP3dNQ\"]}]}<\/script>\n<!-- \/ Yoast SEO plugin. -->","yoast_head_json":{"title":"Jenamani Sarita - Poesiegalerie","robots":{"index":"index","follow":"follow","max-snippet":"max-snippet:-1","max-image-preview":"max-image-preview:large","max-video-preview":"max-video-preview:-1"},"canonical":"https:\/\/www.poesiegalerie.at\/wordpress\/autor\u2011innen\/jenamani-sarita\/","og_locale":"de_DE","og_type":"article","og_title":"Jenamani Sarita - Poesiegalerie","og_description":"[vc_row][vc_column width=&#8220;2\/3&#8243;][vc_column_text css=&#8220;.vc_custom_1591810821563{margin-bottom: 10px !important;}&#8220;] Biografie [\/vc_column_text][vc_column_text] Schriftstellerin, \u00dcbersetzerin, Menschenrechtsaktivistin und Herausgeberin der zweisprachigen Zeitschrift f\u00fcr Migrationsliteratur \u201eWords &amp; Worlds\u201c. Sie ist Generalsekret\u00e4rin des \u00f6sterreichischen PEN-Clubs. Jenamani studierte Wirtschaftswissenschaften und Management in Indien und \u00d6sterreich. Sie schreibt Gedichte und Kurzprosa auf Englisch, Deutsch sowie Oriya, ihrer Muttersprache. Bisher hat sie drei Gedichtb\u00e4nde ver\u00f6ffentlicht, und ihre&hellip;","og_url":"https:\/\/www.poesiegalerie.at\/wordpress\/autor\u2011innen\/jenamani-sarita\/","og_site_name":"Poesiegalerie","article_publisher":"https:\/\/facebook.com\/poesiegalerie","article_modified_time":"2024-12-18T11:38:30+00:00","og_image":[{"width":1756,"height":2020,"url":"https:\/\/www.poesiegalerie.at\/wordpress\/wp-content\/uploads\/2024\/12\/Sarita-Jenamani.jpg","type":"image\/jpeg"}],"twitter_card":"summary_large_image","twitter_site":"@poesiegalerie","twitter_misc":{"Gesch\u00e4tzte Lesezeit":"2 Minuten"},"schema":{"@context":"https:\/\/schema.org","@graph":[{"@type":"WebPage","@id":"https:\/\/www.poesiegalerie.at\/wordpress\/autor%e2%80%91innen\/jenamani-sarita\/","url":"https:\/\/www.poesiegalerie.at\/wordpress\/autor%e2%80%91innen\/jenamani-sarita\/","name":"Jenamani Sarita - Poesiegalerie","isPartOf":{"@id":"https:\/\/www.poesiegalerie.at\/wordpress\/#website"},"datePublished":"2024-12-18T09:51:38+00:00","dateModified":"2024-12-18T11:38:30+00:00","breadcrumb":{"@id":"https:\/\/www.poesiegalerie.at\/wordpress\/autor%e2%80%91innen\/jenamani-sarita\/#breadcrumb"},"inLanguage":"de-DE","potentialAction":[{"@type":"ReadAction","target":["https:\/\/www.poesiegalerie.at\/wordpress\/autor%e2%80%91innen\/jenamani-sarita\/"]}]},{"@type":"BreadcrumbList","@id":"https:\/\/www.poesiegalerie.at\/wordpress\/autor%e2%80%91innen\/jenamani-sarita\/#breadcrumb","itemListElement":[{"@type":"ListItem","position":1,"name":"Startseite","item":"https:\/\/www.poesiegalerie.at\/wordpress\/"},{"@type":"ListItem","position":2,"name":"Autor*innen","item":"https:\/\/www.poesiegalerie.at\/wordpress\/autor%e2%80%91innen\/"},{"@type":"ListItem","position":3,"name":"Jenamani Sarita"}]},{"@type":"WebSite","@id":"https:\/\/www.poesiegalerie.at\/wordpress\/#website","url":"https:\/\/www.poesiegalerie.at\/wordpress\/","name":"Poesiegalerie","description":"","publisher":{"@id":"https:\/\/www.poesiegalerie.at\/wordpress\/#organization"},"potentialAction":[{"@type":"SearchAction","target":{"@type":"EntryPoint","urlTemplate":"https:\/\/www.poesiegalerie.at\/wordpress\/?s={search_term_string}"},"query-input":"required name=search_term_string"}],"inLanguage":"de-DE"},{"@type":"Organization","@id":"https:\/\/www.poesiegalerie.at\/wordpress\/#organization","name":"Poesiegalerie","url":"https:\/\/www.poesiegalerie.at\/wordpress\/","logo":{"@type":"ImageObject","inLanguage":"de-DE","@id":"https:\/\/www.poesiegalerie.at\/wordpress\/#\/schema\/logo\/image\/","url":"https:\/\/www.poesiegalerie.at\/wordpress\/wp-content\/uploads\/2021\/01\/Logoquadrat-PG-1.png","contentUrl":"https:\/\/www.poesiegalerie.at\/wordpress\/wp-content\/uploads\/2021\/01\/Logoquadrat-PG-1.png","width":512,"height":512,"caption":"Poesiegalerie"},"image":{"@id":"https:\/\/www.poesiegalerie.at\/wordpress\/#\/schema\/logo\/image\/"},"sameAs":["https:\/\/facebook.com\/poesiegalerie","https:\/\/twitter.com\/poesiegalerie","https:\/\/instagram.com\/poesiegalerie","https:\/\/youtube.com\/channel\/UChHTsNTzMPzZpU8TfKP3dNQ"]}]}},"_links":{"self":[{"href":"https:\/\/www.poesiegalerie.at\/wordpress\/wp-json\/wp\/v2\/pages\/20131"}],"collection":[{"href":"https:\/\/www.poesiegalerie.at\/wordpress\/wp-json\/wp\/v2\/pages"}],"about":[{"href":"https:\/\/www.poesiegalerie.at\/wordpress\/wp-json\/wp\/v2\/types\/page"}],"author":[{"embeddable":true,"href":"https:\/\/www.poesiegalerie.at\/wordpress\/wp-json\/wp\/v2\/users\/13"}],"replies":[{"embeddable":true,"href":"https:\/\/www.poesiegalerie.at\/wordpress\/wp-json\/wp\/v2\/comments?post=20131"}],"version-history":[{"count":8,"href":"https:\/\/www.poesiegalerie.at\/wordpress\/wp-json\/wp\/v2\/pages\/20131\/revisions"}],"predecessor-version":[{"id":20141,"href":"https:\/\/www.poesiegalerie.at\/wordpress\/wp-json\/wp\/v2\/pages\/20131\/revisions\/20141"}],"up":[{"embeddable":true,"href":"https:\/\/www.poesiegalerie.at\/wordpress\/wp-json\/wp\/v2\/pages\/8903"}],"wp:featuredmedia":[{"embeddable":true,"href":"https:\/\/www.poesiegalerie.at\/wordpress\/wp-json\/wp\/v2\/media\/20134"}],"wp:attachment":[{"href":"https:\/\/www.poesiegalerie.at\/wordpress\/wp-json\/wp\/v2\/media?parent=20131"}],"wp:term":[{"taxonomy":"category","embeddable":true,"href":"https:\/\/www.poesiegalerie.at\/wordpress\/wp-json\/wp\/v2\/categories?post=20131"},{"taxonomy":"post_tag","embeddable":true,"href":"https:\/\/www.poesiegalerie.at\/wordpress\/wp-json\/wp\/v2\/tags?post=20131"}],"curies":[{"name":"wp","href":"https:\/\/api.w.org\/{rel}","templated":true}]}}