{"id":20525,"date":"2025-01-18T11:44:53","date_gmt":"2025-01-18T10:44:53","guid":{"rendered":"https:\/\/www.poesiegalerie.at\/wordpress\/?page_id=20525"},"modified":"2025-01-18T12:17:14","modified_gmt":"2025-01-18T11:17:14","slug":"freundeskreis-der-poesiegalerie","status":"publish","type":"page","link":"https:\/\/www.poesiegalerie.at\/wordpress\/freundeskreis-der-poesiegalerie\/","title":{"rendered":"Freundeskreis der Poesiegalerie"},"content":{"rendered":"\n<p class=\"has-thb-accent-color has-text-color has-medium-font-size\">Unterst\u00fctzen Sie ideell und finanziell die Poesiegalerie bei ihrer Arbeit und werden Sie Mitglied im Freundeskreis der Poesiegalerie. <\/p>\n\n\n\n<figure class=\"wp-block-image size-large\"><img decoding=\"async\" loading=\"lazy\" width=\"1024\" height=\"489\" src=\"data:image\/gif;base64,R0lGODlhAQABAAAAACH5BAEKAAEALAAAAAABAAEAAAICTAEAOw==\" data-src=\"https:\/\/www.poesiegalerie.at\/wordpress\/wp-content\/uploads\/2025\/01\/Jour-fixe_Imagefolder-Kopie-1024x489.jpg\" alt=\"Dichter und Dichterinnen beim Jour fixe der Poesiegalerie 2023\" class=\"wp-image-20528 lazyload\" data-sizes=\"auto\" data-srcset=\"https:\/\/www.poesiegalerie.at\/wordpress\/wp-content\/uploads\/2025\/01\/Jour-fixe_Imagefolder-Kopie-1024x489.jpg 1024w, https:\/\/www.poesiegalerie.at\/wordpress\/wp-content\/uploads\/2025\/01\/Jour-fixe_Imagefolder-Kopie-300x143.jpg 300w, https:\/\/www.poesiegalerie.at\/wordpress\/wp-content\/uploads\/2025\/01\/Jour-fixe_Imagefolder-Kopie-150x72.jpg 150w, https:\/\/www.poesiegalerie.at\/wordpress\/wp-content\/uploads\/2025\/01\/Jour-fixe_Imagefolder-Kopie-768x366.jpg 768w, https:\/\/www.poesiegalerie.at\/wordpress\/wp-content\/uploads\/2025\/01\/Jour-fixe_Imagefolder-Kopie-370x177.jpg 370w, https:\/\/www.poesiegalerie.at\/wordpress\/wp-content\/uploads\/2025\/01\/Jour-fixe_Imagefolder-Kopie-800x382.jpg 800w, https:\/\/www.poesiegalerie.at\/wordpress\/wp-content\/uploads\/2025\/01\/Jour-fixe_Imagefolder-Kopie-740x353.jpg 740w, https:\/\/www.poesiegalerie.at\/wordpress\/wp-content\/uploads\/2025\/01\/Jour-fixe_Imagefolder-Kopie-20x10.jpg 20w, https:\/\/www.poesiegalerie.at\/wordpress\/wp-content\/uploads\/2025\/01\/Jour-fixe_Imagefolder-Kopie-600x286.jpg 600w, https:\/\/www.poesiegalerie.at\/wordpress\/wp-content\/uploads\/2025\/01\/Jour-fixe_Imagefolder-Kopie-101x48.jpg 101w\" sizes=\"(max-width: 1024px) 100vw, 1024px\" \/><\/figure>\n\n\n\n<div style=\"height:31px\" aria-hidden=\"true\" class=\"wp-block-spacer\"><\/div>\n\n\n\n<p class=\"has-thb-accent-color has-text-color\"><strong>Ihre Gr\u00fcnde f\u00fcr den Beitritt:<\/strong><\/p>\n\n\n\n<p>* Gedichte er\u00f6ffnen neue Horizonte.&nbsp;<\/p>\n\n\n\n<p>* Poesie und der Dialog \u00fcber Dichtung verbinden.&nbsp;<\/p>\n\n\n\n<p>* Poesie spricht eine Sprache jenseits von Herrschaft und ist damit gesellschaftsrelevant.<\/p>\n\n\n\n<p>* Die&nbsp;<em>Poesiegalerie<\/em>&nbsp;f\u00f6rdert die zeitgen\u00f6ssische Dichtkunst in und aus \u00d6sterreich.&nbsp;<\/p>\n\n\n\n<p>* Die&nbsp;<em>Poesiegalerie<\/em>&nbsp;braucht Ihre ideelle und finanzielle Unterst\u00fctzung, zumal bei politisch unsicheren Zeiten, da die <em>Poesiegalerie<\/em> bis dato komplett von der \u00f6ffentlichen Hand abh\u00e4ngt.&nbsp;<\/p>\n\n\n\n<p class=\"has-thb-accent-color has-text-color\"><strong>Profitieren Sie von folgenden Benefits:<\/strong><\/p>\n\n\n\n<p>* Zweimal im Jahr werden Sie zu exklusiven Abenden in Wien eingeladen, zu besonderen Begegnungen mit Lyrikschaffenden.<\/p>\n\n\n\n<p>* Exklusive F\u00fchrung durch die \u201eTransmediale Poesiegalerie\u201c im Rahmen des dreit\u00e4gigen Lyrikfestivals.<\/p>\n\n\n\n<p>* Teilnahme am mehrmals im Jahr stattfindenden Jour fixe der&nbsp;<em>poesiegalerie<\/em>, bei dem sich Lyrikschaffende informell austauschen.<\/p>\n\n\n\n<p class=\"has-thb-accent-color has-text-color\"><strong>Optionen und Beitr\u00e4ge:<\/strong><\/p>\n\n\n\n<p>* Privatpersonen (<em>Freund*in<\/em>): \u20ac 50,\u2013&nbsp;<\/p>\n\n\n\n<p>*&nbsp;<em>Freund*in und F\u00f6rder*in<\/em>&nbsp;der <em>Poesiegalerie<\/em> mit namentlicher Nennung auf der Website: \u20ac 150,\u2013&nbsp;<\/p>\n\n\n\n<p>*&nbsp;<em>Freund*in und F\u00f6rder*in<\/em>&nbsp;plus Partner*in mit namentlicher Nennung auf der Website: \u20ac 250,\u2013&nbsp;<\/p>\n\n\n\n<p>* Unternehmen (Mindestbeitrag; Logopr\u00e4senz und Nennung auf Website, Videointerview f\u00fcr Social-Media-Auftritt): \u20ac 500,\u2013&nbsp;<\/p>\n\n\n\n<p class=\"has-thb-accent-color has-text-color\"><strong>Wie werde ich Mitglied?<\/strong><\/p>\n\n\n\n<p>Bitte kontaktieren Sie unter dem Betreff &#8222;Freundeskreis&#8220; Herrn Sven P. Jakobson und schreiben Sie, welche Option der Mitgliedschaft Sie anstreben. Herr Jakobson wird Ihnen gerne antworten und Ihnen die notwendigen Informationen zukommen lassen: <a href=\"mailto:poesiegalerie@gmail.com\">poesiegalerie@gmail.com<\/a><\/p>\n\n\n\n<p><strong>Beachten Sie<\/strong>: Die Mitgliedschaft im Freundeskreis der <em>Poesiegalerie<\/em> gilt pro Kalenderjahr und kann bis zum Ende des dritten Quartals des laufenden Jahres gek\u00fcndigt werden. Ansonsten verl\u00e4ngert sie sich automatisch um ein weiteres Jahr. Bei Abschluss der Mitgliedschaft wird f\u00fcr das laufende Jahr nur ein anteiliger Beitrag nach Quartal f\u00e4llig.<\/p>\n","protected":false},"excerpt":{"rendered":"<p>Unterst\u00fctzen Sie ideell und finanziell die Poesiegalerie bei ihrer Arbeit und werden Sie Mitglied im Freundeskreis der Poesiegalerie. Ihre Gr\u00fcnde f\u00fcr den Beitritt: * Gedichte er\u00f6ffnen neue Horizonte.&nbsp; * Poesie und der Dialog \u00fcber Dichtung verbinden.&nbsp; * Poesie spricht eine Sprache jenseits von Herrschaft und ist damit gesellschaftsrelevant. * Die&nbsp;Poesiegalerie&nbsp;f\u00f6rdert die zeitgen\u00f6ssische Dichtkunst in und&hellip;<\/p>\n","protected":false},"author":1,"featured_media":20538,"parent":0,"menu_order":0,"comment_status":"closed","ping_status":"closed","template":"","meta":[],"categories":[110,1],"tags":[429,639],"yoast_head":"<!-- This site is optimized with the Yoast SEO plugin v20.6 - https:\/\/yoast.com\/wordpress\/plugins\/seo\/ -->\n<title>Freundeskreis der Poesiegalerie - Poesiegalerie<\/title>\n<meta name=\"description\" content=\"Informationen \u00fcber den Freundeskreis der Poesiegalerie, der ideell und finanziell die Arbeit der Poesiegalerie unterst\u00fctzt.\" \/>\n<meta name=\"robots\" content=\"index, follow, max-snippet:-1, max-image-preview:large, max-video-preview:-1\" \/>\n<link rel=\"canonical\" href=\"https:\/\/www.poesiegalerie.at\/wordpress\/freundeskreis-der-poesiegalerie\/\" \/>\n<meta property=\"og:locale\" content=\"de_DE\" \/>\n<meta property=\"og:type\" content=\"article\" \/>\n<meta property=\"og:title\" content=\"Freundeskreis der Poesiegalerie - Poesiegalerie\" \/>\n<meta property=\"og:description\" content=\"Informationen \u00fcber den Freundeskreis der Poesiegalerie, der ideell und finanziell die Arbeit der Poesiegalerie unterst\u00fctzt.\" \/>\n<meta property=\"og:url\" content=\"https:\/\/www.poesiegalerie.at\/wordpress\/freundeskreis-der-poesiegalerie\/\" \/>\n<meta property=\"og:site_name\" content=\"Poesiegalerie\" \/>\n<meta property=\"article:publisher\" content=\"https:\/\/facebook.com\/poesiegalerie\" \/>\n<meta property=\"article:modified_time\" content=\"2025-01-18T11:17:14+00:00\" \/>\n<meta property=\"og:image\" content=\"https:\/\/www.poesiegalerie.at\/wordpress\/wp-content\/uploads\/2025\/01\/Team-Poesiegalerie-scaled.jpeg\" \/>\n\t<meta property=\"og:image:width\" content=\"2295\" \/>\n\t<meta property=\"og:image:height\" content=\"2560\" \/>\n\t<meta property=\"og:image:type\" content=\"image\/jpeg\" \/>\n<meta name=\"twitter:card\" content=\"summary_large_image\" \/>\n<meta name=\"twitter:site\" content=\"@poesiegalerie\" \/>\n<meta name=\"twitter:label1\" content=\"Gesch\u00e4tzte Lesezeit\" \/>\n\t<meta name=\"twitter:data1\" content=\"2 Minuten\" \/>\n<script type=\"application\/ld+json\" class=\"yoast-schema-graph\">{\"@context\":\"https:\/\/schema.org\",\"@graph\":[{\"@type\":\"WebPage\",\"@id\":\"https:\/\/www.poesiegalerie.at\/wordpress\/freundeskreis-der-poesiegalerie\/\",\"url\":\"https:\/\/www.poesiegalerie.at\/wordpress\/freundeskreis-der-poesiegalerie\/\",\"name\":\"Freundeskreis der Poesiegalerie - Poesiegalerie\",\"isPartOf\":{\"@id\":\"https:\/\/www.poesiegalerie.at\/wordpress\/#website\"},\"datePublished\":\"2025-01-18T10:44:53+00:00\",\"dateModified\":\"2025-01-18T11:17:14+00:00\",\"description\":\"Informationen \u00fcber den Freundeskreis der Poesiegalerie, der ideell und finanziell die Arbeit der Poesiegalerie unterst\u00fctzt.\",\"breadcrumb\":{\"@id\":\"https:\/\/www.poesiegalerie.at\/wordpress\/freundeskreis-der-poesiegalerie\/#breadcrumb\"},\"inLanguage\":\"de-DE\",\"potentialAction\":[{\"@type\":\"ReadAction\",\"target\":[\"https:\/\/www.poesiegalerie.at\/wordpress\/freundeskreis-der-poesiegalerie\/\"]}]},{\"@type\":\"BreadcrumbList\",\"@id\":\"https:\/\/www.poesiegalerie.at\/wordpress\/freundeskreis-der-poesiegalerie\/#breadcrumb\",\"itemListElement\":[{\"@type\":\"ListItem\",\"position\":1,\"name\":\"Startseite\",\"item\":\"https:\/\/www.poesiegalerie.at\/wordpress\/\"},{\"@type\":\"ListItem\",\"position\":2,\"name\":\"Freundeskreis der Poesiegalerie\"}]},{\"@type\":\"WebSite\",\"@id\":\"https:\/\/www.poesiegalerie.at\/wordpress\/#website\",\"url\":\"https:\/\/www.poesiegalerie.at\/wordpress\/\",\"name\":\"Poesiegalerie\",\"description\":\"\",\"publisher\":{\"@id\":\"https:\/\/www.poesiegalerie.at\/wordpress\/#organization\"},\"potentialAction\":[{\"@type\":\"SearchAction\",\"target\":{\"@type\":\"EntryPoint\",\"urlTemplate\":\"https:\/\/www.poesiegalerie.at\/wordpress\/?s={search_term_string}\"},\"query-input\":\"required name=search_term_string\"}],\"inLanguage\":\"de-DE\"},{\"@type\":\"Organization\",\"@id\":\"https:\/\/www.poesiegalerie.at\/wordpress\/#organization\",\"name\":\"Poesiegalerie\",\"url\":\"https:\/\/www.poesiegalerie.at\/wordpress\/\",\"logo\":{\"@type\":\"ImageObject\",\"inLanguage\":\"de-DE\",\"@id\":\"https:\/\/www.poesiegalerie.at\/wordpress\/#\/schema\/logo\/image\/\",\"url\":\"https:\/\/www.poesiegalerie.at\/wordpress\/wp-content\/uploads\/2021\/01\/Logoquadrat-PG-1.png\",\"contentUrl\":\"https:\/\/www.poesiegalerie.at\/wordpress\/wp-content\/uploads\/2021\/01\/Logoquadrat-PG-1.png\",\"width\":512,\"height\":512,\"caption\":\"Poesiegalerie\"},\"image\":{\"@id\":\"https:\/\/www.poesiegalerie.at\/wordpress\/#\/schema\/logo\/image\/\"},\"sameAs\":[\"https:\/\/facebook.com\/poesiegalerie\",\"https:\/\/twitter.com\/poesiegalerie\",\"https:\/\/instagram.com\/poesiegalerie\",\"https:\/\/youtube.com\/channel\/UChHTsNTzMPzZpU8TfKP3dNQ\"]}]}<\/script>\n<!-- \/ Yoast SEO plugin. -->","yoast_head_json":{"title":"Freundeskreis der Poesiegalerie - Poesiegalerie","description":"Informationen \u00fcber den Freundeskreis der Poesiegalerie, der ideell und finanziell die Arbeit der Poesiegalerie unterst\u00fctzt.","robots":{"index":"index","follow":"follow","max-snippet":"max-snippet:-1","max-image-preview":"max-image-preview:large","max-video-preview":"max-video-preview:-1"},"canonical":"https:\/\/www.poesiegalerie.at\/wordpress\/freundeskreis-der-poesiegalerie\/","og_locale":"de_DE","og_type":"article","og_title":"Freundeskreis der Poesiegalerie - Poesiegalerie","og_description":"Informationen \u00fcber den Freundeskreis der Poesiegalerie, der ideell und finanziell die Arbeit der Poesiegalerie unterst\u00fctzt.","og_url":"https:\/\/www.poesiegalerie.at\/wordpress\/freundeskreis-der-poesiegalerie\/","og_site_name":"Poesiegalerie","article_publisher":"https:\/\/facebook.com\/poesiegalerie","article_modified_time":"2025-01-18T11:17:14+00:00","og_image":[{"width":2295,"height":2560,"url":"https:\/\/www.poesiegalerie.at\/wordpress\/wp-content\/uploads\/2025\/01\/Team-Poesiegalerie-scaled.jpeg","type":"image\/jpeg"}],"twitter_card":"summary_large_image","twitter_site":"@poesiegalerie","twitter_misc":{"Gesch\u00e4tzte Lesezeit":"2 Minuten"},"schema":{"@context":"https:\/\/schema.org","@graph":[{"@type":"WebPage","@id":"https:\/\/www.poesiegalerie.at\/wordpress\/freundeskreis-der-poesiegalerie\/","url":"https:\/\/www.poesiegalerie.at\/wordpress\/freundeskreis-der-poesiegalerie\/","name":"Freundeskreis der Poesiegalerie - Poesiegalerie","isPartOf":{"@id":"https:\/\/www.poesiegalerie.at\/wordpress\/#website"},"datePublished":"2025-01-18T10:44:53+00:00","dateModified":"2025-01-18T11:17:14+00:00","description":"Informationen \u00fcber den Freundeskreis der Poesiegalerie, der ideell und finanziell die Arbeit der Poesiegalerie unterst\u00fctzt.","breadcrumb":{"@id":"https:\/\/www.poesiegalerie.at\/wordpress\/freundeskreis-der-poesiegalerie\/#breadcrumb"},"inLanguage":"de-DE","potentialAction":[{"@type":"ReadAction","target":["https:\/\/www.poesiegalerie.at\/wordpress\/freundeskreis-der-poesiegalerie\/"]}]},{"@type":"BreadcrumbList","@id":"https:\/\/www.poesiegalerie.at\/wordpress\/freundeskreis-der-poesiegalerie\/#breadcrumb","itemListElement":[{"@type":"ListItem","position":1,"name":"Startseite","item":"https:\/\/www.poesiegalerie.at\/wordpress\/"},{"@type":"ListItem","position":2,"name":"Freundeskreis der Poesiegalerie"}]},{"@type":"WebSite","@id":"https:\/\/www.poesiegalerie.at\/wordpress\/#website","url":"https:\/\/www.poesiegalerie.at\/wordpress\/","name":"Poesiegalerie","description":"","publisher":{"@id":"https:\/\/www.poesiegalerie.at\/wordpress\/#organization"},"potentialAction":[{"@type":"SearchAction","target":{"@type":"EntryPoint","urlTemplate":"https:\/\/www.poesiegalerie.at\/wordpress\/?s={search_term_string}"},"query-input":"required name=search_term_string"}],"inLanguage":"de-DE"},{"@type":"Organization","@id":"https:\/\/www.poesiegalerie.at\/wordpress\/#organization","name":"Poesiegalerie","url":"https:\/\/www.poesiegalerie.at\/wordpress\/","logo":{"@type":"ImageObject","inLanguage":"de-DE","@id":"https:\/\/www.poesiegalerie.at\/wordpress\/#\/schema\/logo\/image\/","url":"https:\/\/www.poesiegalerie.at\/wordpress\/wp-content\/uploads\/2021\/01\/Logoquadrat-PG-1.png","contentUrl":"https:\/\/www.poesiegalerie.at\/wordpress\/wp-content\/uploads\/2021\/01\/Logoquadrat-PG-1.png","width":512,"height":512,"caption":"Poesiegalerie"},"image":{"@id":"https:\/\/www.poesiegalerie.at\/wordpress\/#\/schema\/logo\/image\/"},"sameAs":["https:\/\/facebook.com\/poesiegalerie","https:\/\/twitter.com\/poesiegalerie","https:\/\/instagram.com\/poesiegalerie","https:\/\/youtube.com\/channel\/UChHTsNTzMPzZpU8TfKP3dNQ"]}]}},"_links":{"self":[{"href":"https:\/\/www.poesiegalerie.at\/wordpress\/wp-json\/wp\/v2\/pages\/20525"}],"collection":[{"href":"https:\/\/www.poesiegalerie.at\/wordpress\/wp-json\/wp\/v2\/pages"}],"about":[{"href":"https:\/\/www.poesiegalerie.at\/wordpress\/wp-json\/wp\/v2\/types\/page"}],"author":[{"embeddable":true,"href":"https:\/\/www.poesiegalerie.at\/wordpress\/wp-json\/wp\/v2\/users\/1"}],"replies":[{"embeddable":true,"href":"https:\/\/www.poesiegalerie.at\/wordpress\/wp-json\/wp\/v2\/comments?post=20525"}],"version-history":[{"count":5,"href":"https:\/\/www.poesiegalerie.at\/wordpress\/wp-json\/wp\/v2\/pages\/20525\/revisions"}],"predecessor-version":[{"id":20539,"href":"https:\/\/www.poesiegalerie.at\/wordpress\/wp-json\/wp\/v2\/pages\/20525\/revisions\/20539"}],"wp:featuredmedia":[{"embeddable":true,"href":"https:\/\/www.poesiegalerie.at\/wordpress\/wp-json\/wp\/v2\/media\/20538"}],"wp:attachment":[{"href":"https:\/\/www.poesiegalerie.at\/wordpress\/wp-json\/wp\/v2\/media?parent=20525"}],"wp:term":[{"taxonomy":"category","embeddable":true,"href":"https:\/\/www.poesiegalerie.at\/wordpress\/wp-json\/wp\/v2\/categories?post=20525"},{"taxonomy":"post_tag","embeddable":true,"href":"https:\/\/www.poesiegalerie.at\/wordpress\/wp-json\/wp\/v2\/tags?post=20525"}],"curies":[{"name":"wp","href":"https:\/\/api.w.org\/{rel}","templated":true}]}}