{"id":23100,"date":"2025-11-01T08:21:29","date_gmt":"2025-11-01T07:21:29","guid":{"rendered":"https:\/\/www.poesiegalerie.at\/wordpress\/?page_id=23100"},"modified":"2025-11-09T21:20:36","modified_gmt":"2025-11-09T20:20:36","slug":"loitzl-ina","status":"publish","type":"page","link":"https:\/\/www.poesiegalerie.at\/wordpress\/autor%e2%80%91innen\/loitzl-ina\/","title":{"rendered":"Loitzl Ina"},"content":{"rendered":"<section class=\"wpb-content-wrapper\">[vc_row][vc_column width=&#8220;2\/3&#8243;][vc_column_text css=&#8220;.vc_custom_1591810821563{margin-bottom: 10px !important;}&#8220;]\n<h4>Biografie<\/h4>\n[\/vc_column_text][vc_column_text]<span style=\"color: #0a0a0a;\"><span style=\"font-family: sofia-pro, BlinkMacSystemFont, apple-system, Roboto, Lucida Sans;\"><span style=\"font-size: medium;\">Studium Grafik und Visuelle Medien an der HS Mozarteum sowie Visuelle Medien an der HS f\u00fcr Angewandte Kunst bei Peter Weibel.<\/span><\/span><\/span><\/p>\n<p><span style=\"color: #0a0a0a;\"><span style=\"font-family: sofia-pro, BlinkMacSystemFont, apple-system, Roboto, Lucida Sans;\"><span style=\"font-size: medium;\">Arbeitet in den Medien Textilobjekt, Animation und CUTOUTS im Gef\u00fcge einer Gesamtinstallation.<br \/>\nLebt und arbeitet in Wien und K\u00e4rnten.<\/span><\/span><\/span><\/p>\n<p><span style=\"color: #0a0a0a;\"><span style=\"font-family: sofia-pro, BlinkMacSystemFont, apple-system, Roboto, Lucida Sans;\"><span style=\"font-size: medium;\">Zahlreiche Preise, zuletzt\u00a0<\/span><\/span><\/span><em><span style=\"color: #0a0a0a;\"><span style=\"font-family: sofia-pro, BlinkMacSystemFont, apple-system, Roboto, Lucida Sans;\"><span style=\"font-size: medium;\"><i>\u00d6sterreichisches Ehrenzeichen f\u00fcr Wissenschaft und Kunst<\/i><\/span><\/span><\/span><\/em><span style=\"color: #0a0a0a;\"><span style=\"font-family: sofia-pro, BlinkMacSystemFont, apple-system, Roboto, Lucida Sans;\"><span style=\"font-size: medium;\">\u00a02025, und Residencies, zuletzt in Schlins (Vbg.) 2024.<\/span><\/span><\/span>[\/vc_column_text][vc_column_text css=&#8220;.vc_custom_1592073008510{margin-bottom: 10px !important;}&#8220;]\n<h4>Ver\u00f6ffentlichungen<\/h4>\n[\/vc_column_text][vc_column_text]\n<ul>\n<li><em><span style=\"color: #0a0a0a;\"><span style=\"font-family: sofia-pro, BlinkMacSystemFont, apple-system, Roboto, Lucida Sans;\"><span style=\"font-size: medium;\"><i>Cutout monkey<\/i><\/span><\/span><\/span><\/em><span style=\"color: #0a0a0a;\"><span style=\"font-family: sofia-pro, BlinkMacSystemFont, apple-system, Roboto, Lucida Sans;\"><span style=\"font-size: medium;\">. Kunstkatalog. Artbook Verlag, Munderfing\/Wien 2025<\/span><\/span><\/span><\/li>\n<li><span style=\"color: #0a0a0a;\"><span style=\"font-family: sofia-pro, BlinkMacSystemFont, apple-system, Roboto, Lucida Sans;\"><span style=\"font-size: medium;\">Renate Hausenblas &amp; Ina Loitzl:\u00a0<\/span><\/span><\/span><em><span style=\"color: #0a0a0a;\"><span style=\"font-family: sofia-pro, BlinkMacSystemFont, apple-system, Roboto, Lucida Sans;\"><span style=\"font-size: medium;\"><i>Virgin nature<\/i><\/span><\/span><\/span><\/em><span style=\"color: #0a0a0a;\"><span style=\"font-family: sofia-pro, BlinkMacSystemFont, apple-system, Roboto, Lucida Sans;\"><span style=\"font-size: medium;\">. Stadtgalerie Museumspavillon, Salzburg 2024<\/span><\/span><\/span><\/li>\n<li><em><span style=\"color: #0a0a0a;\"><span style=\"font-family: sofia-pro, BlinkMacSystemFont, apple-system, Roboto, Lucida Sans;\"><span style=\"font-size: medium;\"><i>Waste art<\/i><\/span><\/span><\/span><\/em><span style=\"color: #0a0a0a;\"><span style=\"font-family: sofia-pro, BlinkMacSystemFont, apple-system, Roboto, Lucida Sans;\"><span style=\"font-size: medium;\">. Hg. von Wolfgang L. Diller. Ausstellungskatalog \/ halle50 der DomagkAteliers, 17.07.2021-25.07.2021. icon Verlag Hubert Kretschmer, M\u00fcnchen 2021<\/span><\/span><\/span><\/li>\n<li><em><span style=\"color: #0a0a0a;\"><span style=\"font-family: sofia-pro, BlinkMacSystemFont, apple-system, Roboto, Lucida Sans;\"><span style=\"font-size: medium;\"><i>Waste Art<\/i><\/span><\/span><\/span><\/em><span style=\"color: #0a0a0a;\"><span style=\"font-family: sofia-pro, BlinkMacSystemFont, apple-system, Roboto, Lucida Sans;\"><span style=\"font-size: medium;\">. Ausstellungskatalog \/ K\u00fcnstlerhaus Factory, 08.12.2020-17.01.2021, Wien. Kuratiert von Ina Loitzl. Hg. K\u00fcnstlerhaus, Gesellschaft bildender K\u00fcnstlerinnen und K\u00fcnstler. Redaktion Ina Loitzl. Wien 2020<\/span><\/span><\/span><\/li>\n<li><em><span style=\"color: #0a0a0a;\"><span style=\"font-family: sofia-pro, BlinkMacSystemFont, apple-system, Roboto, Lucida Sans;\"><span style=\"font-size: medium;\"><i>Cutouts<\/i><\/span><\/span><\/span><\/em><span style=\"color: #0a0a0a;\"><span style=\"font-family: sofia-pro, BlinkMacSystemFont, apple-system, Roboto, Lucida Sans;\"><span style=\"font-size: medium;\">. Bildband. Wien, 2019<\/span><\/span><\/span><\/li>\n<li><span style=\"color: #0a0a0a;\"><span style=\"font-family: sofia-pro, BlinkMacSystemFont, apple-system, Roboto, Lucida Sans;\"><span style=\"font-size: medium;\">Ina Loitzl und Tanja Pru\u0161nik (Hg. und Ill.):\u00a0<\/span><\/span><\/span><em><span style=\"color: #0a0a0a;\"><span style=\"font-family: sofia-pro, BlinkMacSystemFont, apple-system, Roboto, Lucida Sans;\"><span style=\"font-size: medium;\"><i>Den Blick \u00f6ffnen<\/i><\/span><\/span><\/span><\/em><span style=\"color: #0a0a0a;\"><span style=\"font-family: sofia-pro, BlinkMacSystemFont, apple-system, Roboto, Lucida Sans;\"><span style=\"font-size: medium;\">. Ausstellungskatalog \/ Palais Nieder\u00f6sterreich, 23.02.2018-04.03.2018, Wien 2018<\/span><\/span><\/span><\/li>\n<li><em><span style=\"color: #0a0a0a;\"><span style=\"font-family: sofia-pro, BlinkMacSystemFont, apple-system, Roboto, Lucida Sans;\"><span style=\"font-size: medium;\"><i>Ein St\u00fcck Heimat: ein k\u00fcnst(ler)i(s)ches Heimatmuseum<\/i><\/span><\/span><\/span><\/em><span style=\"color: #0a0a0a;\"><span style=\"font-family: sofia-pro, BlinkMacSystemFont, apple-system, Roboto, Lucida Sans;\"><span style=\"font-size: medium;\">. K\u00fcnstlerhaus, Gesellschaft bildender K\u00fcnstlerinnen und K\u00fcnstler \u00d6sterreichs, Wien 2017<\/span><\/span><\/span><\/li>\n<\/ul>\n[\/vc_column_text][\/vc_column][vc_column width=&#8220;1\/3&#8243;][vc_single_image image=&#8220;23121&#8243; img_size=&#8220;full&#8220; css_animation=&#8220;fadeIn&#8220;][vc_column_text]\n<p style=\"text-align: right; margin-top: -35px;\"><strong>\u00a9 Marko Lipu\u0161 <\/strong><\/p>\n[\/vc_column_text][vc_separator css=&#8220;.vc_custom_1591809399522{margin-bottom: 35px !important;}&#8220;][vc_column_text]\n<p style=\"text-align: center;\">* 1972 in Klagenfurt<br \/>\n<a href=\"http:\/\/inaloitzl.net\/joomla2\/\" target=\"_blank\" rel=\"noopener\">www.inaloitzl.net<\/a>[\/vc_column_text][\/vc_column][\/vc_row][vc_section css=&#8220;.vc_custom_1591810938586{margin-top: 35px !important;}&#8220;][vc_row][vc_column]\t<div class=\"thb_title  style1  \" id=\"thb-title-69fadf8e0de83\">\n\t<div class=\"thb_title_inner\">\n\t\t\t\t<svg version=\"1.1\" class=\"left_brackets\" xmlns=\"http:\/\/www.w3.org\/2000\/svg\" xmlns:xlink=\"http:\/\/www.w3.org\/1999\/xlink\" x=\"0px\" y=\"0px\"\r\n\t width=\"9px\" height=\"41px\" viewBox=\"0 0 9 41.5\" enable-background=\"new 0 0 9 41\" xml:space=\"preserve\">\r\n\t<path fill-rule=\"evenodd\" clip-rule=\"evenodd\" d=\"M8.932,2.101C8.35,1.803,7.755,1.377,7.093,1.185\r\n\t\tC4.735,0.501,3.077,2.059,2.557,4.512c-0.409,1.926,0.018,3.794,0.431,5.662c0.329,1.484,0.669,2.966,0.966,4.458\r\n\t\tc0.102,0.511,0.12,1.046,0.114,1.569c-0.018,1.876-0.77,3.303-2.681,4.073c2.614,1.149,2.975,3.284,2.56,5.675\r\n\t\tc-0.417,2.395-1.016,4.758-1.431,7.153C2.362,33.982,2.4,34.93,2.53,35.821c0.444,3.047,3.293,5.085,6.148,2.723\r\n\t\tC8.756,38.479,8.848,38.431,9,38.331c-1.102,1.964-3.579,2.703-5.296,1.951c-2.036-0.892-3.179-2.438-3.271-4.678\r\n\t\tc-0.087-2.105,0.488-4.104,1.052-6.104c0.429-1.515,0.866-3.033,1.155-4.576c0.423-2.255-0.472-3.747-2.64-4.6\r\n\t\tc0.478-0.263,0.963-0.449,1.351-0.758c1.226-0.979,1.607-2.327,1.307-3.797c-0.358-1.756-0.939-3.467-1.302-5.223\r\n\t\tC0.972,8.688,0.554,6.808,0.475,4.923C0.388,2.834,1.58,1.315,3.445,0.405C5.412-0.554,7.894,0.26,8.932,2.101z\"\/>\r\n<\/svg>\r\n\t\t<h2>Beitr\u00e4ge<\/h2>\n\t\t<svg version=\"1.1\" class=\"right_brackets\" xmlns=\"http:\/\/www.w3.org\/2000\/svg\" xmlns:xlink=\"http:\/\/www.w3.org\/1999\/xlink\" x=\"0px\" y=\"0px\"\r\n\t width=\"9px\" height=\"41px\" viewBox=\"0 0 9 41.5\" enable-background=\"new 0 0 9 41\" xml:space=\"preserve\">\r\n\t<path fill-rule=\"evenodd\" clip-rule=\"evenodd\" d=\"M0.068,2.101C0.65,1.803,1.245,1.377,1.907,1.185\r\n\t\tc2.357-0.683,4.016,0.874,4.536,3.328c0.409,1.926-0.018,3.794-0.431,5.662c-0.329,1.484-0.669,2.966-0.966,4.458\r\n\t\tc-0.102,0.511-0.12,1.046-0.114,1.569c0.018,1.876,0.77,3.303,2.681,4.073c-2.614,1.149-2.975,3.284-2.56,5.675\r\n\t\tc0.417,2.395,1.016,4.758,1.431,7.153c0.153,0.881,0.115,1.828-0.015,2.72c-0.444,3.047-3.293,5.085-6.148,2.723\r\n\t\tC0.244,38.479,0.152,38.431,0,38.331c1.102,1.964,3.579,2.703,5.296,1.951c2.036-0.892,3.179-2.438,3.271-4.678\r\n\t\tc0.087-2.105-0.488-4.104-1.052-6.104c-0.429-1.515-0.866-3.033-1.155-4.576c-0.423-2.255,0.472-3.747,2.64-4.6\r\n\t\tc-0.478-0.263-0.963-0.449-1.351-0.758c-1.226-0.979-1.607-2.327-1.307-3.797c0.358-1.756,0.939-3.467,1.302-5.223\r\n\t\tc0.384-1.859,0.802-3.739,0.881-5.624C8.612,2.834,7.42,1.315,5.555,0.405C3.588-0.554,1.106,0.26,0.068,2.101z\"\/>\r\n<\/svg>\r\n\t\t\t<\/div>\n\t\t\t<\/div>\n\t[\/vc_column][\/vc_row][vc_row][vc_column]\t\t<div class=\"thb-carousel thb-post-carousel thb-post-carousel-style5     center-arrows no-padding large-arrows   \" data-columns=\"3\" data-pagination=\"true\" data-navigation=\"true\" data-autoplay=\"true\" data-autoplay-speed=\"4000\" data-infinite=\"true\">\n\t\t\t\t\t\t\t<div class=\"columns\">\n\t\t\t\t\t\t\t\t\t\t\t\t\t\t\t\t\t\t\t\t\t\t\t\t\t\t\t\t\t\t\t<div class=\"post style12 featured-style featured-overflow center-contents post-23222 type-post status-publish format-standard has-post-thumbnail hentry category-aktuelles category-allgemein category-poesiegalerie category-poesiegalerie-2025 tag-andreas-unterweger tag-angelika-kaufmann tag-astrid-nischkauer tag-augusta-laar tag-bertl-muetter tag-brigitta-hoepler tag-daniel-boeswirth tag-david-hoffmann tag-elisabeth-frischauf tag-ernst-jandl tag-ewald-baringer tag-friederike-mayroecker tag-gertrude-moser-wagner tag-gundi-feyrer tag-guenter-vallaster tag-ina-loitzl tag-iryna-sazhynska tag-kinga-toth tag-kirstin-breitenfellner tag-nea-schmidt tag-peter-clar tag-rhea-krcmarova tag-sophie-reyer tag-udo-kawasser tag-verena-duerr tag-waltraud-haas\">\n  <figure class=\"post-gallery thb-parallax\" data-video=\"mp4:\">\n    <img width=\"740\" height=\"710\" src=\"https:\/\/www.poesiegalerie.at\/wordpress\/wp-content\/uploads\/2025\/11\/Tagesprotokoll-PG-25-Kachel-1.Tag_-20x19.jpg\" class=\"attachment-theissue-square-x2 size-theissue-square-x2 thb-lazyload lazyload wp-post-image\" alt=\"\" decoding=\"async\" loading=\"lazy\" sizes=\"(max-width: 740px) 100vw, 740px\" data-src=\"https:\/\/www.poesiegalerie.at\/wordpress\/wp-content\/uploads\/2025\/11\/Tagesprotokoll-PG-25-Kachel-1.Tag_-740x710.jpg\" data-sizes=\"auto\" data-srcset=\"https:\/\/www.poesiegalerie.at\/wordpress\/wp-content\/uploads\/2025\/11\/Tagesprotokoll-PG-25-Kachel-1.Tag_-740x710.jpg 740w, https:\/\/www.poesiegalerie.at\/wordpress\/wp-content\/uploads\/2025\/11\/Tagesprotokoll-PG-25-Kachel-1.Tag_-370x355.jpg 370w, https:\/\/www.poesiegalerie.at\/wordpress\/wp-content\/uploads\/2025\/11\/Tagesprotokoll-PG-25-Kachel-1.Tag_-20x20.jpg 20w\" \/>  <\/figure>\n  <div class=\"post-inner-content\">\n    <div class=\"post-overflow-content\">\n      \t\t<aside class=\"post-category \">\n\t\t\t\t\t<a href=\"https:\/\/www.poesiegalerie.at\/wordpress\/category\/aktuelles\/\" rel=\"category tag\">AKTUELLES<\/a>\n\t\t\t<\/aside>\n\t\t      <div class=\"post-title\"><h4><a href=\"https:\/\/www.poesiegalerie.at\/wordpress\/2025\/11\/11\/der-achten-poesiegalerie-erster-tag\/\" title=\"Der achten Poesiegalerie erster Tag\"><span>Der achten Poesiegalerie erster Tag<\/span><\/a><\/h4><\/div>      \t\t\t\t<aside class=\"thb-post-bottom\">\n\t\t\t\t\t\t<ul>\n\t\t\t\t\t\t\t\t<li class=\"post-date\">11. November 2025<\/li>\n\t\t\t\t\t\t\t\t\t\t\t\t<li class=\"post-read\">11 mins Read<\/li>\n\t\t\t\t\t\t\t\t\t\t\t<\/ul>\n\t\t<\/aside>\n\t\t      <a href=\"https:\/\/www.poesiegalerie.at\/wordpress\/2025\/11\/11\/der-achten-poesiegalerie-erster-tag\/\" class=\"featured-read-more\">Read More<\/a>\n    <\/div>\n  <\/div>\n<\/div>\t\t\t\t\t\t\t\t\t\t\t\t\t\t\t\t\t\t\t<\/div>\n\t\t\t\t\t\t\t<div class=\"columns\">\n\t\t\t\t\t\t\t\t\t\t\t\t\t\t\t\t\t\t\t\t\t\t\t\t\t\t\t\t\t\t\t<div class=\"post style12 featured-style featured-overflow center-contents post-23309 type-post status-publish format-standard has-post-thumbnail hentry category-transmediale-poesiegalerie-2025 tag-ina-loitzl tag-transmediale-poesiegalerie-2025\">\n  <figure class=\"post-gallery thb-parallax\" data-video=\"mp4:\">\n    <img width=\"740\" height=\"710\" src=\"https:\/\/www.poesiegalerie.at\/wordpress\/wp-content\/uploads\/2025\/11\/loitzl_ausstellung25-20x19.jpg\" class=\"attachment-theissue-square-x2 size-theissue-square-x2 thb-lazyload lazyload wp-post-image\" alt=\"\" decoding=\"async\" loading=\"lazy\" sizes=\"(max-width: 740px) 100vw, 740px\" data-src=\"https:\/\/www.poesiegalerie.at\/wordpress\/wp-content\/uploads\/2025\/11\/loitzl_ausstellung25-740x710.jpg\" data-sizes=\"auto\" data-srcset=\"https:\/\/www.poesiegalerie.at\/wordpress\/wp-content\/uploads\/2025\/11\/loitzl_ausstellung25-740x710.jpg 740w, https:\/\/www.poesiegalerie.at\/wordpress\/wp-content\/uploads\/2025\/11\/loitzl_ausstellung25-370x355.jpg 370w, https:\/\/www.poesiegalerie.at\/wordpress\/wp-content\/uploads\/2025\/11\/loitzl_ausstellung25-20x19.jpg 20w\" \/>  <\/figure>\n  <div class=\"post-inner-content\">\n    <div class=\"post-overflow-content\">\n      \t\t<aside class=\"post-category \">\n\t\t\t\t\t<\/aside>\n\t\t      <div class=\"post-title\"><h4><a href=\"https:\/\/www.poesiegalerie.at\/wordpress\/2025\/11\/09\/ina-loitzl\/\" title=\"Ina Loitzl\"><span>Ina Loitzl<\/span><\/a><\/h4><\/div>      \t\t\t\t<aside class=\"thb-post-bottom\">\n\t\t\t\t\t\t<ul>\n\t\t\t\t\t\t\t\t<li class=\"post-date\">9. November 2025<\/li>\n\t\t\t\t\t\t\t\t\t\t\t\t<li class=\"post-read\">1 min Read<\/li>\n\t\t\t\t\t\t\t\t\t\t\t<\/ul>\n\t\t<\/aside>\n\t\t      <a href=\"https:\/\/www.poesiegalerie.at\/wordpress\/2025\/11\/09\/ina-loitzl\/\" class=\"featured-read-more\">Read More<\/a>\n    <\/div>\n  <\/div>\n<\/div>\t\t\t\t\t\t\t\t\t\t\t\t\t\t\t\t\t\t\t<\/div>\n\t\t\t\t\t\t\t\t<\/div>\n\t\t[\/vc_column][\/vc_row][\/vc_section]\n<\/section>","protected":false},"excerpt":{"rendered":"<p>[vc_row][vc_column width=&#8220;2\/3&#8243;][vc_column_text css=&#8220;.vc_custom_1591810821563{margin-bottom: 10px !important;}&#8220;] Biografie [\/vc_column_text][vc_column_text]Studium Grafik und Visuelle Medien an der HS Mozarteum sowie Visuelle Medien an der HS f\u00fcr Angewandte Kunst bei Peter Weibel. Arbeitet in den Medien Textilobjekt, Animation und CUTOUTS im Gef\u00fcge einer Gesamtinstallation. Lebt und arbeitet in Wien und K\u00e4rnten. Zahlreiche Preise, zuletzt\u00a0\u00d6sterreichisches Ehrenzeichen f\u00fcr Wissenschaft und Kunst\u00a02025, und&hellip;<\/p>\n","protected":false},"author":7,"featured_media":23121,"parent":8903,"menu_order":0,"comment_status":"closed","ping_status":"closed","template":"","meta":[],"categories":[103],"tags":[134,666],"yoast_head":"<!-- This site is optimized with the Yoast SEO plugin v20.6 - https:\/\/yoast.com\/wordpress\/plugins\/seo\/ -->\n<title>Loitzl Ina - Poesiegalerie<\/title>\n<meta name=\"robots\" content=\"index, follow, max-snippet:-1, max-image-preview:large, max-video-preview:-1\" \/>\n<link rel=\"canonical\" href=\"https:\/\/www.poesiegalerie.at\/wordpress\/autor\u2011innen\/loitzl-ina\/\" \/>\n<meta property=\"og:locale\" content=\"de_DE\" \/>\n<meta property=\"og:type\" content=\"article\" \/>\n<meta property=\"og:title\" content=\"Loitzl Ina - Poesiegalerie\" \/>\n<meta property=\"og:description\" content=\"[vc_row][vc_column width=&#8220;2\/3&#8243;][vc_column_text css=&#8220;.vc_custom_1591810821563{margin-bottom: 10px !important;}&#8220;] Biografie [\/vc_column_text][vc_column_text]Studium Grafik und Visuelle Medien an der HS Mozarteum sowie Visuelle Medien an der HS f\u00fcr Angewandte Kunst bei Peter Weibel. Arbeitet in den Medien Textilobjekt, Animation und CUTOUTS im Gef\u00fcge einer Gesamtinstallation. Lebt und arbeitet in Wien und K\u00e4rnten. Zahlreiche Preise, zuletzt\u00a0\u00d6sterreichisches Ehrenzeichen f\u00fcr Wissenschaft und Kunst\u00a02025, und&hellip;\" \/>\n<meta property=\"og:url\" content=\"https:\/\/www.poesiegalerie.at\/wordpress\/autor\u2011innen\/loitzl-ina\/\" \/>\n<meta property=\"og:site_name\" content=\"Poesiegalerie\" \/>\n<meta property=\"article:publisher\" content=\"https:\/\/facebook.com\/poesiegalerie\" \/>\n<meta property=\"article:modified_time\" content=\"2025-11-09T20:20:36+00:00\" \/>\n<meta property=\"og:image\" content=\"https:\/\/www.poesiegalerie.at\/wordpress\/wp-content\/uploads\/2025\/11\/Ina-Loitzl-c-Lipus.jpg\" \/>\n\t<meta property=\"og:image:width\" content=\"790\" \/>\n\t<meta property=\"og:image:height\" content=\"865\" \/>\n\t<meta property=\"og:image:type\" content=\"image\/jpeg\" \/>\n<meta name=\"twitter:card\" content=\"summary_large_image\" \/>\n<meta name=\"twitter:site\" content=\"@poesiegalerie\" \/>\n<meta name=\"twitter:label1\" content=\"Gesch\u00e4tzte Lesezeit\" \/>\n\t<meta name=\"twitter:data1\" content=\"2 Minuten\" \/>\n<script type=\"application\/ld+json\" class=\"yoast-schema-graph\">{\"@context\":\"https:\/\/schema.org\",\"@graph\":[{\"@type\":\"WebPage\",\"@id\":\"https:\/\/www.poesiegalerie.at\/wordpress\/autor%e2%80%91innen\/loitzl-ina\/\",\"url\":\"https:\/\/www.poesiegalerie.at\/wordpress\/autor%e2%80%91innen\/loitzl-ina\/\",\"name\":\"Loitzl Ina - Poesiegalerie\",\"isPartOf\":{\"@id\":\"https:\/\/www.poesiegalerie.at\/wordpress\/#website\"},\"datePublished\":\"2025-11-01T07:21:29+00:00\",\"dateModified\":\"2025-11-09T20:20:36+00:00\",\"breadcrumb\":{\"@id\":\"https:\/\/www.poesiegalerie.at\/wordpress\/autor%e2%80%91innen\/loitzl-ina\/#breadcrumb\"},\"inLanguage\":\"de-DE\",\"potentialAction\":[{\"@type\":\"ReadAction\",\"target\":[\"https:\/\/www.poesiegalerie.at\/wordpress\/autor%e2%80%91innen\/loitzl-ina\/\"]}]},{\"@type\":\"BreadcrumbList\",\"@id\":\"https:\/\/www.poesiegalerie.at\/wordpress\/autor%e2%80%91innen\/loitzl-ina\/#breadcrumb\",\"itemListElement\":[{\"@type\":\"ListItem\",\"position\":1,\"name\":\"Startseite\",\"item\":\"https:\/\/www.poesiegalerie.at\/wordpress\/\"},{\"@type\":\"ListItem\",\"position\":2,\"name\":\"Autor*innen\",\"item\":\"https:\/\/www.poesiegalerie.at\/wordpress\/autor%e2%80%91innen\/\"},{\"@type\":\"ListItem\",\"position\":3,\"name\":\"Loitzl Ina\"}]},{\"@type\":\"WebSite\",\"@id\":\"https:\/\/www.poesiegalerie.at\/wordpress\/#website\",\"url\":\"https:\/\/www.poesiegalerie.at\/wordpress\/\",\"name\":\"Poesiegalerie\",\"description\":\"\",\"publisher\":{\"@id\":\"https:\/\/www.poesiegalerie.at\/wordpress\/#organization\"},\"potentialAction\":[{\"@type\":\"SearchAction\",\"target\":{\"@type\":\"EntryPoint\",\"urlTemplate\":\"https:\/\/www.poesiegalerie.at\/wordpress\/?s={search_term_string}\"},\"query-input\":\"required name=search_term_string\"}],\"inLanguage\":\"de-DE\"},{\"@type\":\"Organization\",\"@id\":\"https:\/\/www.poesiegalerie.at\/wordpress\/#organization\",\"name\":\"Poesiegalerie\",\"url\":\"https:\/\/www.poesiegalerie.at\/wordpress\/\",\"logo\":{\"@type\":\"ImageObject\",\"inLanguage\":\"de-DE\",\"@id\":\"https:\/\/www.poesiegalerie.at\/wordpress\/#\/schema\/logo\/image\/\",\"url\":\"https:\/\/www.poesiegalerie.at\/wordpress\/wp-content\/uploads\/2021\/01\/Logoquadrat-PG-1.png\",\"contentUrl\":\"https:\/\/www.poesiegalerie.at\/wordpress\/wp-content\/uploads\/2021\/01\/Logoquadrat-PG-1.png\",\"width\":512,\"height\":512,\"caption\":\"Poesiegalerie\"},\"image\":{\"@id\":\"https:\/\/www.poesiegalerie.at\/wordpress\/#\/schema\/logo\/image\/\"},\"sameAs\":[\"https:\/\/facebook.com\/poesiegalerie\",\"https:\/\/twitter.com\/poesiegalerie\",\"https:\/\/instagram.com\/poesiegalerie\",\"https:\/\/youtube.com\/channel\/UChHTsNTzMPzZpU8TfKP3dNQ\"]}]}<\/script>\n<!-- \/ Yoast SEO plugin. -->","yoast_head_json":{"title":"Loitzl Ina - Poesiegalerie","robots":{"index":"index","follow":"follow","max-snippet":"max-snippet:-1","max-image-preview":"max-image-preview:large","max-video-preview":"max-video-preview:-1"},"canonical":"https:\/\/www.poesiegalerie.at\/wordpress\/autor\u2011innen\/loitzl-ina\/","og_locale":"de_DE","og_type":"article","og_title":"Loitzl Ina - Poesiegalerie","og_description":"[vc_row][vc_column width=&#8220;2\/3&#8243;][vc_column_text css=&#8220;.vc_custom_1591810821563{margin-bottom: 10px !important;}&#8220;] Biografie [\/vc_column_text][vc_column_text]Studium Grafik und Visuelle Medien an der HS Mozarteum sowie Visuelle Medien an der HS f\u00fcr Angewandte Kunst bei Peter Weibel. Arbeitet in den Medien Textilobjekt, Animation und CUTOUTS im Gef\u00fcge einer Gesamtinstallation. Lebt und arbeitet in Wien und K\u00e4rnten. Zahlreiche Preise, zuletzt\u00a0\u00d6sterreichisches Ehrenzeichen f\u00fcr Wissenschaft und Kunst\u00a02025, und&hellip;","og_url":"https:\/\/www.poesiegalerie.at\/wordpress\/autor\u2011innen\/loitzl-ina\/","og_site_name":"Poesiegalerie","article_publisher":"https:\/\/facebook.com\/poesiegalerie","article_modified_time":"2025-11-09T20:20:36+00:00","og_image":[{"width":790,"height":865,"url":"https:\/\/www.poesiegalerie.at\/wordpress\/wp-content\/uploads\/2025\/11\/Ina-Loitzl-c-Lipus.jpg","type":"image\/jpeg"}],"twitter_card":"summary_large_image","twitter_site":"@poesiegalerie","twitter_misc":{"Gesch\u00e4tzte Lesezeit":"2 Minuten"},"schema":{"@context":"https:\/\/schema.org","@graph":[{"@type":"WebPage","@id":"https:\/\/www.poesiegalerie.at\/wordpress\/autor%e2%80%91innen\/loitzl-ina\/","url":"https:\/\/www.poesiegalerie.at\/wordpress\/autor%e2%80%91innen\/loitzl-ina\/","name":"Loitzl Ina - Poesiegalerie","isPartOf":{"@id":"https:\/\/www.poesiegalerie.at\/wordpress\/#website"},"datePublished":"2025-11-01T07:21:29+00:00","dateModified":"2025-11-09T20:20:36+00:00","breadcrumb":{"@id":"https:\/\/www.poesiegalerie.at\/wordpress\/autor%e2%80%91innen\/loitzl-ina\/#breadcrumb"},"inLanguage":"de-DE","potentialAction":[{"@type":"ReadAction","target":["https:\/\/www.poesiegalerie.at\/wordpress\/autor%e2%80%91innen\/loitzl-ina\/"]}]},{"@type":"BreadcrumbList","@id":"https:\/\/www.poesiegalerie.at\/wordpress\/autor%e2%80%91innen\/loitzl-ina\/#breadcrumb","itemListElement":[{"@type":"ListItem","position":1,"name":"Startseite","item":"https:\/\/www.poesiegalerie.at\/wordpress\/"},{"@type":"ListItem","position":2,"name":"Autor*innen","item":"https:\/\/www.poesiegalerie.at\/wordpress\/autor%e2%80%91innen\/"},{"@type":"ListItem","position":3,"name":"Loitzl Ina"}]},{"@type":"WebSite","@id":"https:\/\/www.poesiegalerie.at\/wordpress\/#website","url":"https:\/\/www.poesiegalerie.at\/wordpress\/","name":"Poesiegalerie","description":"","publisher":{"@id":"https:\/\/www.poesiegalerie.at\/wordpress\/#organization"},"potentialAction":[{"@type":"SearchAction","target":{"@type":"EntryPoint","urlTemplate":"https:\/\/www.poesiegalerie.at\/wordpress\/?s={search_term_string}"},"query-input":"required name=search_term_string"}],"inLanguage":"de-DE"},{"@type":"Organization","@id":"https:\/\/www.poesiegalerie.at\/wordpress\/#organization","name":"Poesiegalerie","url":"https:\/\/www.poesiegalerie.at\/wordpress\/","logo":{"@type":"ImageObject","inLanguage":"de-DE","@id":"https:\/\/www.poesiegalerie.at\/wordpress\/#\/schema\/logo\/image\/","url":"https:\/\/www.poesiegalerie.at\/wordpress\/wp-content\/uploads\/2021\/01\/Logoquadrat-PG-1.png","contentUrl":"https:\/\/www.poesiegalerie.at\/wordpress\/wp-content\/uploads\/2021\/01\/Logoquadrat-PG-1.png","width":512,"height":512,"caption":"Poesiegalerie"},"image":{"@id":"https:\/\/www.poesiegalerie.at\/wordpress\/#\/schema\/logo\/image\/"},"sameAs":["https:\/\/facebook.com\/poesiegalerie","https:\/\/twitter.com\/poesiegalerie","https:\/\/instagram.com\/poesiegalerie","https:\/\/youtube.com\/channel\/UChHTsNTzMPzZpU8TfKP3dNQ"]}]}},"_links":{"self":[{"href":"https:\/\/www.poesiegalerie.at\/wordpress\/wp-json\/wp\/v2\/pages\/23100"}],"collection":[{"href":"https:\/\/www.poesiegalerie.at\/wordpress\/wp-json\/wp\/v2\/pages"}],"about":[{"href":"https:\/\/www.poesiegalerie.at\/wordpress\/wp-json\/wp\/v2\/types\/page"}],"author":[{"embeddable":true,"href":"https:\/\/www.poesiegalerie.at\/wordpress\/wp-json\/wp\/v2\/users\/7"}],"replies":[{"embeddable":true,"href":"https:\/\/www.poesiegalerie.at\/wordpress\/wp-json\/wp\/v2\/comments?post=23100"}],"version-history":[{"count":11,"href":"https:\/\/www.poesiegalerie.at\/wordpress\/wp-json\/wp\/v2\/pages\/23100\/revisions"}],"predecessor-version":[{"id":23315,"href":"https:\/\/www.poesiegalerie.at\/wordpress\/wp-json\/wp\/v2\/pages\/23100\/revisions\/23315"}],"up":[{"embeddable":true,"href":"https:\/\/www.poesiegalerie.at\/wordpress\/wp-json\/wp\/v2\/pages\/8903"}],"wp:featuredmedia":[{"embeddable":true,"href":"https:\/\/www.poesiegalerie.at\/wordpress\/wp-json\/wp\/v2\/media\/23121"}],"wp:attachment":[{"href":"https:\/\/www.poesiegalerie.at\/wordpress\/wp-json\/wp\/v2\/media?parent=23100"}],"wp:term":[{"taxonomy":"category","embeddable":true,"href":"https:\/\/www.poesiegalerie.at\/wordpress\/wp-json\/wp\/v2\/categories?post=23100"},{"taxonomy":"post_tag","embeddable":true,"href":"https:\/\/www.poesiegalerie.at\/wordpress\/wp-json\/wp\/v2\/tags?post=23100"}],"curies":[{"name":"wp","href":"https:\/\/api.w.org\/{rel}","templated":true}]}}