{"id":5487,"date":"2021-02-26T15:12:54","date_gmt":"2021-02-26T14:12:54","guid":{"rendered":"https:\/\/www.poesiegalerie.at\/wordpress\/?page_id=5487"},"modified":"2025-08-03T10:15:50","modified_gmt":"2025-08-03T08:15:50","slug":"montfort-nick","status":"publish","type":"page","link":"https:\/\/www.poesiegalerie.at\/wordpress\/autor%e2%80%91innen-alte-seite\/montfort-nick\/","title":{"rendered":"Montfort Nick"},"content":{"rendered":"<section class=\"wpb-content-wrapper\">[vc_row][vc_column width=&#8220;2\/3&#8243;][vc_column_text css=&#8220;.vc_custom_1591810821563{margin-bottom: 10px !important;}&#8220;]\n<h4>Biografie<\/h4>\n[\/vc_column_text][vc_column_text]Professor f\u00fcr digitale Medien am Massachusetts Institute of Technology (MIT) und Autor. Ph. D. in Computer- und Informationswissenschaft an der University of Pennsylvania, Master in kreativem Schreiben (Poesie) an der Boston University, Master in Medienkunst und -wissenschaften am Massachusetts Institute of Technology (MIT) und Bachelor-Abschluss in Geisteswissenschaften und Informatik an der University of Texas in Austin. Leiter des Projekts <em>The Trope Tank<\/em>, das sich der Entwicklung neuer poetischer Formen und neuem Verst\u00e4ndnis digitaler Medien widmet. Interaktive Literaturprojekte und Entwicklung von Poesie-Generatoren.[\/vc_column_text][vc_column_text css=&#8220;.vc_custom_1592073008510{margin-bottom: 10px !important;}&#8220;]\n<h4>Ver\u00f6ffentlichungen<\/h4>\n[\/vc_column_text][vc_column_text]\n<ul>\n<li><i>Exploratory Programming for the Arts and Humanities, Second Edition. <\/i>Cambridge, Massachusetts: MIT Press, 2021.<\/li>\n<li><i>Golem. <\/i>New Sight series, Portland, Oregon: Dead Alive, 2021.<\/li>\n<li><i>The Truelist. <\/i>Using Electricity series, Denver: Counterpath, 2017.<\/li>\n<li><i>The Future. <\/i>Essential Knowledge series. Cambridge, Massachusetts: MIT Press, 2017. Translation to Chinese (simplified) forthcoming; translation to Russian forthcoming.<\/li>\n<li><i>Autopia. <\/i>Buffalo, New York: Troll Thread, 2016.<\/li>\n<li><i>2\u00d76. <\/i>By Nick Montfort, Serge Bouchardon, Carlos Le\u00f3n, Natalia Fedorova, Andrew Campana, Aleksandra Ma\u0142ecka, and Piotr Marecki. Global Poetics series. Los Angeles: Les Figues, 2016.<\/li>\n<li><i>Exploratory Programming for the Arts and Humanities. <\/i>Cambridge, Massachusetts: MIT Press, 2016. Translated to Polish as <i>Odkrywanie kodu: Wprowadzenie do programowania w sztuce i humanistyce<\/i>\u00a0Micha\u0142 Tabaczy\u0144ski, Mariusz Pisarski, and Adam Ladzi\u0144ski, Krakow: korporacjaha!art, 2018.<\/li>\n<li><i>#! <\/i>Denver: Counterpath, 2014.<\/li>\n<li><i>10 PRINT CHR$(205.5+RND(1)); : GOTO 10. <\/i>By Nick Montfort, Patsy Baudoin, John Bell, Ian Bogost, Jeremy Douglass, Mark C. Marino, Michael Mateas, Casey Reas, Mark Sample, and Noah Vawter. Software Studies series. Cambridge, Massachusetts: MIT Press, 2013.<\/li>\n<li><i>Riddle &amp; Bind. <\/i>Urbana, Illinois: Spineless Books, 2010.<\/li>\n<li><i>Racing the Beam: The Atari Video Computer System. <\/i>By Nick Montfort and Ian Bogost. Platform Studies series. Cambridge, Massachusetts: MIT Press, 2009.<\/li>\n<li><i>The Electronic Literature Collection, volume 1. <\/i>Edited by N. Katherine Hayles, Nick Montfort, Stephanie Strickland, and Scott Rettberg. CD-ROM and Web anthology with 60 selections and editorial texts. College Park, Maryland: Electronic Literature Organization, 2006. Republished by Notre Dame University Press as the CD-ROM accompanying <i>Electronic Literature: New Horizons for the Literary,<\/i>\u00a0N. Katherine Hayles, 2008. Republished on USB flash drive by the Electronic Literature Organization in\u00a0<i>The Electronic Literature Collection, volume 2 (including volume 1),<\/i>\u00a02013.<\/li>\n<li><i>Twisty Little Passages: An Approach to Interactive Fiction. <\/i>Cambridge, Massachusetts: MIT Press, 2003.<\/li>\n<li><i>The New Media Reader. <\/i>Edited by Noah Wardrip-Fruin and Nick Montfort. Book design by Michael Crumpton. CD-ROM design by Nick Montfort. Cambridge, Massachusetts: MIT Press, 2003.<\/li>\n<\/ul>\n<h5 id=\"artists-books\">Artist\u2019s Books<\/h5>\n<ul>\n<li><i>Hard West Turn, 2018 edition <\/i>314 pp.; edition of 13 + 3 artist\u2019s proofs. Boston &amp; New York: Bad Quarto, 2018.<\/li>\n<li><i>Megawatt. <\/i>246 pp. Cambridge, Massachusetts: Bad Quarto, 2014. Translated to German as\u00a0<i>Megawatt<\/i>\u00a0by Hannes Bajohr, 394 pp., Berlin: Frohmann Verlag, 2019.<\/li>\n<li><i>World Clock. <\/i>239 pp. Cambridge, Massachusetts: Bad Quarto, 2013. Translated to Polish as <i>Zegar \u015bwiatowy<\/i>\u00a0by Piotr Marecki, 256 pp., Krakow: korporacja ha!art, Liberatura series, 2014.<\/li>\n<li><i>Implementation: A Novel. <\/i>By Nick Montfort and Scott Rettberg. Book design by Adam Richer. 270 pp., 4-color book documenting the 2004 project\u00a0<i>Implementation.<\/i>\u00a0Bergen, Norway: Scott Rettberg, 2012.<\/li>\n<\/ul>\n<h5 id=\"chapbooks\">Chapbooks &amp; Pamphlets<\/h5>\n<ul>\n<li><i>27 Guided Meditations.<\/i>\u00a0Malm\u00f6, Sweden: Timglaset, forthcoming.<\/li>\n<li>\u201cFrom <i>All the Way for the Win.<\/i>\u201d Part of\u00a0<i>Seventeen Small Events.<\/i>\u00a0Edition of 50. Pamphlet in a set of 17 pamphlets. Calgary, Canada: No Press, April 2020.<\/li>\n<li><i>Basho.<\/i>\u00a0Edition of 50. Pamphlet. Calgary, Canada: No Press, November 2018.<\/li>\n<li><i>From<\/i>\u00a0Hard West Turn. Edition of 50. Pamphlet. Calgary, Canada: No Press, September 2018.<\/li>\n<li><i>California Diet.<\/i>\u00a0Pamphlet. Shropshire, U.K.: Penteract Press, August 2017.<\/li>\n<li><i>Type,<\/i>\u00a0by Christian B\u00f6k and Nick Montfort. Edition of 100. Three letterpress sheets in case. Boston &amp; New York: Bad Quarto, July 2018.<\/li>\n<li><i>Sliders.<\/i>\u00a0Print on demand. 40 pp. Boston &amp; New York: Bad Quarto, May 2017.<\/li>\n<li><i>From <\/i>All the Way for the Win. Edition of 50. 4 pp. Calgary, Canada: No Press, September 2016.<\/li>\n<li><i>The First M Numbers.<\/i>\u00a0Edition of 80. 4 pp. Calgary, Canada: No Press, 2013.<\/li>\n<li><i>Troper\/Schematorium.<\/i>\u00a0Edition of 26. 16 pp. Philadelphia: Bad Quarto, 2005.<\/li>\n<li><i>Implementation: Selections From a Sticker Novel,<\/i>\u00a0by Nick Montfort and Scott Rettberg. 4-color, 32 pp. Photos in this volume by Scott Rettberg. Brigantine, New Jersey: 2004.<\/li>\n<li><i>2002: A Palindrome Story,<\/i>\u00a0by Nick Montfort and William Gillespie. Illustrated by Shelley Jackson. Designed by Ingrid Ankerson. 24 pp. Urbana, Illinois: Spineless Books, 2002. Original New Year&#8217;s 2002 edition of 202, Philadelphia: Nick Montfort and William Gillespie, January 2002. Full text included in\u00a0<i>Reflections,<\/i>\u00a0ed. Anthony Etherin, Shropshire, U.K.: Penteract Press, 2019.<\/li>\n<li><i>Trade Names,<\/i>\u00a0by \u201cNick Montfort and William Gillespie\u201d [1\/2 of print run] and \u201cWilliam Gillespie and Nick Montfort\u201d [1\/2 of print run]. Edition of 58. Urbana, Illinois: Spineless Books, 2001.<\/li>\n<\/ul>\n[\/vc_column_text][\/vc_column][vc_column width=&#8220;1\/3&#8243;][vc_single_image image=&#8220;5486&#8243; img_size=&#8220;full&#8220; css_animation=&#8220;fadeIn&#8220;][vc_column_text]\n<p style=\"text-align: right; margin-top: -35px;\"><strong>\u00a9 Ricky Adam<\/strong><\/p>\n[\/vc_column_text][vc_separator css=&#8220;.vc_custom_1591809399522{margin-bottom: 35px !important;}&#8220;][vc_column_text]\n<p style=\"text-align: center;\">* 1972 in San Antonio (Texas \/ USA)<br \/>\n<a href=\"https:\/\/nickm.com\/\" target=\"_blank\" rel=\"noopener\">https:\/\/nickm.com\/<\/a>[\/vc_column_text][\/vc_column][\/vc_row][vc_section css=&#8220;.vc_custom_1591810938586{margin-top: 35px !important;}&#8220;][vc_row][vc_column]\t<div class=\"thb_title  style1  \" id=\"thb-title-69fc9fb75b629\">\n\t<div class=\"thb_title_inner\">\n\t\t\t\t<svg version=\"1.1\" class=\"left_brackets\" xmlns=\"http:\/\/www.w3.org\/2000\/svg\" xmlns:xlink=\"http:\/\/www.w3.org\/1999\/xlink\" x=\"0px\" y=\"0px\"\r\n\t width=\"9px\" height=\"41px\" viewBox=\"0 0 9 41.5\" enable-background=\"new 0 0 9 41\" xml:space=\"preserve\">\r\n\t<path fill-rule=\"evenodd\" clip-rule=\"evenodd\" d=\"M8.932,2.101C8.35,1.803,7.755,1.377,7.093,1.185\r\n\t\tC4.735,0.501,3.077,2.059,2.557,4.512c-0.409,1.926,0.018,3.794,0.431,5.662c0.329,1.484,0.669,2.966,0.966,4.458\r\n\t\tc0.102,0.511,0.12,1.046,0.114,1.569c-0.018,1.876-0.77,3.303-2.681,4.073c2.614,1.149,2.975,3.284,2.56,5.675\r\n\t\tc-0.417,2.395-1.016,4.758-1.431,7.153C2.362,33.982,2.4,34.93,2.53,35.821c0.444,3.047,3.293,5.085,6.148,2.723\r\n\t\tC8.756,38.479,8.848,38.431,9,38.331c-1.102,1.964-3.579,2.703-5.296,1.951c-2.036-0.892-3.179-2.438-3.271-4.678\r\n\t\tc-0.087-2.105,0.488-4.104,1.052-6.104c0.429-1.515,0.866-3.033,1.155-4.576c0.423-2.255-0.472-3.747-2.64-4.6\r\n\t\tc0.478-0.263,0.963-0.449,1.351-0.758c1.226-0.979,1.607-2.327,1.307-3.797c-0.358-1.756-0.939-3.467-1.302-5.223\r\n\t\tC0.972,8.688,0.554,6.808,0.475,4.923C0.388,2.834,1.58,1.315,3.445,0.405C5.412-0.554,7.894,0.26,8.932,2.101z\"\/>\r\n<\/svg>\r\n\t\t<h2>Beitr\u00e4ge<\/h2>\n\t\t<svg version=\"1.1\" class=\"right_brackets\" xmlns=\"http:\/\/www.w3.org\/2000\/svg\" xmlns:xlink=\"http:\/\/www.w3.org\/1999\/xlink\" x=\"0px\" y=\"0px\"\r\n\t width=\"9px\" height=\"41px\" viewBox=\"0 0 9 41.5\" enable-background=\"new 0 0 9 41\" xml:space=\"preserve\">\r\n\t<path fill-rule=\"evenodd\" clip-rule=\"evenodd\" d=\"M0.068,2.101C0.65,1.803,1.245,1.377,1.907,1.185\r\n\t\tc2.357-0.683,4.016,0.874,4.536,3.328c0.409,1.926-0.018,3.794-0.431,5.662c-0.329,1.484-0.669,2.966-0.966,4.458\r\n\t\tc-0.102,0.511-0.12,1.046-0.114,1.569c0.018,1.876,0.77,3.303,2.681,4.073c-2.614,1.149-2.975,3.284-2.56,5.675\r\n\t\tc0.417,2.395,1.016,4.758,1.431,7.153c0.153,0.881,0.115,1.828-0.015,2.72c-0.444,3.047-3.293,5.085-6.148,2.723\r\n\t\tC0.244,38.479,0.152,38.431,0,38.331c1.102,1.964,3.579,2.703,5.296,1.951c2.036-0.892,3.179-2.438,3.271-4.678\r\n\t\tc0.087-2.105-0.488-4.104-1.052-6.104c-0.429-1.515-0.866-3.033-1.155-4.576c-0.423-2.255,0.472-3.747,2.64-4.6\r\n\t\tc-0.478-0.263-0.963-0.449-1.351-0.758c-1.226-0.979-1.607-2.327-1.307-3.797c0.358-1.756,0.939-3.467,1.302-5.223\r\n\t\tc0.384-1.859,0.802-3.739,0.881-5.624C8.612,2.834,7.42,1.315,5.555,0.405C3.588-0.554,1.106,0.26,0.068,2.101z\"\/>\r\n<\/svg>\r\n\t\t\t<\/div>\n\t\t\t<\/div>\n\t[\/vc_column][\/vc_row][vc_row][vc_column]\t\t<div class=\"thb-carousel thb-post-carousel thb-post-carousel-style5     center-arrows no-padding large-arrows   \" data-columns=\"3\" data-pagination=\"true\" data-navigation=\"true\" data-autoplay=\"true\" data-autoplay-speed=\"4000\" data-infinite=\"true\">\n\t\t\t\t\t\t\t<div class=\"columns\">\n\t\t\t\t\t\t\t\t\t\t\t\t\t\t\t\t\t\t\t\t\t\t\t\t\t\t\t\t\t\t\t<div class=\"post style12 featured-style featured-overflow center-contents post-5216 type-post status-publish format-standard has-post-thumbnail hentry category-transmediale_poesiegalerie tag-andre-vallias tag-brion-gysin tag-fabian-navarro tag-friedrich-w-block tag-fritz-lichtenauer tag-gregor-weichbrodt tag-guenter-vallaster tag-hannes-bajohr tag-j-r-carpenter tag-jorg-piringer tag-julian-palacz tag-liesl-ujvary tag-lubomir-panak tag-luc-gross tag-max-bense tag-mez-breeze tag-nanni-balestrini tag-nick-montfort tag-peter-moosgaard tag-richard-kitta tag-zuzana-husarova\">\n  <figure class=\"post-gallery thb-parallax\" data-video=\"mp4:\">\n    <img width=\"740\" height=\"694\" src=\"https:\/\/www.poesiegalerie.at\/wordpress\/wp-content\/uploads\/2021\/02\/vorschaubild-20x19.jpg\" class=\"attachment-theissue-square-x2 size-theissue-square-x2 thb-lazyload lazyload wp-post-image\" alt=\"\" decoding=\"async\" loading=\"lazy\" sizes=\"(max-width: 740px) 100vw, 740px\" data-src=\"https:\/\/www.poesiegalerie.at\/wordpress\/wp-content\/uploads\/2021\/02\/vorschaubild-740x694.jpg\" data-sizes=\"auto\" data-srcset=\"https:\/\/www.poesiegalerie.at\/wordpress\/wp-content\/uploads\/2021\/02\/vorschaubild-740x694.jpg 740w, https:\/\/www.poesiegalerie.at\/wordpress\/wp-content\/uploads\/2021\/02\/vorschaubild-20x19.jpg 20w\" \/>  <\/figure>\n  <div class=\"post-inner-content\">\n    <div class=\"post-overflow-content\">\n      \t\t<aside class=\"post-category \">\n\t\t\t\t\t<a href=\"https:\/\/www.poesiegalerie.at\/wordpress\/category\/transmediale_poesiegalerie\/\" rel=\"category tag\">Transmediale Poesiegalerie<\/a>\n\t\t\t<\/aside>\n\t\t      <div class=\"post-title\"><h4><a href=\"https:\/\/www.poesiegalerie.at\/wordpress\/2021\/03\/09\/it-poesie-wenn-computer-dichten\/\" title=\"IT-Poesie \u2013 wenn Computer dichten\"><span>IT-Poesie \u2013 wenn Computer dichten<\/span><\/a><\/h4><\/div>      \t\t\t\t<aside class=\"thb-post-bottom\">\n\t\t\t\t\t\t<ul>\n\t\t\t\t\t\t\t\t<li class=\"post-date\">9. M\u00e4rz 2021<\/li>\n\t\t\t\t\t\t\t\t\t\t\t\t<li class=\"post-read\">15 mins Read<\/li>\n\t\t\t\t\t\t\t\t\t\t\t<\/ul>\n\t\t<\/aside>\n\t\t      <a href=\"https:\/\/www.poesiegalerie.at\/wordpress\/2021\/03\/09\/it-poesie-wenn-computer-dichten\/\" class=\"featured-read-more\">Read More<\/a>\n    <\/div>\n  <\/div>\n<\/div>\t\t\t\t\t\t\t\t\t\t\t\t\t\t\t\t\t\t\t<\/div>\n\t\t\t\t\t\t\t\t<\/div>\n\t\t[\/vc_column][\/vc_row][\/vc_section]\n<\/section>","protected":false},"excerpt":{"rendered":"<p>[vc_row][vc_column width=&#8220;2\/3&#8243;][vc_column_text css=&#8220;.vc_custom_1591810821563{margin-bottom: 10px !important;}&#8220;] Biografie [\/vc_column_text][vc_column_text]Professor f\u00fcr digitale Medien am Massachusetts Institute of Technology (MIT) und Autor. Ph. D. in Computer- und Informationswissenschaft an der University of Pennsylvania, Master in kreativem Schreiben (Poesie) an der Boston University, Master in Medienkunst und -wissenschaften am Massachusetts Institute of Technology (MIT) und Bachelor-Abschluss in Geisteswissenschaften und Informatik&hellip;<\/p>\n","protected":false},"author":7,"featured_media":5486,"parent":1009,"menu_order":0,"comment_status":"closed","ping_status":"closed","template":"","meta":[],"categories":[103],"tags":[134,325],"yoast_head":"<!-- This site is optimized with the Yoast SEO plugin v20.6 - https:\/\/yoast.com\/wordpress\/plugins\/seo\/ -->\n<title>Montfort Nick - Poesiegalerie<\/title>\n<meta name=\"robots\" content=\"index, follow, max-snippet:-1, max-image-preview:large, max-video-preview:-1\" \/>\n<link rel=\"canonical\" href=\"https:\/\/www.poesiegalerie.at\/wordpress\/autor\u2011innen-alte-seite\/montfort-nick\/\" \/>\n<meta property=\"og:locale\" content=\"de_DE\" \/>\n<meta property=\"og:type\" content=\"article\" \/>\n<meta property=\"og:title\" content=\"Montfort Nick - Poesiegalerie\" \/>\n<meta property=\"og:description\" content=\"[vc_row][vc_column width=&#8220;2\/3&#8243;][vc_column_text css=&#8220;.vc_custom_1591810821563{margin-bottom: 10px !important;}&#8220;] Biografie [\/vc_column_text][vc_column_text]Professor f\u00fcr digitale Medien am Massachusetts Institute of Technology (MIT) und Autor. Ph. D. in Computer- und Informationswissenschaft an der University of Pennsylvania, Master in kreativem Schreiben (Poesie) an der Boston University, Master in Medienkunst und -wissenschaften am Massachusetts Institute of Technology (MIT) und Bachelor-Abschluss in Geisteswissenschaften und Informatik&hellip;\" \/>\n<meta property=\"og:url\" content=\"https:\/\/www.poesiegalerie.at\/wordpress\/autor\u2011innen-alte-seite\/montfort-nick\/\" \/>\n<meta property=\"og:site_name\" content=\"Poesiegalerie\" \/>\n<meta property=\"article:publisher\" content=\"https:\/\/facebook.com\/poesiegalerie\" \/>\n<meta property=\"article:modified_time\" content=\"2025-08-03T08:15:50+00:00\" \/>\n<meta property=\"og:image\" content=\"https:\/\/www.poesiegalerie.at\/wordpress\/wp-content\/uploads\/2021\/02\/Nick-Montfort-\u00a9-Ricky-Adam.jpg\" \/>\n\t<meta property=\"og:image:width\" content=\"1500\" \/>\n\t<meta property=\"og:image:height\" content=\"1440\" \/>\n\t<meta property=\"og:image:type\" content=\"image\/jpeg\" \/>\n<meta name=\"twitter:card\" content=\"summary_large_image\" \/>\n<meta name=\"twitter:site\" content=\"@poesiegalerie\" \/>\n<meta name=\"twitter:label1\" content=\"Gesch\u00e4tzte Lesezeit\" \/>\n\t<meta name=\"twitter:data1\" content=\"4 Minuten\" \/>\n<script type=\"application\/ld+json\" class=\"yoast-schema-graph\">{\"@context\":\"https:\/\/schema.org\",\"@graph\":[{\"@type\":\"WebPage\",\"@id\":\"https:\/\/www.poesiegalerie.at\/wordpress\/autor%e2%80%91innen-alte-seite\/montfort-nick\/\",\"url\":\"https:\/\/www.poesiegalerie.at\/wordpress\/autor%e2%80%91innen-alte-seite\/montfort-nick\/\",\"name\":\"Montfort Nick - Poesiegalerie\",\"isPartOf\":{\"@id\":\"https:\/\/www.poesiegalerie.at\/wordpress\/#website\"},\"datePublished\":\"2021-02-26T14:12:54+00:00\",\"dateModified\":\"2025-08-03T08:15:50+00:00\",\"breadcrumb\":{\"@id\":\"https:\/\/www.poesiegalerie.at\/wordpress\/autor%e2%80%91innen-alte-seite\/montfort-nick\/#breadcrumb\"},\"inLanguage\":\"de-DE\",\"potentialAction\":[{\"@type\":\"ReadAction\",\"target\":[\"https:\/\/www.poesiegalerie.at\/wordpress\/autor%e2%80%91innen-alte-seite\/montfort-nick\/\"]}]},{\"@type\":\"BreadcrumbList\",\"@id\":\"https:\/\/www.poesiegalerie.at\/wordpress\/autor%e2%80%91innen-alte-seite\/montfort-nick\/#breadcrumb\",\"itemListElement\":[{\"@type\":\"ListItem\",\"position\":1,\"name\":\"Startseite\",\"item\":\"https:\/\/www.poesiegalerie.at\/wordpress\/\"},{\"@type\":\"ListItem\",\"position\":2,\"name\":\"Autor*innen &#8211; Alte Seite\",\"item\":\"https:\/\/www.poesiegalerie.at\/wordpress\/autor%e2%80%91innen-alte-seite\/\"},{\"@type\":\"ListItem\",\"position\":3,\"name\":\"Montfort Nick\"}]},{\"@type\":\"WebSite\",\"@id\":\"https:\/\/www.poesiegalerie.at\/wordpress\/#website\",\"url\":\"https:\/\/www.poesiegalerie.at\/wordpress\/\",\"name\":\"Poesiegalerie\",\"description\":\"\",\"publisher\":{\"@id\":\"https:\/\/www.poesiegalerie.at\/wordpress\/#organization\"},\"potentialAction\":[{\"@type\":\"SearchAction\",\"target\":{\"@type\":\"EntryPoint\",\"urlTemplate\":\"https:\/\/www.poesiegalerie.at\/wordpress\/?s={search_term_string}\"},\"query-input\":\"required name=search_term_string\"}],\"inLanguage\":\"de-DE\"},{\"@type\":\"Organization\",\"@id\":\"https:\/\/www.poesiegalerie.at\/wordpress\/#organization\",\"name\":\"Poesiegalerie\",\"url\":\"https:\/\/www.poesiegalerie.at\/wordpress\/\",\"logo\":{\"@type\":\"ImageObject\",\"inLanguage\":\"de-DE\",\"@id\":\"https:\/\/www.poesiegalerie.at\/wordpress\/#\/schema\/logo\/image\/\",\"url\":\"https:\/\/www.poesiegalerie.at\/wordpress\/wp-content\/uploads\/2021\/01\/Logoquadrat-PG-1.png\",\"contentUrl\":\"https:\/\/www.poesiegalerie.at\/wordpress\/wp-content\/uploads\/2021\/01\/Logoquadrat-PG-1.png\",\"width\":512,\"height\":512,\"caption\":\"Poesiegalerie\"},\"image\":{\"@id\":\"https:\/\/www.poesiegalerie.at\/wordpress\/#\/schema\/logo\/image\/\"},\"sameAs\":[\"https:\/\/facebook.com\/poesiegalerie\",\"https:\/\/twitter.com\/poesiegalerie\",\"https:\/\/instagram.com\/poesiegalerie\",\"https:\/\/youtube.com\/channel\/UChHTsNTzMPzZpU8TfKP3dNQ\"]}]}<\/script>\n<!-- \/ Yoast SEO plugin. -->","yoast_head_json":{"title":"Montfort Nick - Poesiegalerie","robots":{"index":"index","follow":"follow","max-snippet":"max-snippet:-1","max-image-preview":"max-image-preview:large","max-video-preview":"max-video-preview:-1"},"canonical":"https:\/\/www.poesiegalerie.at\/wordpress\/autor\u2011innen-alte-seite\/montfort-nick\/","og_locale":"de_DE","og_type":"article","og_title":"Montfort Nick - Poesiegalerie","og_description":"[vc_row][vc_column width=&#8220;2\/3&#8243;][vc_column_text css=&#8220;.vc_custom_1591810821563{margin-bottom: 10px !important;}&#8220;] Biografie [\/vc_column_text][vc_column_text]Professor f\u00fcr digitale Medien am Massachusetts Institute of Technology (MIT) und Autor. Ph. D. in Computer- und Informationswissenschaft an der University of Pennsylvania, Master in kreativem Schreiben (Poesie) an der Boston University, Master in Medienkunst und -wissenschaften am Massachusetts Institute of Technology (MIT) und Bachelor-Abschluss in Geisteswissenschaften und Informatik&hellip;","og_url":"https:\/\/www.poesiegalerie.at\/wordpress\/autor\u2011innen-alte-seite\/montfort-nick\/","og_site_name":"Poesiegalerie","article_publisher":"https:\/\/facebook.com\/poesiegalerie","article_modified_time":"2025-08-03T08:15:50+00:00","og_image":[{"width":1500,"height":1440,"url":"https:\/\/www.poesiegalerie.at\/wordpress\/wp-content\/uploads\/2021\/02\/Nick-Montfort-\u00a9-Ricky-Adam.jpg","type":"image\/jpeg"}],"twitter_card":"summary_large_image","twitter_site":"@poesiegalerie","twitter_misc":{"Gesch\u00e4tzte Lesezeit":"4 Minuten"},"schema":{"@context":"https:\/\/schema.org","@graph":[{"@type":"WebPage","@id":"https:\/\/www.poesiegalerie.at\/wordpress\/autor%e2%80%91innen-alte-seite\/montfort-nick\/","url":"https:\/\/www.poesiegalerie.at\/wordpress\/autor%e2%80%91innen-alte-seite\/montfort-nick\/","name":"Montfort Nick - Poesiegalerie","isPartOf":{"@id":"https:\/\/www.poesiegalerie.at\/wordpress\/#website"},"datePublished":"2021-02-26T14:12:54+00:00","dateModified":"2025-08-03T08:15:50+00:00","breadcrumb":{"@id":"https:\/\/www.poesiegalerie.at\/wordpress\/autor%e2%80%91innen-alte-seite\/montfort-nick\/#breadcrumb"},"inLanguage":"de-DE","potentialAction":[{"@type":"ReadAction","target":["https:\/\/www.poesiegalerie.at\/wordpress\/autor%e2%80%91innen-alte-seite\/montfort-nick\/"]}]},{"@type":"BreadcrumbList","@id":"https:\/\/www.poesiegalerie.at\/wordpress\/autor%e2%80%91innen-alte-seite\/montfort-nick\/#breadcrumb","itemListElement":[{"@type":"ListItem","position":1,"name":"Startseite","item":"https:\/\/www.poesiegalerie.at\/wordpress\/"},{"@type":"ListItem","position":2,"name":"Autor*innen &#8211; Alte Seite","item":"https:\/\/www.poesiegalerie.at\/wordpress\/autor%e2%80%91innen-alte-seite\/"},{"@type":"ListItem","position":3,"name":"Montfort Nick"}]},{"@type":"WebSite","@id":"https:\/\/www.poesiegalerie.at\/wordpress\/#website","url":"https:\/\/www.poesiegalerie.at\/wordpress\/","name":"Poesiegalerie","description":"","publisher":{"@id":"https:\/\/www.poesiegalerie.at\/wordpress\/#organization"},"potentialAction":[{"@type":"SearchAction","target":{"@type":"EntryPoint","urlTemplate":"https:\/\/www.poesiegalerie.at\/wordpress\/?s={search_term_string}"},"query-input":"required name=search_term_string"}],"inLanguage":"de-DE"},{"@type":"Organization","@id":"https:\/\/www.poesiegalerie.at\/wordpress\/#organization","name":"Poesiegalerie","url":"https:\/\/www.poesiegalerie.at\/wordpress\/","logo":{"@type":"ImageObject","inLanguage":"de-DE","@id":"https:\/\/www.poesiegalerie.at\/wordpress\/#\/schema\/logo\/image\/","url":"https:\/\/www.poesiegalerie.at\/wordpress\/wp-content\/uploads\/2021\/01\/Logoquadrat-PG-1.png","contentUrl":"https:\/\/www.poesiegalerie.at\/wordpress\/wp-content\/uploads\/2021\/01\/Logoquadrat-PG-1.png","width":512,"height":512,"caption":"Poesiegalerie"},"image":{"@id":"https:\/\/www.poesiegalerie.at\/wordpress\/#\/schema\/logo\/image\/"},"sameAs":["https:\/\/facebook.com\/poesiegalerie","https:\/\/twitter.com\/poesiegalerie","https:\/\/instagram.com\/poesiegalerie","https:\/\/youtube.com\/channel\/UChHTsNTzMPzZpU8TfKP3dNQ"]}]}},"_links":{"self":[{"href":"https:\/\/www.poesiegalerie.at\/wordpress\/wp-json\/wp\/v2\/pages\/5487"}],"collection":[{"href":"https:\/\/www.poesiegalerie.at\/wordpress\/wp-json\/wp\/v2\/pages"}],"about":[{"href":"https:\/\/www.poesiegalerie.at\/wordpress\/wp-json\/wp\/v2\/types\/page"}],"author":[{"embeddable":true,"href":"https:\/\/www.poesiegalerie.at\/wordpress\/wp-json\/wp\/v2\/users\/7"}],"replies":[{"embeddable":true,"href":"https:\/\/www.poesiegalerie.at\/wordpress\/wp-json\/wp\/v2\/comments?post=5487"}],"version-history":[{"count":8,"href":"https:\/\/www.poesiegalerie.at\/wordpress\/wp-json\/wp\/v2\/pages\/5487\/revisions"}],"predecessor-version":[{"id":5773,"href":"https:\/\/www.poesiegalerie.at\/wordpress\/wp-json\/wp\/v2\/pages\/5487\/revisions\/5773"}],"up":[{"embeddable":true,"href":"https:\/\/www.poesiegalerie.at\/wordpress\/wp-json\/wp\/v2\/pages\/1009"}],"wp:featuredmedia":[{"embeddable":true,"href":"https:\/\/www.poesiegalerie.at\/wordpress\/wp-json\/wp\/v2\/media\/5486"}],"wp:attachment":[{"href":"https:\/\/www.poesiegalerie.at\/wordpress\/wp-json\/wp\/v2\/media?parent=5487"}],"wp:term":[{"taxonomy":"category","embeddable":true,"href":"https:\/\/www.poesiegalerie.at\/wordpress\/wp-json\/wp\/v2\/categories?post=5487"},{"taxonomy":"post_tag","embeddable":true,"href":"https:\/\/www.poesiegalerie.at\/wordpress\/wp-json\/wp\/v2\/tags?post=5487"}],"curies":[{"name":"wp","href":"https:\/\/api.w.org\/{rel}","templated":true}]}}