{"id":5946,"date":"2021-03-17T16:06:14","date_gmt":"2021-03-17T15:06:14","guid":{"rendered":"https:\/\/www.poesiegalerie.at\/wordpress\/?page_id=5946"},"modified":"2026-03-19T13:42:17","modified_gmt":"2026-03-19T12:42:17","slug":"pichler-greta-maria","status":"publish","type":"page","link":"https:\/\/www.poesiegalerie.at\/wordpress\/autor%e2%80%91innen-alte-seite\/pichler-greta-maria\/","title":{"rendered":"Pichler Greta Maria"},"content":{"rendered":"<section class=\"wpb-content-wrapper\">[vc_row][vc_column width=&#8220;2\/3&#8243;][vc_column_text css=&#8220;.vc_custom_1591810821563{margin-bottom: 10px !important;}&#8220;]\n<h4>Biografie<\/h4>\n[\/vc_column_text][vc_column_text]1996 in Bozen geboren (IT), studierte Philosophie an der Universit\u00e4t Wien und Sprachkunst an der Universit\u00e4t f\u00fcr angewandte Kunst Wien. 2022 war sie Jurypreistr\u00e4gerin des 30. Open Mike vom Haus f\u00fcr Poesie Berlin. Im Herbst 2024 erschien ihr Deb\u00fct Salzwasser in der Reihe Rohstoff bei Matthes &amp; Seitz Berlin. Ausgew\u00e4hlte Gedichte liegen in italienischer, slowakischer, polnischer, tschechischer und ungarischer \u00dcbersetzung vor. Derzeit ist sie Mitglied im Programmteam von ZeLT.\u200b\u200b Sie lebt und arbeitet in Wien und Brixen (IT).[\/vc_column_text][vc_column_text css=&#8220;.vc_custom_1592073008510{margin-bottom: 10px !important;}&#8220;]\n<h4>Ver\u00f6ffentlichungen<\/h4>\n[\/vc_column_text][vc_column_text]\n<ul>\n<li>\u200b\u201eSalzwasser&#8220; Rohstoff, Matthes &amp; Seitz Berlin, 2024<\/li>\n<li>LITERATUR &amp; WISSEN(SCHAFT) 2025. Hg. Thomas Streifeneder, Christine Vescoli, Josef Prackwieser. franzLAB, 2025<\/li>\n<li>Zeitschrift Jugend ohne Film, Verein f\u00fcr Filmkritik und Literatur, 2025<\/li>\n<li>Jahrbuch der Lyrik 2024\/25. Hg. Matthias Kniep und Karin Fellner. Sch\u00f6ffling &amp; Co., 2024<\/li>\n<li>Anthologie zum Novotvar Festival, 2024<\/li>\n<li>Transistor &#8211; Zeitschrift f\u00fcr zeitgen\u00f6ssische Lyrik, 2023<\/li>\n<li>Anthologie zu V\u00e1clav Buriana, 2023<\/li>\n<li>Zeitschrift Jugend ohne Film, Verein f\u00fcr Filmkritik und Literatur, 2023<\/li>\n<li>Anthologie zum 30. Open Mike, Allitera Verlag, 2022<\/li>\n<li>Tri\u00ebdere: Zeitschrift f\u00fcr Theorie, Literatur und Kunst. Sonderzahl, 2020<\/li>\n<\/ul>\n<ul>\n<li>in <em>wo warn wir ach ja: Junge \u00f6sterreichische Gegenwartslyrik.<\/em> Hrsg. von Robert Prosser und Christoph Szalay. Limbus, Innsbruck, 2019<\/li>\n<li>in <em>lyrischer Wille.<\/em> Vielsprachiges \u00dcbersetzungsprojekt. Hrsg. von Arno Dejaco und Matthias Vieieder. Folio Verlag, Wien\/Bozen, 2019<\/li>\n<\/ul>\n[\/vc_column_text][\/vc_column][vc_column width=&#8220;1\/3&#8243;][vc_single_image image=&#8220;18409&#8243; img_size=&#8220;full&#8220; alignment=&#8220;center&#8220; css_animation=&#8220;fadeIn&#8220;][vc_column_text]\n<p style=\"text-align: right; margin-top: -35px;\"><strong>\u00a9 El Menges[\/vc_column_text][vc_separator css=&#8220;.vc_custom_1591809399522{margin-bottom: 35px !important;}&#8220;][vc_column_text]<\/strong><\/p>\n<p style=\"text-align: center;\">* 1996 \u2022 Bozen (S\u00fcdtirol)<\/p>\n[\/vc_column_text][\/vc_column][\/vc_row][vc_section css=&#8220;.vc_custom_1616936237464{margin-top: 35px !important;}&#8220;][vc_row][vc_column]\t<div class=\"thb_title  style1  \" id=\"thb-title-69dc12343dddc\">\n\t<div class=\"thb_title_inner\">\n\t\t\t\t<svg version=\"1.1\" class=\"left_brackets\" xmlns=\"http:\/\/www.w3.org\/2000\/svg\" xmlns:xlink=\"http:\/\/www.w3.org\/1999\/xlink\" x=\"0px\" y=\"0px\"\r\n\t width=\"9px\" height=\"41px\" viewBox=\"0 0 9 41.5\" enable-background=\"new 0 0 9 41\" xml:space=\"preserve\">\r\n\t<path fill-rule=\"evenodd\" clip-rule=\"evenodd\" d=\"M8.932,2.101C8.35,1.803,7.755,1.377,7.093,1.185\r\n\t\tC4.735,0.501,3.077,2.059,2.557,4.512c-0.409,1.926,0.018,3.794,0.431,5.662c0.329,1.484,0.669,2.966,0.966,4.458\r\n\t\tc0.102,0.511,0.12,1.046,0.114,1.569c-0.018,1.876-0.77,3.303-2.681,4.073c2.614,1.149,2.975,3.284,2.56,5.675\r\n\t\tc-0.417,2.395-1.016,4.758-1.431,7.153C2.362,33.982,2.4,34.93,2.53,35.821c0.444,3.047,3.293,5.085,6.148,2.723\r\n\t\tC8.756,38.479,8.848,38.431,9,38.331c-1.102,1.964-3.579,2.703-5.296,1.951c-2.036-0.892-3.179-2.438-3.271-4.678\r\n\t\tc-0.087-2.105,0.488-4.104,1.052-6.104c0.429-1.515,0.866-3.033,1.155-4.576c0.423-2.255-0.472-3.747-2.64-4.6\r\n\t\tc0.478-0.263,0.963-0.449,1.351-0.758c1.226-0.979,1.607-2.327,1.307-3.797c-0.358-1.756-0.939-3.467-1.302-5.223\r\n\t\tC0.972,8.688,0.554,6.808,0.475,4.923C0.388,2.834,1.58,1.315,3.445,0.405C5.412-0.554,7.894,0.26,8.932,2.101z\"\/>\r\n<\/svg>\r\n\t\t<h2>Beitr\u00e4ge<\/h2>\n\t\t<svg version=\"1.1\" class=\"right_brackets\" xmlns=\"http:\/\/www.w3.org\/2000\/svg\" xmlns:xlink=\"http:\/\/www.w3.org\/1999\/xlink\" x=\"0px\" y=\"0px\"\r\n\t width=\"9px\" height=\"41px\" viewBox=\"0 0 9 41.5\" enable-background=\"new 0 0 9 41\" xml:space=\"preserve\">\r\n\t<path fill-rule=\"evenodd\" clip-rule=\"evenodd\" d=\"M0.068,2.101C0.65,1.803,1.245,1.377,1.907,1.185\r\n\t\tc2.357-0.683,4.016,0.874,4.536,3.328c0.409,1.926-0.018,3.794-0.431,5.662c-0.329,1.484-0.669,2.966-0.966,4.458\r\n\t\tc-0.102,0.511-0.12,1.046-0.114,1.569c0.018,1.876,0.77,3.303,2.681,4.073c-2.614,1.149-2.975,3.284-2.56,5.675\r\n\t\tc0.417,2.395,1.016,4.758,1.431,7.153c0.153,0.881,0.115,1.828-0.015,2.72c-0.444,3.047-3.293,5.085-6.148,2.723\r\n\t\tC0.244,38.479,0.152,38.431,0,38.331c1.102,1.964,3.579,2.703,5.296,1.951c2.036-0.892,3.179-2.438,3.271-4.678\r\n\t\tc0.087-2.105-0.488-4.104-1.052-6.104c-0.429-1.515-0.866-3.033-1.155-4.576c-0.423-2.255,0.472-3.747,2.64-4.6\r\n\t\tc-0.478-0.263-0.963-0.449-1.351-0.758c-1.226-0.979-1.607-2.327-1.307-3.797c0.358-1.756,0.939-3.467,1.302-5.223\r\n\t\tc0.384-1.859,0.802-3.739,0.881-5.624C8.612,2.834,7.42,1.315,5.555,0.405C3.588-0.554,1.106,0.26,0.068,2.101z\"\/>\r\n<\/svg>\r\n\t\t\t<\/div>\n\t\t\t<\/div>\n\t[\/vc_column][\/vc_row][vc_row][vc_column]\t\t<div class=\"thb-carousel thb-post-carousel thb-post-carousel-style5     center-arrows no-padding large-arrows   \" data-columns=\"3\" data-pagination=\"true\" data-navigation=\"true\" data-autoplay=\"true\" data-autoplay-speed=\"4000\" data-infinite=\"true\">\n\t\t\t\t\t\t\t<div class=\"columns\">\n\t\t\t\t\t\t\t\t\t\t\t\t\t\t\t\t\t\t\t\t\t\t\t\t\t\t\t\t\t\t\t<div class=\"post style12 featured-style featured-overflow center-contents post-20175 type-post status-publish format-standard has-post-thumbnail hentry category-besprechung tag-greta-maria-pichler tag-johannes-troendle\">\n  <figure class=\"post-gallery thb-parallax\" data-video=\"mp4:\">\n    <img width=\"300\" height=\"490\" src=\"https:\/\/www.poesiegalerie.at\/wordpress\/wp-content\/uploads\/2024\/12\/IMG_0030-20x19.jpeg\" class=\"attachment-theissue-square-x2 size-theissue-square-x2 thb-lazyload lazyload wp-post-image\" alt=\"\" decoding=\"async\" loading=\"lazy\" sizes=\"(max-width: 300px) 100vw, 300px\" data-src=\"https:\/\/www.poesiegalerie.at\/wordpress\/wp-content\/uploads\/2024\/12\/IMG_0030.jpeg\" data-sizes=\"auto\" data-srcset=\"https:\/\/www.poesiegalerie.at\/wordpress\/wp-content\/uploads\/2024\/12\/IMG_0030.jpeg 300w, https:\/\/www.poesiegalerie.at\/wordpress\/wp-content\/uploads\/2024\/12\/IMG_0030-184x300.jpeg 184w, https:\/\/www.poesiegalerie.at\/wordpress\/wp-content\/uploads\/2024\/12\/IMG_0030-92x150.jpeg 92w, https:\/\/www.poesiegalerie.at\/wordpress\/wp-content\/uploads\/2024\/12\/IMG_0030-20x33.jpeg 20w, https:\/\/www.poesiegalerie.at\/wordpress\/wp-content\/uploads\/2024\/12\/IMG_0030-29x48.jpeg 29w\" \/>  <\/figure>\n  <div class=\"post-inner-content\">\n    <div class=\"post-overflow-content\">\n      \t\t<aside class=\"post-category \">\n\t\t\t\t\t<a href=\"https:\/\/www.poesiegalerie.at\/wordpress\/category\/besprechung\/\" rel=\"category tag\">BESPRECHUNGEN<\/a>\n\t\t\t<\/aside>\n\t\t      <div class=\"post-title\"><h4><a href=\"https:\/\/www.poesiegalerie.at\/wordpress\/2024\/12\/25\/trondle-besprechung-pichler-logbuch-der-seefrau\/\" title=\"Logbuch der Seefrau\"><span>Logbuch der Seefrau<\/span><\/a><\/h4><\/div>      \t\t\t\t<aside class=\"thb-post-bottom\">\n\t\t\t\t\t\t<ul>\n\t\t\t\t\t\t\t\t<li class=\"post-date\">25. Dezember 2024<\/li>\n\t\t\t\t\t\t\t\t\t\t\t\t<li class=\"post-read\">3 mins Read<\/li>\n\t\t\t\t\t\t\t\t\t\t\t<\/ul>\n\t\t<\/aside>\n\t\t      <a href=\"https:\/\/www.poesiegalerie.at\/wordpress\/2024\/12\/25\/trondle-besprechung-pichler-logbuch-der-seefrau\/\" class=\"featured-read-more\">Read More<\/a>\n    <\/div>\n  <\/div>\n<\/div>\t\t\t\t\t\t\t\t\t\t\t\t\t\t\t\t\t\t\t<\/div>\n\t\t\t\t\t\t\t<div class=\"columns\">\n\t\t\t\t\t\t\t\t\t\t\t\t\t\t\t\t\t\t\t\t\t\t\t\t\t\t\t\t\t\t\t<div class=\"post style12 featured-style featured-overflow center-contents post-6471 type-post status-publish format-standard has-post-thumbnail hentry category-ausgestellt category-gedicht-von-heute tag-greta-maria-pichler\">\n  <figure class=\"post-gallery thb-parallax\" data-video=\"mp4:\">\n    <img width=\"480\" height=\"564\" src=\"https:\/\/www.poesiegalerie.at\/wordpress\/wp-content\/uploads\/2021\/03\/Pichler-Greta-Maria-Portra\u0308t-\u00a9Luisa-Bruzzone-20x19.jpeg\" class=\"attachment-theissue-square-x2 size-theissue-square-x2 thb-lazyload lazyload wp-post-image\" alt=\"\" decoding=\"async\" loading=\"lazy\" sizes=\"(max-width: 480px) 100vw, 480px\" data-src=\"https:\/\/www.poesiegalerie.at\/wordpress\/wp-content\/uploads\/2021\/03\/Pichler-Greta-Maria-Portra\u0308t-\u00a9Luisa-Bruzzone.jpeg\" data-sizes=\"auto\" data-srcset=\"https:\/\/www.poesiegalerie.at\/wordpress\/wp-content\/uploads\/2021\/03\/Pichler-Greta-Maria-Portra\u0308t-\u00a9Luisa-Bruzzone.jpeg 480w, https:\/\/www.poesiegalerie.at\/wordpress\/wp-content\/uploads\/2021\/03\/Pichler-Greta-Maria-Portra\u0308t-\u00a9Luisa-Bruzzone-255x300.jpeg 255w, https:\/\/www.poesiegalerie.at\/wordpress\/wp-content\/uploads\/2021\/03\/Pichler-Greta-Maria-Portra\u0308t-\u00a9Luisa-Bruzzone-128x150.jpeg 128w, https:\/\/www.poesiegalerie.at\/wordpress\/wp-content\/uploads\/2021\/03\/Pichler-Greta-Maria-Portra\u0308t-\u00a9Luisa-Bruzzone-370x435.jpeg 370w, https:\/\/www.poesiegalerie.at\/wordpress\/wp-content\/uploads\/2021\/03\/Pichler-Greta-Maria-Portra\u0308t-\u00a9Luisa-Bruzzone-185x217.jpeg 185w, https:\/\/www.poesiegalerie.at\/wordpress\/wp-content\/uploads\/2021\/03\/Pichler-Greta-Maria-Portra\u0308t-\u00a9Luisa-Bruzzone-20x24.jpeg 20w, https:\/\/www.poesiegalerie.at\/wordpress\/wp-content\/uploads\/2021\/03\/Pichler-Greta-Maria-Portra\u0308t-\u00a9Luisa-Bruzzone-400x470.jpeg 400w, https:\/\/www.poesiegalerie.at\/wordpress\/wp-content\/uploads\/2021\/03\/Pichler-Greta-Maria-Portra\u0308t-\u00a9Luisa-Bruzzone-41x48.jpeg 41w\" \/>  <\/figure>\n  <div class=\"post-inner-content\">\n    <div class=\"post-overflow-content\">\n      \t\t<aside class=\"post-category \">\n\t\t\t\t\t<a href=\"https:\/\/www.poesiegalerie.at\/wordpress\/category\/ausgestellt\/\" rel=\"category tag\">AUSGESTELLT<\/a>\n\t\t\t<\/aside>\n\t\t      <div class=\"post-title\"><h4><a href=\"https:\/\/www.poesiegalerie.at\/wordpress\/2021\/04\/24\/etwas-nicht-begreifen\/\" title=\"etwas nicht begreifen\"><span>etwas nicht begreifen<\/span><\/a><\/h4><\/div>      \t\t\t\t<aside class=\"thb-post-bottom\">\n\t\t\t\t\t\t<ul>\n\t\t\t\t\t\t\t\t<li class=\"post-date\">24. April 2021<\/li>\n\t\t\t\t\t\t\t\t\t\t\t\t<li class=\"post-read\">1 min Read<\/li>\n\t\t\t\t\t\t\t\t\t\t\t<\/ul>\n\t\t<\/aside>\n\t\t      <a href=\"https:\/\/www.poesiegalerie.at\/wordpress\/2021\/04\/24\/etwas-nicht-begreifen\/\" class=\"featured-read-more\">Read More<\/a>\n    <\/div>\n  <\/div>\n<\/div>\t\t\t\t\t\t\t\t\t\t\t\t\t\t\t\t\t\t\t<\/div>\n\t\t\t\t\t\t\t<div class=\"columns\">\n\t\t\t\t\t\t\t\t\t\t\t\t\t\t\t\t\t\t\t\t\t\t\t\t\t\t\t\t\t\t\t<div class=\"post style12 featured-style featured-overflow center-contents post-5953 type-post status-publish format-standard has-post-thumbnail hentry category-ausgestellt category-gedicht-von-heute tag-greta-maria-pichler\">\n  <figure class=\"post-gallery thb-parallax\" data-video=\"mp4:\">\n    <img width=\"480\" height=\"564\" src=\"https:\/\/www.poesiegalerie.at\/wordpress\/wp-content\/uploads\/2021\/03\/Pichler-Greta-Maria-Portra\u0308t-\u00a9Luisa-Bruzzone-20x19.jpeg\" class=\"attachment-theissue-square-x2 size-theissue-square-x2 thb-lazyload lazyload wp-post-image\" alt=\"\" decoding=\"async\" loading=\"lazy\" sizes=\"(max-width: 480px) 100vw, 480px\" data-src=\"https:\/\/www.poesiegalerie.at\/wordpress\/wp-content\/uploads\/2021\/03\/Pichler-Greta-Maria-Portra\u0308t-\u00a9Luisa-Bruzzone.jpeg\" data-sizes=\"auto\" data-srcset=\"https:\/\/www.poesiegalerie.at\/wordpress\/wp-content\/uploads\/2021\/03\/Pichler-Greta-Maria-Portra\u0308t-\u00a9Luisa-Bruzzone.jpeg 480w, https:\/\/www.poesiegalerie.at\/wordpress\/wp-content\/uploads\/2021\/03\/Pichler-Greta-Maria-Portra\u0308t-\u00a9Luisa-Bruzzone-255x300.jpeg 255w, https:\/\/www.poesiegalerie.at\/wordpress\/wp-content\/uploads\/2021\/03\/Pichler-Greta-Maria-Portra\u0308t-\u00a9Luisa-Bruzzone-128x150.jpeg 128w, https:\/\/www.poesiegalerie.at\/wordpress\/wp-content\/uploads\/2021\/03\/Pichler-Greta-Maria-Portra\u0308t-\u00a9Luisa-Bruzzone-370x435.jpeg 370w, https:\/\/www.poesiegalerie.at\/wordpress\/wp-content\/uploads\/2021\/03\/Pichler-Greta-Maria-Portra\u0308t-\u00a9Luisa-Bruzzone-185x217.jpeg 185w, https:\/\/www.poesiegalerie.at\/wordpress\/wp-content\/uploads\/2021\/03\/Pichler-Greta-Maria-Portra\u0308t-\u00a9Luisa-Bruzzone-20x24.jpeg 20w, https:\/\/www.poesiegalerie.at\/wordpress\/wp-content\/uploads\/2021\/03\/Pichler-Greta-Maria-Portra\u0308t-\u00a9Luisa-Bruzzone-400x470.jpeg 400w, https:\/\/www.poesiegalerie.at\/wordpress\/wp-content\/uploads\/2021\/03\/Pichler-Greta-Maria-Portra\u0308t-\u00a9Luisa-Bruzzone-41x48.jpeg 41w\" \/>  <\/figure>\n  <div class=\"post-inner-content\">\n    <div class=\"post-overflow-content\">\n      \t\t<aside class=\"post-category \">\n\t\t\t\t\t<a href=\"https:\/\/www.poesiegalerie.at\/wordpress\/category\/ausgestellt\/\" rel=\"category tag\">AUSGESTELLT<\/a>\n\t\t\t<\/aside>\n\t\t      <div class=\"post-title\"><h4><a href=\"https:\/\/www.poesiegalerie.at\/wordpress\/2021\/03\/20\/mit\/\" title=\"mit\"><span>mit<\/span><\/a><\/h4><\/div>      \t\t\t\t<aside class=\"thb-post-bottom\">\n\t\t\t\t\t\t<ul>\n\t\t\t\t\t\t\t\t<li class=\"post-date\">20. M\u00e4rz 2021<\/li>\n\t\t\t\t\t\t\t\t\t\t\t\t<li class=\"post-read\">1 min Read<\/li>\n\t\t\t\t\t\t\t\t\t\t\t<\/ul>\n\t\t<\/aside>\n\t\t      <a href=\"https:\/\/www.poesiegalerie.at\/wordpress\/2021\/03\/20\/mit\/\" class=\"featured-read-more\">Read More<\/a>\n    <\/div>\n  <\/div>\n<\/div>\t\t\t\t\t\t\t\t\t\t\t\t\t\t\t\t\t\t\t<\/div>\n\t\t\t\t\t\t\t\t<\/div>\n\t\t[\/vc_column][\/vc_row][\/vc_section]\n<\/section>","protected":false},"excerpt":{"rendered":"<p>[vc_row][vc_column width=&#8220;2\/3&#8243;][vc_column_text css=&#8220;.vc_custom_1591810821563{margin-bottom: 10px !important;}&#8220;] Biografie [\/vc_column_text][vc_column_text]1996 in Bozen geboren (IT), studierte Philosophie an der Universit\u00e4t Wien und Sprachkunst an der Universit\u00e4t f\u00fcr angewandte Kunst Wien. 2022 war sie Jurypreistr\u00e4gerin des 30. Open Mike vom Haus f\u00fcr Poesie Berlin. Im Herbst 2024 erschien ihr Deb\u00fct Salzwasser in der Reihe Rohstoff bei Matthes &amp; Seitz Berlin.&hellip;<\/p>\n","protected":false},"author":8,"featured_media":18409,"parent":1009,"menu_order":0,"comment_status":"closed","ping_status":"closed","template":"","meta":[],"categories":[103],"tags":[134],"yoast_head":"<!-- This site is optimized with the Yoast SEO plugin v20.6 - https:\/\/yoast.com\/wordpress\/plugins\/seo\/ -->\n<title>Pichler Greta Maria - Poesiegalerie<\/title>\n<meta name=\"robots\" content=\"index, follow, max-snippet:-1, max-image-preview:large, max-video-preview:-1\" \/>\n<link rel=\"canonical\" href=\"https:\/\/www.poesiegalerie.at\/wordpress\/autor\u2011innen-alte-seite\/pichler-greta-maria\/\" \/>\n<meta property=\"og:locale\" content=\"de_DE\" \/>\n<meta property=\"og:type\" content=\"article\" \/>\n<meta property=\"og:title\" content=\"Pichler Greta Maria - Poesiegalerie\" \/>\n<meta property=\"og:description\" content=\"[vc_row][vc_column width=&#8220;2\/3&#8243;][vc_column_text css=&#8220;.vc_custom_1591810821563{margin-bottom: 10px !important;}&#8220;] Biografie [\/vc_column_text][vc_column_text]1996 in Bozen geboren (IT), studierte Philosophie an der Universit\u00e4t Wien und Sprachkunst an der Universit\u00e4t f\u00fcr angewandte Kunst Wien. 2022 war sie Jurypreistr\u00e4gerin des 30. Open Mike vom Haus f\u00fcr Poesie Berlin. Im Herbst 2024 erschien ihr Deb\u00fct Salzwasser in der Reihe Rohstoff bei Matthes &amp; Seitz Berlin.&hellip;\" \/>\n<meta property=\"og:url\" content=\"https:\/\/www.poesiegalerie.at\/wordpress\/autor\u2011innen-alte-seite\/pichler-greta-maria\/\" \/>\n<meta property=\"og:site_name\" content=\"Poesiegalerie\" \/>\n<meta property=\"article:publisher\" content=\"https:\/\/facebook.com\/poesiegalerie\" \/>\n<meta property=\"article:modified_time\" content=\"2026-03-19T12:42:17+00:00\" \/>\n<meta property=\"og:image\" content=\"https:\/\/www.poesiegalerie.at\/wordpress\/wp-content\/uploads\/2021\/03\/Pichler-Greta-Maria-Portra\u0308t-\u00a9Luisa-Bruzzone.jpeg\" \/>\n\t<meta property=\"og:image:width\" content=\"480\" \/>\n\t<meta property=\"og:image:height\" content=\"564\" \/>\n\t<meta property=\"og:image:type\" content=\"image\/jpeg\" \/>\n<meta name=\"twitter:card\" content=\"summary_large_image\" \/>\n<meta name=\"twitter:image\" content=\"https:\/\/www.poesiegalerie.at\/wordpress\/wp-content\/uploads\/2021\/03\/Pichler-Greta-Maria-Portra\u0308t-\u00a9Luisa-Bruzzone.jpeg\" \/>\n<meta name=\"twitter:site\" content=\"@poesiegalerie\" \/>\n<meta name=\"twitter:label1\" content=\"Gesch\u00e4tzte Lesezeit\" \/>\n\t<meta name=\"twitter:data1\" content=\"2 Minuten\" \/>\n<script type=\"application\/ld+json\" class=\"yoast-schema-graph\">{\"@context\":\"https:\/\/schema.org\",\"@graph\":[{\"@type\":\"WebPage\",\"@id\":\"https:\/\/www.poesiegalerie.at\/wordpress\/autor%e2%80%91innen-alte-seite\/pichler-greta-maria\/\",\"url\":\"https:\/\/www.poesiegalerie.at\/wordpress\/autor%e2%80%91innen-alte-seite\/pichler-greta-maria\/\",\"name\":\"Pichler Greta Maria - Poesiegalerie\",\"isPartOf\":{\"@id\":\"https:\/\/www.poesiegalerie.at\/wordpress\/#website\"},\"datePublished\":\"2021-03-17T15:06:14+00:00\",\"dateModified\":\"2026-03-19T12:42:17+00:00\",\"breadcrumb\":{\"@id\":\"https:\/\/www.poesiegalerie.at\/wordpress\/autor%e2%80%91innen-alte-seite\/pichler-greta-maria\/#breadcrumb\"},\"inLanguage\":\"de-DE\",\"potentialAction\":[{\"@type\":\"ReadAction\",\"target\":[\"https:\/\/www.poesiegalerie.at\/wordpress\/autor%e2%80%91innen-alte-seite\/pichler-greta-maria\/\"]}]},{\"@type\":\"BreadcrumbList\",\"@id\":\"https:\/\/www.poesiegalerie.at\/wordpress\/autor%e2%80%91innen-alte-seite\/pichler-greta-maria\/#breadcrumb\",\"itemListElement\":[{\"@type\":\"ListItem\",\"position\":1,\"name\":\"Startseite\",\"item\":\"https:\/\/www.poesiegalerie.at\/wordpress\/\"},{\"@type\":\"ListItem\",\"position\":2,\"name\":\"Autor*innen &#8211; Alte Seite\",\"item\":\"https:\/\/www.poesiegalerie.at\/wordpress\/autor%e2%80%91innen-alte-seite\/\"},{\"@type\":\"ListItem\",\"position\":3,\"name\":\"Pichler Greta Maria\"}]},{\"@type\":\"WebSite\",\"@id\":\"https:\/\/www.poesiegalerie.at\/wordpress\/#website\",\"url\":\"https:\/\/www.poesiegalerie.at\/wordpress\/\",\"name\":\"Poesiegalerie\",\"description\":\"\",\"publisher\":{\"@id\":\"https:\/\/www.poesiegalerie.at\/wordpress\/#organization\"},\"potentialAction\":[{\"@type\":\"SearchAction\",\"target\":{\"@type\":\"EntryPoint\",\"urlTemplate\":\"https:\/\/www.poesiegalerie.at\/wordpress\/?s={search_term_string}\"},\"query-input\":\"required name=search_term_string\"}],\"inLanguage\":\"de-DE\"},{\"@type\":\"Organization\",\"@id\":\"https:\/\/www.poesiegalerie.at\/wordpress\/#organization\",\"name\":\"Poesiegalerie\",\"url\":\"https:\/\/www.poesiegalerie.at\/wordpress\/\",\"logo\":{\"@type\":\"ImageObject\",\"inLanguage\":\"de-DE\",\"@id\":\"https:\/\/www.poesiegalerie.at\/wordpress\/#\/schema\/logo\/image\/\",\"url\":\"https:\/\/www.poesiegalerie.at\/wordpress\/wp-content\/uploads\/2021\/01\/Logoquadrat-PG-1.png\",\"contentUrl\":\"https:\/\/www.poesiegalerie.at\/wordpress\/wp-content\/uploads\/2021\/01\/Logoquadrat-PG-1.png\",\"width\":512,\"height\":512,\"caption\":\"Poesiegalerie\"},\"image\":{\"@id\":\"https:\/\/www.poesiegalerie.at\/wordpress\/#\/schema\/logo\/image\/\"},\"sameAs\":[\"https:\/\/facebook.com\/poesiegalerie\",\"https:\/\/twitter.com\/poesiegalerie\",\"https:\/\/instagram.com\/poesiegalerie\",\"https:\/\/youtube.com\/channel\/UChHTsNTzMPzZpU8TfKP3dNQ\"]}]}<\/script>\n<!-- \/ Yoast SEO plugin. -->","yoast_head_json":{"title":"Pichler Greta Maria - Poesiegalerie","robots":{"index":"index","follow":"follow","max-snippet":"max-snippet:-1","max-image-preview":"max-image-preview:large","max-video-preview":"max-video-preview:-1"},"canonical":"https:\/\/www.poesiegalerie.at\/wordpress\/autor\u2011innen-alte-seite\/pichler-greta-maria\/","og_locale":"de_DE","og_type":"article","og_title":"Pichler Greta Maria - Poesiegalerie","og_description":"[vc_row][vc_column width=&#8220;2\/3&#8243;][vc_column_text css=&#8220;.vc_custom_1591810821563{margin-bottom: 10px !important;}&#8220;] Biografie [\/vc_column_text][vc_column_text]1996 in Bozen geboren (IT), studierte Philosophie an der Universit\u00e4t Wien und Sprachkunst an der Universit\u00e4t f\u00fcr angewandte Kunst Wien. 2022 war sie Jurypreistr\u00e4gerin des 30. Open Mike vom Haus f\u00fcr Poesie Berlin. Im Herbst 2024 erschien ihr Deb\u00fct Salzwasser in der Reihe Rohstoff bei Matthes &amp; Seitz Berlin.&hellip;","og_url":"https:\/\/www.poesiegalerie.at\/wordpress\/autor\u2011innen-alte-seite\/pichler-greta-maria\/","og_site_name":"Poesiegalerie","article_publisher":"https:\/\/facebook.com\/poesiegalerie","article_modified_time":"2026-03-19T12:42:17+00:00","og_image":[{"width":480,"height":564,"url":"https:\/\/www.poesiegalerie.at\/wordpress\/wp-content\/uploads\/2021\/03\/Pichler-Greta-Maria-Portra\u0308t-\u00a9Luisa-Bruzzone.jpeg","type":"image\/jpeg"}],"twitter_card":"summary_large_image","twitter_image":"https:\/\/www.poesiegalerie.at\/wordpress\/wp-content\/uploads\/2021\/03\/Pichler-Greta-Maria-Portra\u0308t-\u00a9Luisa-Bruzzone.jpeg","twitter_site":"@poesiegalerie","twitter_misc":{"Gesch\u00e4tzte Lesezeit":"2 Minuten"},"schema":{"@context":"https:\/\/schema.org","@graph":[{"@type":"WebPage","@id":"https:\/\/www.poesiegalerie.at\/wordpress\/autor%e2%80%91innen-alte-seite\/pichler-greta-maria\/","url":"https:\/\/www.poesiegalerie.at\/wordpress\/autor%e2%80%91innen-alte-seite\/pichler-greta-maria\/","name":"Pichler Greta Maria - Poesiegalerie","isPartOf":{"@id":"https:\/\/www.poesiegalerie.at\/wordpress\/#website"},"datePublished":"2021-03-17T15:06:14+00:00","dateModified":"2026-03-19T12:42:17+00:00","breadcrumb":{"@id":"https:\/\/www.poesiegalerie.at\/wordpress\/autor%e2%80%91innen-alte-seite\/pichler-greta-maria\/#breadcrumb"},"inLanguage":"de-DE","potentialAction":[{"@type":"ReadAction","target":["https:\/\/www.poesiegalerie.at\/wordpress\/autor%e2%80%91innen-alte-seite\/pichler-greta-maria\/"]}]},{"@type":"BreadcrumbList","@id":"https:\/\/www.poesiegalerie.at\/wordpress\/autor%e2%80%91innen-alte-seite\/pichler-greta-maria\/#breadcrumb","itemListElement":[{"@type":"ListItem","position":1,"name":"Startseite","item":"https:\/\/www.poesiegalerie.at\/wordpress\/"},{"@type":"ListItem","position":2,"name":"Autor*innen &#8211; Alte Seite","item":"https:\/\/www.poesiegalerie.at\/wordpress\/autor%e2%80%91innen-alte-seite\/"},{"@type":"ListItem","position":3,"name":"Pichler Greta Maria"}]},{"@type":"WebSite","@id":"https:\/\/www.poesiegalerie.at\/wordpress\/#website","url":"https:\/\/www.poesiegalerie.at\/wordpress\/","name":"Poesiegalerie","description":"","publisher":{"@id":"https:\/\/www.poesiegalerie.at\/wordpress\/#organization"},"potentialAction":[{"@type":"SearchAction","target":{"@type":"EntryPoint","urlTemplate":"https:\/\/www.poesiegalerie.at\/wordpress\/?s={search_term_string}"},"query-input":"required name=search_term_string"}],"inLanguage":"de-DE"},{"@type":"Organization","@id":"https:\/\/www.poesiegalerie.at\/wordpress\/#organization","name":"Poesiegalerie","url":"https:\/\/www.poesiegalerie.at\/wordpress\/","logo":{"@type":"ImageObject","inLanguage":"de-DE","@id":"https:\/\/www.poesiegalerie.at\/wordpress\/#\/schema\/logo\/image\/","url":"https:\/\/www.poesiegalerie.at\/wordpress\/wp-content\/uploads\/2021\/01\/Logoquadrat-PG-1.png","contentUrl":"https:\/\/www.poesiegalerie.at\/wordpress\/wp-content\/uploads\/2021\/01\/Logoquadrat-PG-1.png","width":512,"height":512,"caption":"Poesiegalerie"},"image":{"@id":"https:\/\/www.poesiegalerie.at\/wordpress\/#\/schema\/logo\/image\/"},"sameAs":["https:\/\/facebook.com\/poesiegalerie","https:\/\/twitter.com\/poesiegalerie","https:\/\/instagram.com\/poesiegalerie","https:\/\/youtube.com\/channel\/UChHTsNTzMPzZpU8TfKP3dNQ"]}]}},"_links":{"self":[{"href":"https:\/\/www.poesiegalerie.at\/wordpress\/wp-json\/wp\/v2\/pages\/5946"}],"collection":[{"href":"https:\/\/www.poesiegalerie.at\/wordpress\/wp-json\/wp\/v2\/pages"}],"about":[{"href":"https:\/\/www.poesiegalerie.at\/wordpress\/wp-json\/wp\/v2\/types\/page"}],"author":[{"embeddable":true,"href":"https:\/\/www.poesiegalerie.at\/wordpress\/wp-json\/wp\/v2\/users\/8"}],"replies":[{"embeddable":true,"href":"https:\/\/www.poesiegalerie.at\/wordpress\/wp-json\/wp\/v2\/comments?post=5946"}],"version-history":[{"count":11,"href":"https:\/\/www.poesiegalerie.at\/wordpress\/wp-json\/wp\/v2\/pages\/5946\/revisions"}],"predecessor-version":[{"id":24036,"href":"https:\/\/www.poesiegalerie.at\/wordpress\/wp-json\/wp\/v2\/pages\/5946\/revisions\/24036"}],"up":[{"embeddable":true,"href":"https:\/\/www.poesiegalerie.at\/wordpress\/wp-json\/wp\/v2\/pages\/1009"}],"wp:featuredmedia":[{"embeddable":true,"href":"https:\/\/www.poesiegalerie.at\/wordpress\/wp-json\/wp\/v2\/media\/18409"}],"wp:attachment":[{"href":"https:\/\/www.poesiegalerie.at\/wordpress\/wp-json\/wp\/v2\/media?parent=5946"}],"wp:term":[{"taxonomy":"category","embeddable":true,"href":"https:\/\/www.poesiegalerie.at\/wordpress\/wp-json\/wp\/v2\/categories?post=5946"},{"taxonomy":"post_tag","embeddable":true,"href":"https:\/\/www.poesiegalerie.at\/wordpress\/wp-json\/wp\/v2\/tags?post=5946"}],"curies":[{"name":"wp","href":"https:\/\/api.w.org\/{rel}","templated":true}]}}