{"id":6796,"date":"2021-05-18T10:23:25","date_gmt":"2021-05-18T08:23:25","guid":{"rendered":"https:\/\/www.poesiegalerie.at\/wordpress\/?page_id=6796"},"modified":"2025-02-17T13:03:35","modified_gmt":"2025-02-17T12:03:35","slug":"ueber-uns","status":"publish","type":"page","link":"https:\/\/www.poesiegalerie.at\/wordpress\/ueber-uns\/","title":{"rendered":"\u00dcber uns"},"content":{"rendered":"<section class=\"wpb-content-wrapper\">[vc_row][vc_column][vc_column_text]\r\n<p><strong>Wer und was ist die\u00a0<em>poesiegalerie<\/em>?<\/strong><\/p>\r\n\r\n<p>Die\u00a0<em>poesiegalerie\u00a0<\/em>wurde 2018 von <a href=\"https:\/\/www.poesiegalerie.at\/wordpress\/autor%e2%80%91innen\/kawasser-udo\/\">Udo Kawasser<\/a> initiiert als Podium f\u00fcr die Pr\u00e4sentation der Vielfalt zeitgen\u00f6ssischer Lyrik in \u00d6sterreich und als Forum f\u00fcr Information, Austausch und Vernetzung. Die poesiegalerie wird vom Verein\u00a0<em>poesiegalerie. verein zur f\u00f6rderung der zeitgen\u00f6ssischen dichtkunst<\/em> getragen, zu dessen Gr\u00fcndungsmitgliedern im J\u00e4nner 2019 auch <a href=\"https:\/\/www.poesiegalerie.at\/wordpress\/autor%e2%80%91innen\/clar-peter-neu\/\">Peter Clar<\/a> und <a href=\"https:\/\/www.poesiegalerie.at\/wordpress\/autor%e2%80%91innen\/vasik-monika-2\/\">Monika Vasik<\/a> z\u00e4hlten.<\/p>\r\n\r\n<p>Das Ziel der<em> poesiegalerie<\/em> ist \u00d6ffentlichkeit, die gr\u00f6\u00dfere Wahrnehmung \u00f6sterreichischer Lyrik und eine breitere Auseinandersetzung mit Poesie. Neben dem Online-Auftritt\u00a0<a href=\"http:\/\/www.poesiegalerie.at\/\">www.poesiegalerie.at<\/a>\u00a0ist die\u00a0<em>poesiegalerie<\/em>\u00a0auch auf Facebook, Twitter, Instagram und Youtube pr\u00e4sent.<\/p>\r\n\r\n<p><strong>Schwerpunkte:<\/strong><\/p>\r\n\r\n<p><strong>Unsere Webseite\u00a0<a href=\"http:\/\/www.poesiegalerie.at\">www.poesiegalerie.at<\/a><\/strong><\/p>\r\n\r\n<p>Die Webseite gibt es seit dem Sommer 2020. Sie ist zur leichteren Orientierung in Rubriken gegliedert:<\/p>\r\n\r\n<p>Mehrmals w\u00f6chentlich pr\u00e4sentieren wir in der Rubrik\u00a0<em>Ausgestellt<\/em>\u00a0ein\u00a0<em>Gedicht von heute<\/em>. Es sind Texte aus dem aktuellen Schaffen \u00f6sterreichischer Lyriker*innen bzw. von Autor*innen, die in \u00f6sterreichischen Verlagen publizieren. Anlassbezogen blicken wir auch \u00fcber die Grenzen \u00d6sterreichs hinaus, r\u00fccken Preistr\u00e4ger*innen wichtiger Lyrikpreise und ausgew\u00e4hlte Lyrik\u00fcbersetzungen in den Mittelpunkt. In loser Reihenfolge ver\u00f6ffentlichen wir zudem Interpretationen ausgew\u00e4hlter Gedichte und widmen uns neu erschienenen Lyrikb\u00e4nden in\u00a0<em>Besprechungen<\/em>\u00a0.<\/p>\r\n\r\n<p>In den Rubriken\u00a0<em>Poetenleben, Werkstattgespr\u00e4che, Schreibtisch und Interviews<\/em>\u00a0wiederum bieten wir eine B\u00fchne f\u00fcr Lyriker*innen und Gestalter*innen des \u00f6sterreichischen Lyrikbetriebs und setzen uns mit unterschiedlichen Schreibweisen und Poetiken auseinander.<\/p>\r\n\r\n<p>Die\u00a0<em>poesiegalerie<\/em>\u00a0gibt zudem Schreibimpulse und l\u00e4dt die Lyrik-Community ein, sich mit vorgegebenen Themen auseinanderzusetzen, die wir unter verschiedenen Rubriken der Webseite publizieren.<\/p>\r\n\r\n<p><strong>Unsere Veranstaltung\u00a0<em>poesiegalerie<\/em><\/strong><\/p>\r\n\r\n<p>Auf Initiative von <a href=\"https:\/\/www.poesiegalerie.at\/wordpress\/autor%e2%80%91innen\/kawasser-udo\/\">Udo Kawasser<\/a> organisiert der Verein poesiegalerie seit 2018 j\u00e4hrlich im Herbst an drei aufeinanderfolgenden Abenden ein Fest der Poesie. Teilnehmende Verlage nominieren aus ihrem aktuellen Lyrikprogramm Autor*innen, die von uns ausgew\u00e4hlt werden, um ihre Texte zu pr\u00e4sentieren. Auch einzelnen Newcomern bieten wir hier eine B\u00fchne. Erg\u00e4nzt werden die Lesungen durch wechselnde Schwerpunkte, etwa Slam-Poetry, theoretische Diskussionen u.a. \u00fcber Lyrikkritik oder Lyrikvermittlung, sowie musikalische Beitr\u00e4ge. Ein integraler Teil der Veranstaltung ist die Transmediale Poesiegalerie, die von einem Kurator\/einer Kuratorin gestaltet wird.<\/p>\r\n\r\n<p><strong>Redaktion:<\/strong><\/p>\r\n\r\n<p>Leitung: <a href=\"https:\/\/www.poesiegalerie.at\/wordpress\/autor%e2%80%91innen-alte-seite\/kawasser-udo\/\">Udo Kawasser<\/a><\/p>\r\n\r\n<p>Organisation: Sven P. Jakobson<\/p>\r\n<p>Rezensionen\/Interviews: <a href=\"https:\/\/www.poesiegalerie.at\/wordpress\/autor%e2%80%91innen-alte-seite\/breitenfellner-kirstin\/\">Kirstin Breitenfellner<\/a><\/p>\r\n\r\n<p>Social Media\/Presse: <a href=\"https:\/\/www.poesiegalerie.at\/wordpress\/autor%e2%80%91innen-alte-seite\/krcmarova-rhea\/\">Rhea Krcmarova<\/a><\/p>\r\n\r\n<p>Transmediale Poesiegalerie: <a href=\"https:\/\/www.poesiegalerie.at\/wordpress\/autor%e2%80%91innen-alte-seite\/vallaster-guenter\/\">G\u00fcnter Vallaster<\/a><\/p>\r\n\r\n<p>Sekretariat\/Homepage: Amabelle K\u00fcng<\/p>\r\n\r\n<p>Die Beitr\u00e4ge auf unserer Webseite stammen von der Redaktion sowie von freien Mitarbeiter*innen.\u00a0Namentlich gekennzeichnete Beitr\u00e4ge geben nicht unbedingt die Meinung der Redaktion\u00a0wieder.<\/p>\r\n\r\n<p><strong>Urheber*innenrecht<\/strong><\/p>\r\n\r\n<p>Die Rechte der in der poesiegalerie ver\u00f6ffentlichten Gedichte sowie der anderen k\u00fcnstlerischen Beitr\u00e4ge liegen bei den Autor*innen und der\u00a0<em>poesiegalerie<\/em>.\u00a0Unsere Artikel sind ausschlie\u00dflich f\u00fcr den privaten Gebrauch bestimmt, k\u00f6nnen jedoch gern verlinkt werden. Jede andere Nutzung setzt die Zustimmung der Urheber*innen und der Redaktion voraus \u2013 bitte wenden Sie sich diesbez\u00fcglich an\u00a0<a href=\"mailto:poesiegalerie@gmail.com\">poesiegalerie<\/a><\/p>\r\n\r\n<p><strong>Auszeichnungen<\/strong><\/p>\r\n\r\n<p>Die Arbeit der <em>poesiegalerie<\/em> wurde mit dem Alfred-Kolleritsch-F\u00f6rderpreis 2020 der Stadt Graz und dem Sacher-Masoch-Preis 2021 des Literaturhauses Wien ausgezeichnet.<\/p>\r\n\r\n<p><strong>Die Aktivit\u00e4ten unseres Vereins werden von folgenden F\u00f6rderstellen unterst\u00fctzt:<\/strong><\/p>\r\n\r\n\r\n\r\n<ul>\r\n<li style=\"list-style-type: none;\">\r\n<ul>\r\n<li>Stadt Wien | Kultur<\/li>\r\n\r\n\r\n\r\n<li>Bundesministerium f\u00fcr Kunst, Kultur, \u00f6ffentlichen Dienst und Sport<\/li>\r\n<\/ul>\r\n<\/li>\r\n<\/ul>\r\n\r\n<p>&nbsp;<\/p>\r\n[\/vc_column_text][\/vc_column][\/vc_row]<\/section>","protected":false},"excerpt":{"rendered":"<p>[vc_row][vc_column][vc_column_text] Wer und was ist die\u00a0poesiegalerie? Die\u00a0poesiegalerie\u00a0wurde 2018 von Udo Kawasser initiiert als Podium f\u00fcr die Pr\u00e4sentation der Vielfalt zeitgen\u00f6ssischer Lyrik in \u00d6sterreich und als Forum f\u00fcr Information, Austausch und Vernetzung. Die poesiegalerie wird vom Verein\u00a0poesiegalerie. verein zur f\u00f6rderung der zeitgen\u00f6ssischen dichtkunst getragen, zu dessen Gr\u00fcndungsmitgliedern im J\u00e4nner 2019 auch Peter Clar und Monika Vasik&hellip;<\/p>\n","protected":false},"author":1,"featured_media":0,"parent":0,"menu_order":0,"comment_status":"closed","ping_status":"closed","template":"","meta":[],"categories":[],"tags":[378],"yoast_head":"<!-- This site is optimized with the Yoast SEO plugin v20.6 - https:\/\/yoast.com\/wordpress\/plugins\/seo\/ -->\n<title>\u00dcber uns - Poesiegalerie<\/title>\n<meta name=\"robots\" content=\"index, follow, max-snippet:-1, max-image-preview:large, max-video-preview:-1\" \/>\n<link rel=\"canonical\" href=\"https:\/\/www.poesiegalerie.at\/wordpress\/ueber-uns\/\" \/>\n<meta property=\"og:locale\" content=\"de_DE\" \/>\n<meta property=\"og:type\" content=\"article\" \/>\n<meta property=\"og:title\" content=\"\u00dcber uns - Poesiegalerie\" \/>\n<meta property=\"og:description\" content=\"[vc_row][vc_column][vc_column_text] Wer und was ist die\u00a0poesiegalerie? Die\u00a0poesiegalerie\u00a0wurde 2018 von Udo Kawasser initiiert als Podium f\u00fcr die Pr\u00e4sentation der Vielfalt zeitgen\u00f6ssischer Lyrik in \u00d6sterreich und als Forum f\u00fcr Information, Austausch und Vernetzung. Die poesiegalerie wird vom Verein\u00a0poesiegalerie. verein zur f\u00f6rderung der zeitgen\u00f6ssischen dichtkunst getragen, zu dessen Gr\u00fcndungsmitgliedern im J\u00e4nner 2019 auch Peter Clar und Monika Vasik&hellip;\" \/>\n<meta property=\"og:url\" content=\"https:\/\/www.poesiegalerie.at\/wordpress\/ueber-uns\/\" \/>\n<meta property=\"og:site_name\" content=\"Poesiegalerie\" \/>\n<meta property=\"article:publisher\" content=\"https:\/\/facebook.com\/poesiegalerie\" \/>\n<meta property=\"article:modified_time\" content=\"2025-02-17T12:03:35+00:00\" \/>\n<meta name=\"twitter:card\" content=\"summary_large_image\" \/>\n<meta name=\"twitter:site\" content=\"@poesiegalerie\" \/>\n<meta name=\"twitter:label1\" content=\"Gesch\u00e4tzte Lesezeit\" \/>\n\t<meta name=\"twitter:data1\" content=\"3 Minuten\" \/>\n<script type=\"application\/ld+json\" class=\"yoast-schema-graph\">{\"@context\":\"https:\/\/schema.org\",\"@graph\":[{\"@type\":\"WebPage\",\"@id\":\"https:\/\/www.poesiegalerie.at\/wordpress\/ueber-uns\/\",\"url\":\"https:\/\/www.poesiegalerie.at\/wordpress\/ueber-uns\/\",\"name\":\"\u00dcber uns - Poesiegalerie\",\"isPartOf\":{\"@id\":\"https:\/\/www.poesiegalerie.at\/wordpress\/#website\"},\"datePublished\":\"2021-05-18T08:23:25+00:00\",\"dateModified\":\"2025-02-17T12:03:35+00:00\",\"breadcrumb\":{\"@id\":\"https:\/\/www.poesiegalerie.at\/wordpress\/ueber-uns\/#breadcrumb\"},\"inLanguage\":\"de-DE\",\"potentialAction\":[{\"@type\":\"ReadAction\",\"target\":[\"https:\/\/www.poesiegalerie.at\/wordpress\/ueber-uns\/\"]}]},{\"@type\":\"BreadcrumbList\",\"@id\":\"https:\/\/www.poesiegalerie.at\/wordpress\/ueber-uns\/#breadcrumb\",\"itemListElement\":[{\"@type\":\"ListItem\",\"position\":1,\"name\":\"Startseite\",\"item\":\"https:\/\/www.poesiegalerie.at\/wordpress\/\"},{\"@type\":\"ListItem\",\"position\":2,\"name\":\"\u00dcber uns\"}]},{\"@type\":\"WebSite\",\"@id\":\"https:\/\/www.poesiegalerie.at\/wordpress\/#website\",\"url\":\"https:\/\/www.poesiegalerie.at\/wordpress\/\",\"name\":\"Poesiegalerie\",\"description\":\"\",\"publisher\":{\"@id\":\"https:\/\/www.poesiegalerie.at\/wordpress\/#organization\"},\"potentialAction\":[{\"@type\":\"SearchAction\",\"target\":{\"@type\":\"EntryPoint\",\"urlTemplate\":\"https:\/\/www.poesiegalerie.at\/wordpress\/?s={search_term_string}\"},\"query-input\":\"required name=search_term_string\"}],\"inLanguage\":\"de-DE\"},{\"@type\":\"Organization\",\"@id\":\"https:\/\/www.poesiegalerie.at\/wordpress\/#organization\",\"name\":\"Poesiegalerie\",\"url\":\"https:\/\/www.poesiegalerie.at\/wordpress\/\",\"logo\":{\"@type\":\"ImageObject\",\"inLanguage\":\"de-DE\",\"@id\":\"https:\/\/www.poesiegalerie.at\/wordpress\/#\/schema\/logo\/image\/\",\"url\":\"https:\/\/www.poesiegalerie.at\/wordpress\/wp-content\/uploads\/2021\/01\/Logoquadrat-PG-1.png\",\"contentUrl\":\"https:\/\/www.poesiegalerie.at\/wordpress\/wp-content\/uploads\/2021\/01\/Logoquadrat-PG-1.png\",\"width\":512,\"height\":512,\"caption\":\"Poesiegalerie\"},\"image\":{\"@id\":\"https:\/\/www.poesiegalerie.at\/wordpress\/#\/schema\/logo\/image\/\"},\"sameAs\":[\"https:\/\/facebook.com\/poesiegalerie\",\"https:\/\/twitter.com\/poesiegalerie\",\"https:\/\/instagram.com\/poesiegalerie\",\"https:\/\/youtube.com\/channel\/UChHTsNTzMPzZpU8TfKP3dNQ\"]}]}<\/script>\n<!-- \/ Yoast SEO plugin. -->","yoast_head_json":{"title":"\u00dcber uns - Poesiegalerie","robots":{"index":"index","follow":"follow","max-snippet":"max-snippet:-1","max-image-preview":"max-image-preview:large","max-video-preview":"max-video-preview:-1"},"canonical":"https:\/\/www.poesiegalerie.at\/wordpress\/ueber-uns\/","og_locale":"de_DE","og_type":"article","og_title":"\u00dcber uns - Poesiegalerie","og_description":"[vc_row][vc_column][vc_column_text] Wer und was ist die\u00a0poesiegalerie? Die\u00a0poesiegalerie\u00a0wurde 2018 von Udo Kawasser initiiert als Podium f\u00fcr die Pr\u00e4sentation der Vielfalt zeitgen\u00f6ssischer Lyrik in \u00d6sterreich und als Forum f\u00fcr Information, Austausch und Vernetzung. Die poesiegalerie wird vom Verein\u00a0poesiegalerie. verein zur f\u00f6rderung der zeitgen\u00f6ssischen dichtkunst getragen, zu dessen Gr\u00fcndungsmitgliedern im J\u00e4nner 2019 auch Peter Clar und Monika Vasik&hellip;","og_url":"https:\/\/www.poesiegalerie.at\/wordpress\/ueber-uns\/","og_site_name":"Poesiegalerie","article_publisher":"https:\/\/facebook.com\/poesiegalerie","article_modified_time":"2025-02-17T12:03:35+00:00","twitter_card":"summary_large_image","twitter_site":"@poesiegalerie","twitter_misc":{"Gesch\u00e4tzte Lesezeit":"3 Minuten"},"schema":{"@context":"https:\/\/schema.org","@graph":[{"@type":"WebPage","@id":"https:\/\/www.poesiegalerie.at\/wordpress\/ueber-uns\/","url":"https:\/\/www.poesiegalerie.at\/wordpress\/ueber-uns\/","name":"\u00dcber uns - Poesiegalerie","isPartOf":{"@id":"https:\/\/www.poesiegalerie.at\/wordpress\/#website"},"datePublished":"2021-05-18T08:23:25+00:00","dateModified":"2025-02-17T12:03:35+00:00","breadcrumb":{"@id":"https:\/\/www.poesiegalerie.at\/wordpress\/ueber-uns\/#breadcrumb"},"inLanguage":"de-DE","potentialAction":[{"@type":"ReadAction","target":["https:\/\/www.poesiegalerie.at\/wordpress\/ueber-uns\/"]}]},{"@type":"BreadcrumbList","@id":"https:\/\/www.poesiegalerie.at\/wordpress\/ueber-uns\/#breadcrumb","itemListElement":[{"@type":"ListItem","position":1,"name":"Startseite","item":"https:\/\/www.poesiegalerie.at\/wordpress\/"},{"@type":"ListItem","position":2,"name":"\u00dcber uns"}]},{"@type":"WebSite","@id":"https:\/\/www.poesiegalerie.at\/wordpress\/#website","url":"https:\/\/www.poesiegalerie.at\/wordpress\/","name":"Poesiegalerie","description":"","publisher":{"@id":"https:\/\/www.poesiegalerie.at\/wordpress\/#organization"},"potentialAction":[{"@type":"SearchAction","target":{"@type":"EntryPoint","urlTemplate":"https:\/\/www.poesiegalerie.at\/wordpress\/?s={search_term_string}"},"query-input":"required name=search_term_string"}],"inLanguage":"de-DE"},{"@type":"Organization","@id":"https:\/\/www.poesiegalerie.at\/wordpress\/#organization","name":"Poesiegalerie","url":"https:\/\/www.poesiegalerie.at\/wordpress\/","logo":{"@type":"ImageObject","inLanguage":"de-DE","@id":"https:\/\/www.poesiegalerie.at\/wordpress\/#\/schema\/logo\/image\/","url":"https:\/\/www.poesiegalerie.at\/wordpress\/wp-content\/uploads\/2021\/01\/Logoquadrat-PG-1.png","contentUrl":"https:\/\/www.poesiegalerie.at\/wordpress\/wp-content\/uploads\/2021\/01\/Logoquadrat-PG-1.png","width":512,"height":512,"caption":"Poesiegalerie"},"image":{"@id":"https:\/\/www.poesiegalerie.at\/wordpress\/#\/schema\/logo\/image\/"},"sameAs":["https:\/\/facebook.com\/poesiegalerie","https:\/\/twitter.com\/poesiegalerie","https:\/\/instagram.com\/poesiegalerie","https:\/\/youtube.com\/channel\/UChHTsNTzMPzZpU8TfKP3dNQ"]}]}},"_links":{"self":[{"href":"https:\/\/www.poesiegalerie.at\/wordpress\/wp-json\/wp\/v2\/pages\/6796"}],"collection":[{"href":"https:\/\/www.poesiegalerie.at\/wordpress\/wp-json\/wp\/v2\/pages"}],"about":[{"href":"https:\/\/www.poesiegalerie.at\/wordpress\/wp-json\/wp\/v2\/types\/page"}],"author":[{"embeddable":true,"href":"https:\/\/www.poesiegalerie.at\/wordpress\/wp-json\/wp\/v2\/users\/1"}],"replies":[{"embeddable":true,"href":"https:\/\/www.poesiegalerie.at\/wordpress\/wp-json\/wp\/v2\/comments?post=6796"}],"version-history":[{"count":10,"href":"https:\/\/www.poesiegalerie.at\/wordpress\/wp-json\/wp\/v2\/pages\/6796\/revisions"}],"predecessor-version":[{"id":20794,"href":"https:\/\/www.poesiegalerie.at\/wordpress\/wp-json\/wp\/v2\/pages\/6796\/revisions\/20794"}],"wp:attachment":[{"href":"https:\/\/www.poesiegalerie.at\/wordpress\/wp-json\/wp\/v2\/media?parent=6796"}],"wp:term":[{"taxonomy":"category","embeddable":true,"href":"https:\/\/www.poesiegalerie.at\/wordpress\/wp-json\/wp\/v2\/categories?post=6796"},{"taxonomy":"post_tag","embeddable":true,"href":"https:\/\/www.poesiegalerie.at\/wordpress\/wp-json\/wp\/v2\/tags?post=6796"}],"curies":[{"name":"wp","href":"https:\/\/api.w.org\/{rel}","templated":true}]}}