{"id":7490,"date":"2021-08-17T09:54:30","date_gmt":"2021-08-17T07:54:30","guid":{"rendered":"https:\/\/www.poesiegalerie.at\/wordpress\/?page_id=7490"},"modified":"2025-08-30T19:10:54","modified_gmt":"2025-08-30T17:10:54","slug":"nagy-zsuka","status":"publish","type":"page","link":"https:\/\/www.poesiegalerie.at\/wordpress\/autor%e2%80%91innen-alte-seite\/nagy-zsuka\/","title":{"rendered":"Nagy Zsuka"},"content":{"rendered":"<section class=\"wpb-content-wrapper\">[vc_row][vc_column width=&#8220;2\/3&#8243;][vc_column_text css=&#8220;.vc_custom_1591810821563{margin-bottom: 10px !important;}&#8220;]\n<h4>Biografie<\/h4>\n[\/vc_column_text][vc_column_text]Studium der ungarischen Sprache und Literatur an der Hochschule Ny\u00edregyh\u00e1za und Universit\u00e4t Miskolc. Sie ist Dichterin und schreibt auch Kurzgeschichten und Ausstellungser\u00f6ffnungen. Sie glaubt an sch\u00f6ne Worte und Teilchenphysik. Sie liebt \u00dcbergangsgenres und die Durchl\u00e4ssigkeit zwischen den K\u00fcnsten.[\/vc_column_text][vc_column_text css=&#8220;.vc_custom_1592073008510{margin-bottom: 10px !important;}&#8220;]\n<h4>Ver\u00f6ffentlichungen<\/h4>\n[\/vc_column_text][vc_column_text]\n<ul>\n<li><em>Les.<\/em> <em>Judit k\u00f6nyve<\/em>. Gedichte. Mit Illustrationen von Borg de Nobel. Reihe Mersz K\u00f6nyvek (Mersz B\u00fccher) der Bada Dada Alap\u00edtv\u00e1ny (Stiftung), Budapest 2021<\/li>\n<li><em>Verspiktogramok \/ Verspiktogramme<\/em>. 13 Treks zweisprachig Ungarisch und Deutsch (\u00dcbersetzung: Marianna Bazs\u00f3n\u00e9 S\u0151r\u00e9s und G\u00fcnter Vallaster). Bike Poetry, Graphic Poetry, Graffiti Poetry. Lyrik: Nagy Zsuka. Grafik und Fanzine: Jofo. Ny\u00edregyh\u00e1za 2021<\/li>\n<li><em>Delej. <\/em>Gedichte. Orpheusz Verlag, Budapest 2020<\/li>\n<li><em>PIGMENT. <\/em>Gedichte. Mit Illustrationen von Erika N\u00e9meth. Orpheusz Verlag, Budapest 2018<\/li>\n<li><em>K\u00fcll\u0151k, s\u00e1vok <\/em>(Speichen, Spuren)<em>.<\/em> Mit Illustrationen von J\u00f3zsef Fekete (Jofo). Orpheusz Verlag, Budapest 2017<\/li>\n<li><em>M\u00e9gismarionett.<\/em> Gedichte. Parnasszus K\u00f6nyvek, Budapest 2008<\/li>\n<\/ul>\n<h5>Beitr\u00e4ge in Zeitschriften und Anthologien:<\/h5>\n<ul>\n<li>Sima Ehrentraut, Sergei Davydov, Zsuka Nagy, \u0141\u0119ko Zygmunt\u00f3wne, Alexandra Ksenofontova:<em> zeit \u00b7 brechen \u2014 Versatzst\u00fccke queerer\/trans* Dichtung : con\u00b7stel\u00b7la\u00b7tions 05<\/em>. \u00dcbersetzungen ins Deutsche von Ruth Altenhofer, Maria Buzhor, Agnieszka Koz\u0142owska, Pawel Matusz, Eva Z\u00e1dor. Textem Verlag, Hamburg 2025<\/li>\n<li><em>Toscana. Firenze. <\/em>Gedichte. Aus dem Ungarischen \u00fcbersetzt von Marianna Bazs\u00f3n\u00e9 S\u0151r\u00e9s. In: Marianna Bazs\u00f3n\u00e9 S\u0151r\u00e9s und G\u00fcnter Vallaster: <em>Aktuelle Literatur und Kunst aus Ny\u00edregyh\u00e1za: L\u00e1szl\u00f3 Csabai, J\u00f3zsef Fekete (Jofo), Zsuka Nagy, Andrea Z\u00e1mbori.<\/em> Beitrag zu: Arnulf Knafl und Renate Faistauer (Hg.):<em> Im Fremden schreiben.<\/em> Anthologie. Edition Atelier, Wien 2025<\/li>\n<li>Gabor G. Gyukics (Ed.):<em> They\u2019ll Be Good for Seed: Anthology of Contemporary Hungarian Poetry<\/em>. Trans. by Gabor Gyukics and Michael Castro. White Pine Press, Buffalo\/New York 2021<\/li>\n<li><em>5 Verspiktogramok,<\/em> gem. m. J\u00f3zsef Fekete (Jofo) In:<em>\u00a0Schriftlinien. Transmediale Poesie.<\/em> edition ch, Wien 2020<\/li>\n<li><em>nagyv\u00e9rk\u00f6r, nem geogr\u00e1fia, placebo<\/em>. In: B\u00e1rka XXVII, 4\/2019, B\u00e9k\u00e9scsaba<\/li>\n<li><em>Verspiktogramok. <\/em>Lyrik: Nagy Zsuka. Grafik: Jofo. In: A v\u00f6r\u00f6s postakocsi, Debrecen 2016<\/li>\n<\/ul>\n[\/vc_column_text][\/vc_column][vc_column width=&#8220;1\/3&#8243;][vc_single_image image=&#8220;7483&#8243; img_size=&#8220;full&#8220; css_animation=&#8220;fadeIn&#8220;][vc_column_text]\n<p style=\"text-align: right; margin-top: -35px;\"><strong>\u00a9 Lili Sz\u00e9kely<\/strong><\/p>\n[\/vc_column_text][vc_separator css=&#8220;.vc_custom_1591809399522{margin-bottom: 35px !important;}&#8220;][vc_column_text]\n<p style=\"text-align: center;\">* 1977 in Ny\u00edregyh\u00e1za (Ungarn)<\/p>\n[\/vc_column_text][\/vc_column][\/vc_row][vc_section css=&#8220;.vc_custom_1591810938586{margin-top: 35px !important;}&#8220;][vc_row][vc_column]\t<div class=\"thb_title  style1  \" id=\"thb-title-69eb6235c2188\">\n\t<div class=\"thb_title_inner\">\n\t\t\t\t<svg version=\"1.1\" class=\"left_brackets\" xmlns=\"http:\/\/www.w3.org\/2000\/svg\" xmlns:xlink=\"http:\/\/www.w3.org\/1999\/xlink\" x=\"0px\" y=\"0px\"\r\n\t width=\"9px\" height=\"41px\" viewBox=\"0 0 9 41.5\" enable-background=\"new 0 0 9 41\" xml:space=\"preserve\">\r\n\t<path fill-rule=\"evenodd\" clip-rule=\"evenodd\" d=\"M8.932,2.101C8.35,1.803,7.755,1.377,7.093,1.185\r\n\t\tC4.735,0.501,3.077,2.059,2.557,4.512c-0.409,1.926,0.018,3.794,0.431,5.662c0.329,1.484,0.669,2.966,0.966,4.458\r\n\t\tc0.102,0.511,0.12,1.046,0.114,1.569c-0.018,1.876-0.77,3.303-2.681,4.073c2.614,1.149,2.975,3.284,2.56,5.675\r\n\t\tc-0.417,2.395-1.016,4.758-1.431,7.153C2.362,33.982,2.4,34.93,2.53,35.821c0.444,3.047,3.293,5.085,6.148,2.723\r\n\t\tC8.756,38.479,8.848,38.431,9,38.331c-1.102,1.964-3.579,2.703-5.296,1.951c-2.036-0.892-3.179-2.438-3.271-4.678\r\n\t\tc-0.087-2.105,0.488-4.104,1.052-6.104c0.429-1.515,0.866-3.033,1.155-4.576c0.423-2.255-0.472-3.747-2.64-4.6\r\n\t\tc0.478-0.263,0.963-0.449,1.351-0.758c1.226-0.979,1.607-2.327,1.307-3.797c-0.358-1.756-0.939-3.467-1.302-5.223\r\n\t\tC0.972,8.688,0.554,6.808,0.475,4.923C0.388,2.834,1.58,1.315,3.445,0.405C5.412-0.554,7.894,0.26,8.932,2.101z\"\/>\r\n<\/svg>\r\n\t\t<h2>Beitr\u00e4ge<\/h2>\n\t\t<svg version=\"1.1\" class=\"right_brackets\" xmlns=\"http:\/\/www.w3.org\/2000\/svg\" xmlns:xlink=\"http:\/\/www.w3.org\/1999\/xlink\" x=\"0px\" y=\"0px\"\r\n\t width=\"9px\" height=\"41px\" viewBox=\"0 0 9 41.5\" enable-background=\"new 0 0 9 41\" xml:space=\"preserve\">\r\n\t<path fill-rule=\"evenodd\" clip-rule=\"evenodd\" d=\"M0.068,2.101C0.65,1.803,1.245,1.377,1.907,1.185\r\n\t\tc2.357-0.683,4.016,0.874,4.536,3.328c0.409,1.926-0.018,3.794-0.431,5.662c-0.329,1.484-0.669,2.966-0.966,4.458\r\n\t\tc-0.102,0.511-0.12,1.046-0.114,1.569c0.018,1.876,0.77,3.303,2.681,4.073c-2.614,1.149-2.975,3.284-2.56,5.675\r\n\t\tc0.417,2.395,1.016,4.758,1.431,7.153c0.153,0.881,0.115,1.828-0.015,2.72c-0.444,3.047-3.293,5.085-6.148,2.723\r\n\t\tC0.244,38.479,0.152,38.431,0,38.331c1.102,1.964,3.579,2.703,5.296,1.951c2.036-0.892,3.179-2.438,3.271-4.678\r\n\t\tc0.087-2.105-0.488-4.104-1.052-6.104c-0.429-1.515-0.866-3.033-1.155-4.576c-0.423-2.255,0.472-3.747,2.64-4.6\r\n\t\tc-0.478-0.263-0.963-0.449-1.351-0.758c-1.226-0.979-1.607-2.327-1.307-3.797c0.358-1.756,0.939-3.467,1.302-5.223\r\n\t\tc0.384-1.859,0.802-3.739,0.881-5.624C8.612,2.834,7.42,1.315,5.555,0.405C3.588-0.554,1.106,0.26,0.068,2.101z\"\/>\r\n<\/svg>\r\n\t\t\t<\/div>\n\t\t\t<\/div>\n\t[\/vc_column][\/vc_row][vc_row][vc_column]\t\t<div class=\"thb-carousel thb-post-carousel thb-post-carousel-style5     center-arrows no-padding large-arrows   \" data-columns=\"3\" data-pagination=\"true\" data-navigation=\"true\" data-autoplay=\"true\" data-autoplay-speed=\"4000\" data-infinite=\"true\">\n\t\t\t\t\t\t\t<div class=\"columns\">\n\t\t\t\t\t\t\t\t\t\t\t\t\t\t\t\t\t\t\t\t\t\t\t\t\t\t\t\t\t\t\t<div class=\"post style12 featured-style featured-overflow center-contents post-8242 type-post status-publish format-standard has-post-thumbnail hentry category-transmediale-poesiegalerie-2021 tag-jozsef-fekete-jofo tag-marianna-bazsone-sores tag-transmediale-poesiegalerie-2021 tag-zsuka-nagy\">\n  <figure class=\"post-gallery thb-parallax\" data-video=\"mp4:\">\n    <img width=\"740\" height=\"710\" src=\"https:\/\/www.poesiegalerie.at\/wordpress\/wp-content\/uploads\/2021\/10\/jofo_nagy_exponat-20x19.jpg\" class=\"attachment-theissue-square-x2 size-theissue-square-x2 thb-lazyload lazyload wp-post-image\" alt=\"\" decoding=\"async\" loading=\"lazy\" sizes=\"(max-width: 740px) 100vw, 740px\" data-src=\"https:\/\/www.poesiegalerie.at\/wordpress\/wp-content\/uploads\/2021\/10\/jofo_nagy_exponat-740x710.jpg\" data-sizes=\"auto\" data-srcset=\"https:\/\/www.poesiegalerie.at\/wordpress\/wp-content\/uploads\/2021\/10\/jofo_nagy_exponat-740x710.jpg 740w, https:\/\/www.poesiegalerie.at\/wordpress\/wp-content\/uploads\/2021\/10\/jofo_nagy_exponat-370x355.jpg 370w, https:\/\/www.poesiegalerie.at\/wordpress\/wp-content\/uploads\/2021\/10\/jofo_nagy_exponat-20x19.jpg 20w\" \/>  <\/figure>\n  <div class=\"post-inner-content\">\n    <div class=\"post-overflow-content\">\n      \t\t<aside class=\"post-category \">\n\t\t\t\t\t<\/aside>\n\t\t      <div class=\"post-title\"><h4><a href=\"https:\/\/www.poesiegalerie.at\/wordpress\/2021\/10\/09\/jozsef-fekete-jofo-zsuka-nagy\/\" title=\"Zsuka Nagy \/ J\u00f3zsef Fekete (Jofo)\"><span>Zsuka Nagy \/ J\u00f3zsef Fekete (Jofo)<\/span><\/a><\/h4><\/div>      \t\t\t\t<aside class=\"thb-post-bottom\">\n\t\t\t\t\t\t<ul>\n\t\t\t\t\t\t\t\t<li class=\"post-date\">9. Oktober 2021<\/li>\n\t\t\t\t\t\t\t\t\t\t\t\t<li class=\"post-read\">1 min Read<\/li>\n\t\t\t\t\t\t\t\t\t\t\t<\/ul>\n\t\t<\/aside>\n\t\t      <a href=\"https:\/\/www.poesiegalerie.at\/wordpress\/2021\/10\/09\/jozsef-fekete-jofo-zsuka-nagy\/\" class=\"featured-read-more\">Read More<\/a>\n    <\/div>\n  <\/div>\n<\/div>\t\t\t\t\t\t\t\t\t\t\t\t\t\t\t\t\t\t\t<\/div>\n\t\t\t\t\t\t\t<div class=\"columns\">\n\t\t\t\t\t\t\t\t\t\t\t\t\t\t\t\t\t\t\t\t\t\t\t\t\t\t\t\t\t\t\t<div class=\"post style12 featured-style featured-overflow center-contents post-8113 type-post status-publish format-standard has-post-thumbnail hentry category-poesiegalerie category-poesiegalerie-2021 tag-alexander-peer tag-alfred-gesswein tag-anatol-knotek tag-andreas-unterweger tag-birgit-schwaner tag-christian-teissl tag-cornelia-travnicek tag-gerhard-ruiss tag-guenter-vallaster tag-heike-fiedler tag-isabella-feimer tag-jorg-piringer tag-jozsef-fekete-jofo tag-maria-corejova tag-markus-koehle tag-martin-kubaczek tag-michaela-hinterleitner tag-monika-vasik tag-paul-schoemann tag-peter-clar tag-rhea-krcmarova tag-richard-kitta tag-rudolf-kraus tag-stefan-schmitzer tag-timo-brandt tag-udo-kawasser tag-united-queendoms tag-wolfgang-helmhart tag-zsuka-nagy tag-zuzana-husarova\">\n  <figure class=\"post-gallery thb-parallax\" data-video=\"mp4:\">\n    <img width=\"740\" height=\"710\" src=\"https:\/\/www.poesiegalerie.at\/wordpress\/wp-content\/uploads\/2021\/10\/PG-Tag-1-20x19.png\" class=\"attachment-theissue-square-x2 size-theissue-square-x2 thb-lazyload lazyload wp-post-image\" alt=\"\" decoding=\"async\" loading=\"lazy\" sizes=\"(max-width: 740px) 100vw, 740px\" data-src=\"https:\/\/www.poesiegalerie.at\/wordpress\/wp-content\/uploads\/2021\/10\/PG-Tag-1-740x710.png\" data-sizes=\"auto\" data-srcset=\"https:\/\/www.poesiegalerie.at\/wordpress\/wp-content\/uploads\/2021\/10\/PG-Tag-1-740x710.png 740w, https:\/\/www.poesiegalerie.at\/wordpress\/wp-content\/uploads\/2021\/10\/PG-Tag-1-370x355.png 370w, https:\/\/www.poesiegalerie.at\/wordpress\/wp-content\/uploads\/2021\/10\/PG-Tag-1-20x19.png 20w\" \/>  <\/figure>\n  <div class=\"post-inner-content\">\n    <div class=\"post-overflow-content\">\n      \t\t<aside class=\"post-category \">\n\t\t\t\t\t<a href=\"https:\/\/www.poesiegalerie.at\/wordpress\/category\/poesiegalerie\/\" rel=\"category tag\">POESIEGALERIE<\/a>\n\t\t\t<\/aside>\n\t\t      <div class=\"post-title\"><h4><a href=\"https:\/\/www.poesiegalerie.at\/wordpress\/2021\/10\/08\/der-poesiegalerie-erster-tag\/\" title=\"Der vierten Poesiegalerie erster Tag\"><span>Der vierten Poesiegalerie erster Tag<\/span><\/a><\/h4><\/div>      \t\t\t\t<aside class=\"thb-post-bottom\">\n\t\t\t\t\t\t<ul>\n\t\t\t\t\t\t\t\t<li class=\"post-date\">8. Oktober 2021<\/li>\n\t\t\t\t\t\t\t\t\t\t\t\t<li class=\"post-read\">8 mins Read<\/li>\n\t\t\t\t\t\t\t\t\t\t\t<\/ul>\n\t\t<\/aside>\n\t\t      <a href=\"https:\/\/www.poesiegalerie.at\/wordpress\/2021\/10\/08\/der-poesiegalerie-erster-tag\/\" class=\"featured-read-more\">Read More<\/a>\n    <\/div>\n  <\/div>\n<\/div>\t\t\t\t\t\t\t\t\t\t\t\t\t\t\t\t\t\t\t<\/div>\n\t\t\t\t\t\t\t\t<\/div>\n\t\t[\/vc_column][\/vc_row][\/vc_section]\n<\/section>","protected":false},"excerpt":{"rendered":"<p>[vc_row][vc_column width=&#8220;2\/3&#8243;][vc_column_text css=&#8220;.vc_custom_1591810821563{margin-bottom: 10px !important;}&#8220;] Biografie [\/vc_column_text][vc_column_text]Studium der ungarischen Sprache und Literatur an der Hochschule Ny\u00edregyh\u00e1za und Universit\u00e4t Miskolc. Sie ist Dichterin und schreibt auch Kurzgeschichten und Ausstellungser\u00f6ffnungen. Sie glaubt an sch\u00f6ne Worte und Teilchenphysik. Sie liebt \u00dcbergangsgenres und die Durchl\u00e4ssigkeit zwischen den K\u00fcnsten.[\/vc_column_text][vc_column_text css=&#8220;.vc_custom_1592073008510{margin-bottom: 10px !important;}&#8220;] Ver\u00f6ffentlichungen [\/vc_column_text][vc_column_text] Les. Judit k\u00f6nyve. Gedichte. Mit Illustrationen&hellip;<\/p>\n","protected":false},"author":7,"featured_media":7483,"parent":1009,"menu_order":0,"comment_status":"closed","ping_status":"closed","template":"","meta":[],"categories":[103],"tags":[134,392],"yoast_head":"<!-- This site is optimized with the Yoast SEO plugin v20.6 - https:\/\/yoast.com\/wordpress\/plugins\/seo\/ -->\n<title>Nagy Zsuka - Poesiegalerie<\/title>\n<meta name=\"robots\" content=\"index, follow, max-snippet:-1, max-image-preview:large, max-video-preview:-1\" \/>\n<link rel=\"canonical\" href=\"https:\/\/www.poesiegalerie.at\/wordpress\/autor\u2011innen-alte-seite\/nagy-zsuka\/\" \/>\n<meta property=\"og:locale\" content=\"de_DE\" \/>\n<meta property=\"og:type\" content=\"article\" \/>\n<meta property=\"og:title\" content=\"Nagy Zsuka - Poesiegalerie\" \/>\n<meta property=\"og:description\" content=\"[vc_row][vc_column width=&#8220;2\/3&#8243;][vc_column_text css=&#8220;.vc_custom_1591810821563{margin-bottom: 10px !important;}&#8220;] Biografie [\/vc_column_text][vc_column_text]Studium der ungarischen Sprache und Literatur an der Hochschule Ny\u00edregyh\u00e1za und Universit\u00e4t Miskolc. Sie ist Dichterin und schreibt auch Kurzgeschichten und Ausstellungser\u00f6ffnungen. Sie glaubt an sch\u00f6ne Worte und Teilchenphysik. Sie liebt \u00dcbergangsgenres und die Durchl\u00e4ssigkeit zwischen den K\u00fcnsten.[\/vc_column_text][vc_column_text css=&#8220;.vc_custom_1592073008510{margin-bottom: 10px !important;}&#8220;] Ver\u00f6ffentlichungen [\/vc_column_text][vc_column_text] Les. Judit k\u00f6nyve. Gedichte. Mit Illustrationen&hellip;\" \/>\n<meta property=\"og:url\" content=\"https:\/\/www.poesiegalerie.at\/wordpress\/autor\u2011innen-alte-seite\/nagy-zsuka\/\" \/>\n<meta property=\"og:site_name\" content=\"Poesiegalerie\" \/>\n<meta property=\"article:publisher\" content=\"https:\/\/facebook.com\/poesiegalerie\" \/>\n<meta property=\"article:modified_time\" content=\"2025-08-30T17:10:54+00:00\" \/>\n<meta property=\"og:image\" content=\"https:\/\/www.poesiegalerie.at\/wordpress\/wp-content\/uploads\/2021\/08\/Zsuka_Nagy_c_Szekely_Lili.jpg\" \/>\n\t<meta property=\"og:image:width\" content=\"1500\" \/>\n\t<meta property=\"og:image:height\" content=\"1500\" \/>\n\t<meta property=\"og:image:type\" content=\"image\/jpeg\" \/>\n<meta name=\"twitter:card\" content=\"summary_large_image\" \/>\n<meta name=\"twitter:site\" content=\"@poesiegalerie\" \/>\n<meta name=\"twitter:label1\" content=\"Gesch\u00e4tzte Lesezeit\" \/>\n\t<meta name=\"twitter:data1\" content=\"2 Minuten\" \/>\n<script type=\"application\/ld+json\" class=\"yoast-schema-graph\">{\"@context\":\"https:\/\/schema.org\",\"@graph\":[{\"@type\":\"WebPage\",\"@id\":\"https:\/\/www.poesiegalerie.at\/wordpress\/autor%e2%80%91innen-alte-seite\/nagy-zsuka\/\",\"url\":\"https:\/\/www.poesiegalerie.at\/wordpress\/autor%e2%80%91innen-alte-seite\/nagy-zsuka\/\",\"name\":\"Nagy Zsuka - Poesiegalerie\",\"isPartOf\":{\"@id\":\"https:\/\/www.poesiegalerie.at\/wordpress\/#website\"},\"datePublished\":\"2021-08-17T07:54:30+00:00\",\"dateModified\":\"2025-08-30T17:10:54+00:00\",\"breadcrumb\":{\"@id\":\"https:\/\/www.poesiegalerie.at\/wordpress\/autor%e2%80%91innen-alte-seite\/nagy-zsuka\/#breadcrumb\"},\"inLanguage\":\"de-DE\",\"potentialAction\":[{\"@type\":\"ReadAction\",\"target\":[\"https:\/\/www.poesiegalerie.at\/wordpress\/autor%e2%80%91innen-alte-seite\/nagy-zsuka\/\"]}]},{\"@type\":\"BreadcrumbList\",\"@id\":\"https:\/\/www.poesiegalerie.at\/wordpress\/autor%e2%80%91innen-alte-seite\/nagy-zsuka\/#breadcrumb\",\"itemListElement\":[{\"@type\":\"ListItem\",\"position\":1,\"name\":\"Startseite\",\"item\":\"https:\/\/www.poesiegalerie.at\/wordpress\/\"},{\"@type\":\"ListItem\",\"position\":2,\"name\":\"Autor*innen &#8211; Alte Seite\",\"item\":\"https:\/\/www.poesiegalerie.at\/wordpress\/autor%e2%80%91innen-alte-seite\/\"},{\"@type\":\"ListItem\",\"position\":3,\"name\":\"Nagy Zsuka\"}]},{\"@type\":\"WebSite\",\"@id\":\"https:\/\/www.poesiegalerie.at\/wordpress\/#website\",\"url\":\"https:\/\/www.poesiegalerie.at\/wordpress\/\",\"name\":\"Poesiegalerie\",\"description\":\"\",\"publisher\":{\"@id\":\"https:\/\/www.poesiegalerie.at\/wordpress\/#organization\"},\"potentialAction\":[{\"@type\":\"SearchAction\",\"target\":{\"@type\":\"EntryPoint\",\"urlTemplate\":\"https:\/\/www.poesiegalerie.at\/wordpress\/?s={search_term_string}\"},\"query-input\":\"required name=search_term_string\"}],\"inLanguage\":\"de-DE\"},{\"@type\":\"Organization\",\"@id\":\"https:\/\/www.poesiegalerie.at\/wordpress\/#organization\",\"name\":\"Poesiegalerie\",\"url\":\"https:\/\/www.poesiegalerie.at\/wordpress\/\",\"logo\":{\"@type\":\"ImageObject\",\"inLanguage\":\"de-DE\",\"@id\":\"https:\/\/www.poesiegalerie.at\/wordpress\/#\/schema\/logo\/image\/\",\"url\":\"https:\/\/www.poesiegalerie.at\/wordpress\/wp-content\/uploads\/2021\/01\/Logoquadrat-PG-1.png\",\"contentUrl\":\"https:\/\/www.poesiegalerie.at\/wordpress\/wp-content\/uploads\/2021\/01\/Logoquadrat-PG-1.png\",\"width\":512,\"height\":512,\"caption\":\"Poesiegalerie\"},\"image\":{\"@id\":\"https:\/\/www.poesiegalerie.at\/wordpress\/#\/schema\/logo\/image\/\"},\"sameAs\":[\"https:\/\/facebook.com\/poesiegalerie\",\"https:\/\/twitter.com\/poesiegalerie\",\"https:\/\/instagram.com\/poesiegalerie\",\"https:\/\/youtube.com\/channel\/UChHTsNTzMPzZpU8TfKP3dNQ\"]}]}<\/script>\n<!-- \/ Yoast SEO plugin. -->","yoast_head_json":{"title":"Nagy Zsuka - Poesiegalerie","robots":{"index":"index","follow":"follow","max-snippet":"max-snippet:-1","max-image-preview":"max-image-preview:large","max-video-preview":"max-video-preview:-1"},"canonical":"https:\/\/www.poesiegalerie.at\/wordpress\/autor\u2011innen-alte-seite\/nagy-zsuka\/","og_locale":"de_DE","og_type":"article","og_title":"Nagy Zsuka - Poesiegalerie","og_description":"[vc_row][vc_column width=&#8220;2\/3&#8243;][vc_column_text css=&#8220;.vc_custom_1591810821563{margin-bottom: 10px !important;}&#8220;] Biografie [\/vc_column_text][vc_column_text]Studium der ungarischen Sprache und Literatur an der Hochschule Ny\u00edregyh\u00e1za und Universit\u00e4t Miskolc. Sie ist Dichterin und schreibt auch Kurzgeschichten und Ausstellungser\u00f6ffnungen. Sie glaubt an sch\u00f6ne Worte und Teilchenphysik. Sie liebt \u00dcbergangsgenres und die Durchl\u00e4ssigkeit zwischen den K\u00fcnsten.[\/vc_column_text][vc_column_text css=&#8220;.vc_custom_1592073008510{margin-bottom: 10px !important;}&#8220;] Ver\u00f6ffentlichungen [\/vc_column_text][vc_column_text] Les. Judit k\u00f6nyve. Gedichte. Mit Illustrationen&hellip;","og_url":"https:\/\/www.poesiegalerie.at\/wordpress\/autor\u2011innen-alte-seite\/nagy-zsuka\/","og_site_name":"Poesiegalerie","article_publisher":"https:\/\/facebook.com\/poesiegalerie","article_modified_time":"2025-08-30T17:10:54+00:00","og_image":[{"width":1500,"height":1500,"url":"https:\/\/www.poesiegalerie.at\/wordpress\/wp-content\/uploads\/2021\/08\/Zsuka_Nagy_c_Szekely_Lili.jpg","type":"image\/jpeg"}],"twitter_card":"summary_large_image","twitter_site":"@poesiegalerie","twitter_misc":{"Gesch\u00e4tzte Lesezeit":"2 Minuten"},"schema":{"@context":"https:\/\/schema.org","@graph":[{"@type":"WebPage","@id":"https:\/\/www.poesiegalerie.at\/wordpress\/autor%e2%80%91innen-alte-seite\/nagy-zsuka\/","url":"https:\/\/www.poesiegalerie.at\/wordpress\/autor%e2%80%91innen-alte-seite\/nagy-zsuka\/","name":"Nagy Zsuka - Poesiegalerie","isPartOf":{"@id":"https:\/\/www.poesiegalerie.at\/wordpress\/#website"},"datePublished":"2021-08-17T07:54:30+00:00","dateModified":"2025-08-30T17:10:54+00:00","breadcrumb":{"@id":"https:\/\/www.poesiegalerie.at\/wordpress\/autor%e2%80%91innen-alte-seite\/nagy-zsuka\/#breadcrumb"},"inLanguage":"de-DE","potentialAction":[{"@type":"ReadAction","target":["https:\/\/www.poesiegalerie.at\/wordpress\/autor%e2%80%91innen-alte-seite\/nagy-zsuka\/"]}]},{"@type":"BreadcrumbList","@id":"https:\/\/www.poesiegalerie.at\/wordpress\/autor%e2%80%91innen-alte-seite\/nagy-zsuka\/#breadcrumb","itemListElement":[{"@type":"ListItem","position":1,"name":"Startseite","item":"https:\/\/www.poesiegalerie.at\/wordpress\/"},{"@type":"ListItem","position":2,"name":"Autor*innen &#8211; Alte Seite","item":"https:\/\/www.poesiegalerie.at\/wordpress\/autor%e2%80%91innen-alte-seite\/"},{"@type":"ListItem","position":3,"name":"Nagy Zsuka"}]},{"@type":"WebSite","@id":"https:\/\/www.poesiegalerie.at\/wordpress\/#website","url":"https:\/\/www.poesiegalerie.at\/wordpress\/","name":"Poesiegalerie","description":"","publisher":{"@id":"https:\/\/www.poesiegalerie.at\/wordpress\/#organization"},"potentialAction":[{"@type":"SearchAction","target":{"@type":"EntryPoint","urlTemplate":"https:\/\/www.poesiegalerie.at\/wordpress\/?s={search_term_string}"},"query-input":"required name=search_term_string"}],"inLanguage":"de-DE"},{"@type":"Organization","@id":"https:\/\/www.poesiegalerie.at\/wordpress\/#organization","name":"Poesiegalerie","url":"https:\/\/www.poesiegalerie.at\/wordpress\/","logo":{"@type":"ImageObject","inLanguage":"de-DE","@id":"https:\/\/www.poesiegalerie.at\/wordpress\/#\/schema\/logo\/image\/","url":"https:\/\/www.poesiegalerie.at\/wordpress\/wp-content\/uploads\/2021\/01\/Logoquadrat-PG-1.png","contentUrl":"https:\/\/www.poesiegalerie.at\/wordpress\/wp-content\/uploads\/2021\/01\/Logoquadrat-PG-1.png","width":512,"height":512,"caption":"Poesiegalerie"},"image":{"@id":"https:\/\/www.poesiegalerie.at\/wordpress\/#\/schema\/logo\/image\/"},"sameAs":["https:\/\/facebook.com\/poesiegalerie","https:\/\/twitter.com\/poesiegalerie","https:\/\/instagram.com\/poesiegalerie","https:\/\/youtube.com\/channel\/UChHTsNTzMPzZpU8TfKP3dNQ"]}]}},"_links":{"self":[{"href":"https:\/\/www.poesiegalerie.at\/wordpress\/wp-json\/wp\/v2\/pages\/7490"}],"collection":[{"href":"https:\/\/www.poesiegalerie.at\/wordpress\/wp-json\/wp\/v2\/pages"}],"about":[{"href":"https:\/\/www.poesiegalerie.at\/wordpress\/wp-json\/wp\/v2\/types\/page"}],"author":[{"embeddable":true,"href":"https:\/\/www.poesiegalerie.at\/wordpress\/wp-json\/wp\/v2\/users\/7"}],"replies":[{"embeddable":true,"href":"https:\/\/www.poesiegalerie.at\/wordpress\/wp-json\/wp\/v2\/comments?post=7490"}],"version-history":[{"count":17,"href":"https:\/\/www.poesiegalerie.at\/wordpress\/wp-json\/wp\/v2\/pages\/7490\/revisions"}],"predecessor-version":[{"id":22392,"href":"https:\/\/www.poesiegalerie.at\/wordpress\/wp-json\/wp\/v2\/pages\/7490\/revisions\/22392"}],"up":[{"embeddable":true,"href":"https:\/\/www.poesiegalerie.at\/wordpress\/wp-json\/wp\/v2\/pages\/1009"}],"wp:featuredmedia":[{"embeddable":true,"href":"https:\/\/www.poesiegalerie.at\/wordpress\/wp-json\/wp\/v2\/media\/7483"}],"wp:attachment":[{"href":"https:\/\/www.poesiegalerie.at\/wordpress\/wp-json\/wp\/v2\/media?parent=7490"}],"wp:term":[{"taxonomy":"category","embeddable":true,"href":"https:\/\/www.poesiegalerie.at\/wordpress\/wp-json\/wp\/v2\/categories?post=7490"},{"taxonomy":"post_tag","embeddable":true,"href":"https:\/\/www.poesiegalerie.at\/wordpress\/wp-json\/wp\/v2\/tags?post=7490"}],"curies":[{"name":"wp","href":"https:\/\/api.w.org\/{rel}","templated":true}]}}